{"id":2712,"date":"2022-10-06T05:02:16","date_gmt":"2022-10-06T07:02:16","guid":{"rendered":"https:\/\/tinesrail.com\/ru\/?page_id=2712"},"modified":"2024-04-14T09:18:39","modified_gmt":"2024-04-14T11:18:39","slug":"maty-wibroizolacyjne-tines","status":"publish","type":"page","link":"https:\/\/tinesrail.com\/ru\/produkty-i-systemy\/maty-wibroizolacyjne-tines\/","title":{"rendered":"\u0412\u0438\u0431\u0440\u043e\u0438\u0437\u043e\u043b\u044f\u0446\u0438\u043e\u043d\u043d\u044b\u0435 \u043c\u0430\u0442\u044b TINES\u00ae"},"content":{"rendered":"<p><div class=\"fusion-fullwidth fullwidth-box fusion-builder-row-1 fusion-flex-container has-pattern-background has-mask-background nonhundred-percent-fullwidth non-hundred-percent-height-scrolling\" style=\"--awb-border-radius-top-left:0px;--awb-border-radius-top-right:0px;--awb-border-radius-bottom-right:0px;--awb-border-radius-bottom-left:0px;--awb-padding-right:0px;--awb-padding-left:0px;--awb-padding-right-medium:60px;--awb-padding-left-medium:60px;--awb-padding-right-small:35px;--awb-padding-left-small:35px;--awb-flex-wrap:wrap;\" ><div class=\"fusion-builder-row fusion-row fusion-flex-align-items-stretch fusion-flex-content-wrap\" style=\"max-width:calc( 1370px + 60px );margin-left: calc(-60px \/ 2 );margin-right: calc(-60px \/ 2 );\"><div class=\"fusion-layout-column fusion_builder_column fusion-builder-column-0 fusion_builder_column_1_1 1_1 fusion-flex-column\" style=\"--awb-bg-size:cover;--awb-width-large:100%;--awb-margin-top-large:0px;--awb-spacing-right-large:30px;--awb-margin-bottom-large:20px;--awb-spacing-left-large:30px;--awb-width-medium:100%;--awb-order-medium:0;--awb-spacing-right-medium:30px;--awb-spacing-left-medium:30px;--awb-width-small:100%;--awb-order-small:0;--awb-spacing-right-small:30px;--awb-spacing-left-small:30px;\"><div class=\"fusion-column-wrapper fusion-column-has-shadow fusion-flex-justify-content-flex-start fusion-content-layout-column\"><nav aria-label=\"breadcrumbs\">\n            <div class=\"breadcrumb-container theme1\">\n                <ol>\n                                    <\/ol>\n            <\/div>\n        <\/nav>    <script type=\"application\/ld+json\">\n        {\n            \"@context\": \"http:\/\/schema.org\",\n            \"@type\": \"BreadcrumbList\",\n            \"itemListElement\": [\n                            ]\n        }\n    <\/script>\n   \n    <script>\n            <\/script>\n<div class=\"fusion-separator fusion-full-width-sep\" style=\"align-self: center;margin-left: auto;margin-right: auto;margin-bottom:10px;width:100%;\"><div class=\"fusion-separator-border sep-double\" style=\"--awb-height:20px;--awb-amount:20px;--awb-sep-color:rgba(255,255,255,0);border-color:rgba(255,255,255,0);border-top-width:1px;border-bottom-width:1px;\"><\/div><\/div><div class=\"fusion-separator fusion-full-width-sep\" style=\"align-self: flex-start;margin-right:auto;width:100%;\"><div class=\"fusion-separator-border sep-single sep-solid\" style=\"--awb-height:20px;--awb-amount:20px;border-color:#e2e2e2;border-top-width:1px;\"><\/div><\/div><div class=\"fusion-separator fusion-full-width-sep\" style=\"align-self: center;margin-left: auto;margin-right: auto;margin-bottom:40px;width:100%;\"><div class=\"fusion-separator-border sep-double\" style=\"--awb-height:20px;--awb-amount:20px;--awb-sep-color:rgba(255,255,255,0);border-color:rgba(255,255,255,0);border-top-width:1px;border-bottom-width:1px;\"><\/div><\/div><\/div><\/div><\/div><\/div><div class=\"fusion-fullwidth fullwidth-box fusion-builder-row-2 fusion-flex-container has-pattern-background has-mask-background nonhundred-percent-fullwidth non-hundred-percent-height-scrolling\" style=\"--awb-border-radius-top-left:0px;--awb-border-radius-top-right:0px;--awb-border-radius-bottom-right:0px;--awb-border-radius-bottom-left:0px;--awb-padding-right:30px;--awb-padding-left:30px;--awb-flex-wrap:wrap;\" ><div class=\"fusion-builder-row fusion-row fusion-flex-align-items-flex-start fusion-flex-content-wrap\" style=\"max-width:1424.8px;margin-left: calc(-4% \/ 2 );margin-right: calc(-4% \/ 2 );\"><div class=\"fusion-layout-column fusion_builder_column fusion-builder-column-1 fusion_builder_column_1_1 1_1 fusion-flex-column\" style=\"--awb-bg-size:cover;--awb-width-large:100%;--awb-margin-top-large:0px;--awb-spacing-right-large:1.92%;--awb-margin-bottom-large:0px;--awb-spacing-left-large:1.92%;--awb-width-medium:100%;--awb-order-medium:0;--awb-spacing-right-medium:1.92%;--awb-margin-bottom-medium:60px;--awb-spacing-left-medium:1.92%;--awb-width-small:100%;--awb-order-small:0;--awb-spacing-right-small:1.92%;--awb-margin-bottom-small:40px;--awb-spacing-left-small:1.92%;\"><div class=\"fusion-column-wrapper fusion-column-has-shadow fusion-flex-justify-content-flex-start fusion-content-layout-column\"><div class=\"fusion-title title fusion-title-1 fusion-sep-none fusion-title-text fusion-title-size-one\" style=\"--awb-margin-top:0px;--awb-margin-top-small:10px;--awb-margin-right-small:0px;--awb-margin-bottom-small:10px;--awb-margin-left-small:0px;\"><h1 class=\"fusion-title-heading title-heading-left fusion-responsive-typography-calculated\" style=\"margin:0;--fontSize:60;line-height:1.16;\">\u0412\u0438\u0431\u0440\u043e\u0438\u0437\u043e\u043b\u044f\u0446\u0438\u043e\u043d\u043d\u044b\u0435 \u043c\u0430\u0442\u044b TINES<sup>\u00ae<\/sup><\/h1><\/div><\/div><\/div><div class=\"fusion-layout-column fusion_builder_column fusion-builder-column-2 fusion_builder_column_1_1 1_1 fusion-flex-column\" style=\"--awb-bg-size:cover;--awb-width-large:100%;--awb-margin-top-large:0px;--awb-spacing-right-large:1.92%;--awb-margin-bottom-large:20px;--awb-spacing-left-large:1.92%;--awb-width-medium:100%;--awb-order-medium:0;--awb-spacing-right-medium:1.92%;--awb-spacing-left-medium:1.92%;--awb-width-small:100%;--awb-order-small:0;--awb-spacing-right-small:1.92%;--awb-spacing-left-small:1.92%;\"><div class=\"fusion-column-wrapper fusion-column-has-shadow fusion-flex-justify-content-flex-start fusion-content-layout-column\"><div class=\"fusion-text fusion-text-1\"><p>\u0412 \u043f\u0440\u0435\u0434\u043b\u043e\u0436\u0435\u043d\u0438\u0435 \u0432\u0438\u0431\u0440\u043e\u0438\u0437\u043e\u043b\u044f\u0446\u0438\u043e\u043d\u043d\u044b\u0445 \u043c\u0430\u0442\u043e\u0432 TINES\u00ae \u0432\u0445\u043e\u0434\u044f\u0442 \u043c\u0430\u0442\u044b \u0438\u0437 \u043f\u043e\u043b\u0438\u0443\u0440\u0435\u0442\u0430\u043d\u043e\u0432\u043e\u0433\u043e \u043a\u043e\u043c\u043f\u043e\u0437\u0438\u0442\u0430 TINES\u00ae Polymat \u0438 \u043c\u0430\u0442\u044b \u0438\u0437 \u0440\u0435\u0437\u0438\u043d\u043e\u0432\u043e\u0433\u043e \u0433\u0440\u0430\u043d\u0443\u043b\u044f\u0442\u0430 TINES\u00ae Rubbermat, \u043f\u0440\u0435\u0434\u043d\u0430\u0437\u043d\u0430\u0447\u0435\u043d\u043d\u044b\u0435 \u0434\u043b\u044f \u0431\u0435\u0437\u0431\u0430\u043b\u043b\u0430\u0441\u0442\u043d\u044b\u0445 \u043a\u043e\u043d\u0441\u0442\u0440\u0443\u043a\u0446\u0438\u0439 \u0432\u0435\u0440\u0445\u043d\u0435\u0433\u043e \u0441\u0442\u0440\u043e\u0435\u043d\u0438\u044f \u043f\u0443\u0442\u0438 (STM) \u0438\u043b\u0438 \u043f\u043e\u0434\u0431\u0430\u043b\u043b\u0430\u0441\u0442\u043d\u044b\u0435 \u043c\u0430\u0442\u044b (SBM).<\/p>\n<ul>\n<li>\n<h4><a href=\"\/ru\/produkty-i-systemy\/maty-wibroizolacyjne-tines\/tines-polymat-stm\/\"><span style=\"text-decoration: underline;\">TINES\u00ae Polymat STM<\/span><\/a><\/h4>\n<\/li>\n<li>\n<h4><a href=\"\/ru\/produkty-i-systemy\/maty-wibroizolacyjne-tines\/tines-rubbermat-stm\/\"><span style=\"text-decoration: underline;\">TINES\u00ae Rubbermat STM<\/span><\/a><\/h4>\n<\/li>\n<\/ul>\n<\/div><div class=\"fusion-text fusion-text-2 fusion-no-small-visibility\"><div class=\"sketchfab-embed-wrapper\"><center><br \/>\n<iframe title=\"Maty podt\u0142uczniowe\" src=\"https:\/\/sketchfab.com\/models\/a6e9ecb15dbc47a6ba156f8769fbd30c\/embed?dnt=1\" width=\"640\" height=\"480\" frameborder=\"0\" allowfullscreen=\"allowfullscreen\"> <\/iframe><\/center><\/div>\n<\/div><div class=\"fusion-text fusion-text-3\"><ul>\n<li>\n<h4><span style=\"text-decoration: underline;\"><a href=\"\/ru\/produkty-i-systemy\/maty-wibroizolacyjne-tines\/tines-polymat-sbm\/\">TINES\u00ae Polymat SBM<\/a><\/span><\/h4>\n<\/li>\n<li>\n<h4><span style=\"text-decoration: underline;\"><a href=\"\/ru\/produkty-i-systemy\/maty-wibroizolacyjne-tines\/tines-rubbermat-sbm\/\">TINES\u00ae Rubbermat SBM<\/a><\/span><\/h4>\n<\/li>\n<\/ul>\n<\/div><div class=\"fusion-text fusion-text-4 fusion-no-small-visibility\"><div class=\"sketchfab-embed-wrapper\"><center><br \/>\n<iframe title=\"Maty podt\u0142uczniowe\" src=\"https:\/\/sketchfab.com\/models\/4ce969f4aab84e69af3459b92be6ab66\/embed?dnt=1\" width=\"640\" height=\"480\" frameborder=\"0\" allowfullscreen=\"allowfullscreen\"> <\/iframe><\/center><\/div>\n<\/div><div class=\"fusion-text fusion-text-5 fusion-no-medium-visibility fusion-no-large-visibility\"><div class=\"sketchfab-embed-wrapper\"><center><br \/>\n<iframe title=\"Maty podt\u0142uczniowe\" src=\"https:\/\/sketchfab.com\/models\/23f476a37a5142f787fa12846cbd90f8\/embed?dnt=1\" width=\"280\" height=\"210\" frameborder=\"0\" allowfullscreen=\"allowfullscreen\"> <\/iframe><\/center><\/div>\n<\/div><\/div><\/div><\/div><\/div><div class=\"fusion-fullwidth fullwidth-box fusion-builder-row-3 fusion-flex-container has-pattern-background has-mask-background nonhundred-percent-fullwidth non-hundred-percent-height-scrolling\" style=\"--awb-border-radius-top-left:0px;--awb-border-radius-top-right:0px;--awb-border-radius-bottom-right:0px;--awb-border-radius-bottom-left:0px;--awb-margin-top:3%;--awb-margin-bottom:3%;--awb-flex-wrap:wrap;\" ><div class=\"fusion-builder-row fusion-row fusion-flex-align-items-flex-start fusion-flex-content-wrap\" style=\"max-width:1424.8px;margin-left: calc(-4% \/ 2 );margin-right: calc(-4% \/ 2 );\"><div class=\"fusion-layout-column fusion_builder_column fusion-builder-column-3 fusion_builder_column_1_1 1_1 fusion-flex-column\" style=\"--awb-bg-size:cover;--awb-width-large:100%;--awb-margin-top-large:0px;--awb-spacing-right-large:1.92%;--awb-margin-bottom-large:20px;--awb-spacing-left-large:1.92%;--awb-width-medium:100%;--awb-order-medium:0;--awb-spacing-right-medium:1.92%;--awb-spacing-left-medium:1.92%;--awb-width-small:100%;--awb-order-small:0;--awb-spacing-right-small:1.92%;--awb-spacing-left-small:1.92%;\"><div class=\"fusion-column-wrapper fusion-column-has-shadow fusion-flex-justify-content-flex-start fusion-content-layout-column\"><div class=\"fusion-separator fusion-full-width-sep\" style=\"align-self: center;margin-left: auto;margin-right: auto;margin-top:1px;margin-bottom:1px;width:100%;\"><div class=\"fusion-separator-border sep-single sep-solid\" style=\"--awb-height:20px;--awb-amount:20px;border-color:#e2e2e2;border-top-width:1px;\"><\/div><\/div><\/div><\/div><\/div><\/div><div class=\"fusion-fullwidth fullwidth-box fusion-builder-row-4 fusion-flex-container has-pattern-background has-mask-background nonhundred-percent-fullwidth non-hundred-percent-height-scrolling\" style=\"--awb-border-radius-top-left:0px;--awb-border-radius-top-right:0px;--awb-border-radius-bottom-right:0px;--awb-border-radius-bottom-left:0px;--awb-padding-right:30px;--awb-padding-left:30px;--awb-margin-bottom:2%;--awb-flex-wrap:wrap;\" ><div class=\"fusion-builder-row fusion-row fusion-flex-align-items-flex-start fusion-flex-content-wrap\" style=\"max-width:1424.8px;margin-left: calc(-4% \/ 2 );margin-right: calc(-4% \/ 2 );\"><div class=\"fusion-layout-column fusion_builder_column fusion-builder-column-4 fusion_builder_column_1_1 1_1 fusion-flex-column\" style=\"--awb-bg-size:cover;--awb-width-large:100%;--awb-margin-top-large:0px;--awb-spacing-right-large:1.92%;--awb-margin-bottom-large:20px;--awb-spacing-left-large:1.92%;--awb-width-medium:100%;--awb-order-medium:0;--awb-spacing-right-medium:1.92%;--awb-spacing-left-medium:1.92%;--awb-width-small:100%;--awb-order-small:0;--awb-spacing-right-small:1.92%;--awb-spacing-left-small:1.92%;\"><div class=\"fusion-column-wrapper fusion-column-has-shadow fusion-flex-justify-content-flex-start fusion-content-layout-column\"><div class=\"fusion-text fusion-text-6\"><p>Wzrastaj\u0105ca \u015bwiadomo\u015b\u0107 spo\u0142ecze\u0144stwa na temat ekologii i ochrony \u015brodowiska, wp\u0142yn\u0119\u0142a na dostrze\u017cenie wa\u017cnego aspektu, jakim jest ochrona otoczenia przed negatywnym wp\u0142ywem ha\u0142asu i wibracji.<\/p>\n<p>W nawierzchniach dr\u00f3g szynowych drgania i ha\u0142as generowane s\u0105 przez przeje\u017cd\u017caj\u0105ce pojazdy na styku ko\u0142o-szyna, szyna-podtorze. Wzbudzone wibracje maj\u0105 niekorzystny wp\u0142yw na otoczenie, przede wszystkim na budynki znajduj\u0105ce si\u0119 w s\u0105siedztwie eksploatowanych linii kolejowych, tramwajowych i metra oraz na ludzi w nich przebywaj\u0105cych.<\/p>\n<p>Intensywno\u015b\u0107 odczuwalnych drga\u0144 oraz poziom ha\u0142asu w budynkach zale\u017cy g\u0142ownie od odleg\u0142o\u015bci budynku od toru, po kt\u00f3rym odbywa si\u0119 ruch, ale tak\u017ce od warunk\u00f3w gruntowych: sztywno\u015bci gruntu, g\u0119sto\u015bci gruntu, rodzaju warstwy gleb i ska\u0142, z kt\u00f3rych si\u0119 sk\u0142ada oraz obecno\u015bci w\u00f3d gruntowych. Zale\u017cy tak\u017ce od stanu konstrukcji budynku, wymiar\u00f3w, g\u0142\u0119boko\u015bci posadowienia fundament\u00f3w, stanu technicznego konstrukcji \u015bcian oraz strop\u00f3w.<\/p>\n<p>Problem <strong>wibracji<\/strong> wyst\u0119puje zw\u0142aszcza w miastach, w obszarach \u015bcis\u0142ej zabudowy, cz\u0119sto zabytkowej, kt\u00f3rych konstrukcja mo\u017ce by\u0107 bardzo wra\u017cliwa na destrukcyjny wp\u0142yw drga\u0144. Wibracje stanowi\u0105 dodatkowe obci\u0105\u017cenie konstrukcji obiekt\u00f3w in\u017cynieryjnych &#8212; tuneli, most\u00f3w, wiadukt\u00f3w, przyczyniaj\u0105 si\u0119 do pogorszenia stanu dr\u00f3g szynowych, m.in.: mo\u017cna zaobserwowa\u0107 niszczenie warstwy podsypki, a tak\u017ce szybsze zu\u017cywanie szyn. Poprzez zabudowanie element\u00f3w wibroizolacyjnych w konstrukcji nawierzchni torowej, mo\u017cna skutecznie redukowa\u0107 poziom tych oddzia\u0142ywa\u0144.<\/p>\n<p>W torze klasycznym wibroizolacj\u0119 zapewniaj\u0105 t\u0142umi\u0105ce w\u0142asno\u015bci warstwy podsypki t\u0142uczniowej. Prawid\u0142owo zag\u0119szczona podsypka absorbuje drgania, dzi\u0119ki w\u0142asnej masie oraz niejednorodnemu uk\u0142adowi i wielko\u015bci ziaren t\u0142ucznia. W przypadku konstrukcji podsypkowej, je\u017celi t\u0142umienie warstwy podsypki okazuje si\u0119 by\u0107 niewystarczaj\u0105ce, umieszcza si\u0119 pod ni\u0105 dodatkow\u0105 warstw\u0119 wibroizolacyjn\u0105 w postaci <strong>maty podt\u0142uczniowej.<\/strong><\/p>\n<p>W nawierzchniach bezpodsypkowych, ze wzgl\u0119du na ich du\u017c\u0105 sztywno\u015b\u0107, konieczno\u015bci\u0105 jest stosowanie element\u00f3w wibroizolacyjnych, kt\u00f3rymi s\u0105 <strong>podp\u0142ytowe maty wibroizolacyjne<\/strong>.<\/p>\n<p>Maty wibroizolacyjne podp\u0142ytowe i podt\u0142uczniowe s\u0105 stosowane w celu: zmniejszania wibracji od pojazd\u00f3w szynowych, poprzez zwi\u0119kszenie spr\u0119\u017cysto\u015bci pod\u0142o\u017ca oraz zmniejszenia poziomu wt\u00f3rnego ha\u0142asu w budynkach w otoczeniu trasy.<\/p>\n<p>Warstwa wibroizolacyjna, w postaci elastycznych mat w\u00a0konstrukcjach nawierzchni podsypkowych jak i bezpodsypkowych zmniejsza uci\u0105\u017cliwo\u015b\u0107 propagowanych przez przeje\u017cd\u017caj\u0105ce pojazdy szynowe drga\u0144 i ha\u0142asu. Elastyczno\u015b\u0107 tych materia\u0142\u00f3w, zwi\u0119ksza podatno\u015b\u0107 nawierzchni, drgania s\u0105 t\u0142umione ju\u017c w miejscu ich powstawania \u2013 na styku ko\u0142o-szyna. Elastyczna warstwa separuje warstwy sztywne, co pozwala na zak\u0142\u00f3cenie i przerwanie przenoszonej energii dra\u0144.<\/p>\n<p>Warstw\u0119 wibroakustyczn\u0105 mo\u017cna zastosowa\u0107 w wi\u0119cej ni\u017c jednym punkcie styku mas. Zwi\u0119kszenie masy oraz redukcja sztywno\u015bci tor\u00f3w to tzw. mass-spring-system, czyli system masy odspr\u0119\u017cynowanej. Im g\u0142\u0119biej umieszczony jest element elastyczny, im wi\u0119cej masy nad nim, tym wi\u0119kszy jest efekt t\u0142umienia. Wielko\u015b\u0107 masy odspr\u0119\u017cynowanej ma istotny wp\u0142yw na skuteczno\u015b\u0107 t\u0142umienia wibracji i\u00a0ha\u0142asu. Umieszczenie maty wibroizolacyjnej mi\u0119dzy podpor\u0105 szyn a fundamentem, powoduje, \u017ce mas\u0119 odspr\u0119\u017cynowan\u0105 stanowi masa taboru, szyny, podpory szynowej.<\/p>\n<p>Umieszczenie maty mi\u0119dzy fundamentem a podtorzem powoduje, \u017ce mas\u0119 odspr\u0119\u017cynowan\u0105 stanowi masa taboru, szyny, podpory szynowej i fundamentu. Maty wibroizolacyjne u\u0142o\u017cone na spodzie konstrukcji nawierzchni szynowej, zwi\u0119kszaj\u0105 wielko\u015b\u0107 masy odspr\u0119\u017cynowanej, co wp\u0142ywa na lepsze t\u0142umienie drga\u0144 materia\u0142owych. Zastosowanie mat wibroizolacyjnych wp\u0142ywa wi\u0119c pozytywnie na komfort pasa\u017cer\u00f3w podr\u00f3\u017cuj\u0105cych pojazdami szynowymi, redukuje wstrz\u0105sy i ha\u0142as, co podnosi standard \u017cycia mieszka\u0144c\u00f3w \u017cyj\u0105cych w otoczeniu linii kolejowych.<\/p>\n<p>Projektowanie wibroizolacji obiekt\u00f3w in\u017cynieryjnych wymaga przeprowadzenia pomiar\u00f3w drga\u0144 oraz symulacji skuteczno\u015bci proponowanych rozwi\u0105za\u0144 oraz sporz\u0105dzenia analizy wp\u0142ywu drga\u0144 emitowanych przez przejazdy pojazd\u00f3w szynowych na budynki i ludzi w nich przebywaj\u0105cych. Analizy te w odniesieniu do konkretnych obiekt\u00f3w potwierdzaj\u0105 ich skuteczno\u015b\u0107. W tym zakresie konieczna jest wsp\u00f3\u0142praca z o\u015brodkami wykonuj\u0105cymi takie analizy. Bez wzgl\u0119du na rodzaj nawierzchni, warstwa wibroizolacji musi by\u0107 dobrana prawid\u0142owo, aby nie przyczyni\u0142a si\u0119 do zwi\u0119kszenia drga\u0144, zamiast je redukowa\u0107.<\/p>\n<\/div><\/div><\/div><\/div><\/div><\/p>\n","protected":false},"excerpt":{"rendered":"","protected":false},"author":1,"featured_media":1924,"parent":2685,"menu_order":0,"comment_status":"closed","ping_status":"closed","template":"100-width.php","meta":{"footnotes":""},"class_list":["post-2712","page","type-page","status-publish","has-post-thumbnail","hentry"],"_links":{"self":[{"href":"https:\/\/tinesrail.com\/ru\/wp-json\/wp\/v2\/pages\/2712","targetHints":{"allow":["GET"]}}],"collection":[{"href":"https:\/\/tinesrail.com\/ru\/wp-json\/wp\/v2\/pages"}],"about":[{"href":"https:\/\/tinesrail.com\/ru\/wp-json\/wp\/v2\/types\/page"}],"author":[{"embeddable":true,"href":"https:\/\/tinesrail.com\/ru\/wp-json\/wp\/v2\/users\/1"}],"replies":[{"embeddable":true,"href":"https:\/\/tinesrail.com\/ru\/wp-json\/wp\/v2\/comments?post=2712"}],"version-history":[{"count":36,"href":"https:\/\/tinesrail.com\/ru\/wp-json\/wp\/v2\/pages\/2712\/revisions"}],"predecessor-version":[{"id":4234,"href":"https:\/\/tinesrail.com\/ru\/wp-json\/wp\/v2\/pages\/2712\/revisions\/4234"}],"up":[{"embeddable":true,"href":"https:\/\/tinesrail.com\/ru\/wp-json\/wp\/v2\/pages\/2685"}],"wp:featuredmedia":[{"embeddable":true,"href":"https:\/\/tinesrail.com\/ru\/wp-json\/wp\/v2\/media\/1924"}],"wp:attachment":[{"href":"https:\/\/tinesrail.com\/ru\/wp-json\/wp\/v2\/media?parent=2712"}],"curies":[{"name":"wp","href":"https:\/\/api.w.org\/{rel}","templated":true}]}}