{"id":5602,"date":"2024-11-06T10:33:42","date_gmt":"2024-11-06T12:33:42","guid":{"rendered":"https:\/\/tinesrail.com\/fr\/?page_id=5602"},"modified":"2024-11-06T10:33:42","modified_gmt":"2024-11-06T12:33:42","slug":"tines-polyrail-60-65","status":"publish","type":"page","link":"https:\/\/tinesrail.com\/fr\/produits-et-systemes\/masses-de-coulage-elastiques-de-la-serie-tines-polyrail\/tines-polyrail-60-65\/","title":{"rendered":"TINES\u00ae Polyrail 60\/65"},"content":{"rendered":"<div class=\"fusion-fullwidth fullwidth-box fusion-builder-row-1 fusion-flex-container has-pattern-background has-mask-background nonhundred-percent-fullwidth non-hundred-percent-height-scrolling\" style=\"--awb-border-radius-top-left:0px;--awb-border-radius-top-right:0px;--awb-border-radius-bottom-right:0px;--awb-border-radius-bottom-left:0px;--awb-padding-right-small:42px;--awb-padding-left-small:40px;--awb-flex-wrap:wrap;\" ><div class=\"fusion-builder-row fusion-row fusion-flex-align-items-flex-start fusion-flex-content-wrap\" style=\"max-width:1424.8px;margin-left: calc(-4% \/ 2 );margin-right: calc(-4% \/ 2 );\"><div class=\"fusion-layout-column fusion_builder_column fusion-builder-column-0 fusion_builder_column_1_1 1_1 fusion-flex-column\" style=\"--awb-bg-size:cover;--awb-width-large:100%;--awb-margin-top-large:0px;--awb-spacing-right-large:1.92%;--awb-margin-bottom-large:10%;--awb-spacing-left-large:1.92%;--awb-width-medium:100%;--awb-order-medium:0;--awb-spacing-right-medium:1.92%;--awb-spacing-left-medium:1.92%;--awb-width-small:100%;--awb-order-small:0;--awb-spacing-right-small:1.92%;--awb-spacing-left-small:1.92%;\"><div class=\"fusion-column-wrapper fusion-column-has-shadow fusion-flex-justify-content-flex-start fusion-content-layout-column\"><div class=\"fusion-text fusion-text-1\"><p><strong>TINES<sup>\u00ae<\/sup> Polyrail 60\/65<\/strong> jest dwusk\u0142adnikowym, bezrozpuszczalnikowym materia\u0142em polimerowym (\u017cywica poliuretanowa) przeznaczonym do stosowania w in\u017cynierii i budownictwie komunikacyjnym. Wchodzi w sk\u0142ad zestawu materia\u0142\u00f3w TINES<sup>\u00ae<\/sup> u\u017cywanego do system\u00f3w ci\u0105g\u0142ego lub nieci\u0105g\u0142ego (punktowego), spr\u0119\u017cystego przytwierdzenia szyn w kolejowych nawierzchniach szynowych.<\/p>\n<p><strong>Charakterystyka wyrobu:<\/strong><\/p>\n<ul>\n<li>t\u0142umienie wibracji i redukcja ha\u0142asu,<\/li>\n<li>spr\u0119\u017cysty i elastyczny,<\/li>\n<li>samopoziomuj\u0105cy (umo\u017cliwia precyzyjne ustawienie szyny i dostosowuje si\u0119 do pod\u0142o\u017ca),<\/li>\n<li>\u00a0\u0142atwy w aplikacji (niska lepko\u015b\u0107),<\/li>\n<li>bezrozpuszczalnikowy,<\/li>\n<li>nie zawiera wype\u0142niaczy gumowych i korkowych,<\/li>\n<li>doskona\u0142a przyczepno\u015b\u0107 do r\u00f3\u017cnego rodzaju pod\u0142o\u017cy w po\u0142\u0105czeniu z TINES<sup>\u00ae <\/sup>Polyrail Primer,<\/li>\n<li>mo\u017cliwo\u015b\u0107 wype\u0142niania w\u0105skich szczelin,<\/li>\n<li>absorbuje napr\u0119\u017cenia dynamiczne i wyd\u0142u\u017ca trwa\u0142o\u015b\u0107 pod\u0142o\u017ca betonowego,<\/li>\n<li>zapewnia ochron\u0119 przed pr\u0105dami b\u0142\u0105dz\u0105cymi,<\/li>\n<li>nie przewodzi \u0142adunk\u00f3w elektrycznych (w\u0142a\u015bciwo\u015bci izolacyjne),<\/li>\n<li>odporny na dzia\u0142anie wody i wilgoci,<\/li>\n<li>d\u0142uga przewidywana trwa\u0142o\u015b\u0107 eksploatacyjna i niskie koszty utrzymania,<\/li>\n<li>trwa\u0142o\u015b\u0107 mocowania szyn,<\/li>\n<li>umo\u017cliwia szybk\u0105 wymian\u0119 szyn i kr\u00f3tkie zamkni\u0119cie toru,<\/li>\n<li>praktycznie bez serwisowa eksploatacja torowiska.<\/li>\n<\/ul>\n<p>W celu przygotowania oferty techniczno-handlowej prosimy o kontakt: <a href=\"mailto:handlowy@tinesrail.com\"><span style=\"text-decoration: underline;\"><span style=\"color: #00a3df; text-decoration: underline;\">handlowy@tinesrail.com<\/span><\/span><\/a><\/p>\n<\/div><\/div><\/div><\/div><\/div>\n","protected":false},"excerpt":{"rendered":"","protected":false},"author":1,"featured_media":0,"parent":2748,"menu_order":0,"comment_status":"closed","ping_status":"closed","template":"100-width.php","meta":{"footnotes":""},"class_list":["post-5602","page","type-page","status-publish","hentry"],"yoast_head":"<!-- This site is optimized with the Yoast SEO plugin v27.3 - https:\/\/yoast.com\/product\/yoast-seo-wordpress\/ -->\n<title>TINES\u00ae Polyrail 60\/65 - Tines Rail<\/title>\n<meta name=\"robots\" content=\"index, follow, max-snippet:-1, max-image-preview:large, max-video-preview:-1\" \/>\n<link rel=\"canonical\" href=\"https:\/\/tinesrail.com\/fr\/produits-et-systemes\/masses-de-coulage-elastiques-de-la-serie-tines-polyrail\/tines-polyrail-60-65\/\" \/>\n<meta property=\"og:locale\" content=\"fr_FR\" \/>\n<meta property=\"og:type\" content=\"article\" \/>\n<meta property=\"og:title\" content=\"TINES\u00ae Polyrail 60\/65 - Tines Rail\" \/>\n<meta property=\"og:url\" content=\"https:\/\/tinesrail.com\/fr\/produits-et-systemes\/masses-de-coulage-elastiques-de-la-serie-tines-polyrail\/tines-polyrail-60-65\/\" \/>\n<meta property=\"og:site_name\" content=\"Tines Rail\" \/>\n<meta name=\"twitter:card\" content=\"summary_large_image\" \/>\n<meta name=\"twitter:label1\" content=\"Dur\u00e9e de lecture estim\u00e9e\" \/>\n\t<meta name=\"twitter:data1\" content=\"1 minute\" \/>\n<script type=\"application\/ld+json\" class=\"yoast-schema-graph\">{\"@context\":\"https:\\\/\\\/schema.org\",\"@graph\":[{\"@type\":\"WebPage\",\"@id\":\"https:\\\/\\\/tinesrail.com\\\/fr\\\/produits-et-systemes\\\/masses-de-coulage-elastiques-de-la-serie-tines-polyrail\\\/tines-polyrail-60-65\\\/\",\"url\":\"https:\\\/\\\/tinesrail.com\\\/fr\\\/produits-et-systemes\\\/masses-de-coulage-elastiques-de-la-serie-tines-polyrail\\\/tines-polyrail-60-65\\\/\",\"name\":\"TINES\u00ae Polyrail 60\\\/65 - Tines Rail\",\"isPartOf\":{\"@id\":\"https:\\\/\\\/tinesrail.com\\\/fr\\\/#website\"},\"datePublished\":\"2024-11-06T12:33:42+00:00\",\"breadcrumb\":{\"@id\":\"https:\\\/\\\/tinesrail.com\\\/fr\\\/produits-et-systemes\\\/masses-de-coulage-elastiques-de-la-serie-tines-polyrail\\\/tines-polyrail-60-65\\\/#breadcrumb\"},\"inLanguage\":\"fr-FR\",\"potentialAction\":[{\"@type\":\"ReadAction\",\"target\":[\"https:\\\/\\\/tinesrail.com\\\/fr\\\/produits-et-systemes\\\/masses-de-coulage-elastiques-de-la-serie-tines-polyrail\\\/tines-polyrail-60-65\\\/\"]}]},{\"@type\":\"BreadcrumbList\",\"@id\":\"https:\\\/\\\/tinesrail.com\\\/fr\\\/produits-et-systemes\\\/masses-de-coulage-elastiques-de-la-serie-tines-polyrail\\\/tines-polyrail-60-65\\\/#breadcrumb\",\"itemListElement\":[{\"@type\":\"ListItem\",\"position\":1,\"name\":\"Strona g\u0142\u00f3wna\",\"item\":\"https:\\\/\\\/tinesrail.com\\\/fr\\\/\"},{\"@type\":\"ListItem\",\"position\":2,\"name\":\"Produits et syst\u00e8mes\",\"item\":\"https:\\\/\\\/tinesrail.com\\\/fr\\\/produits-et-systemes\\\/\"},{\"@type\":\"ListItem\",\"position\":3,\"name\":\"Masses de coulage \u00e9lastiques de la s\u00e9rie TINES\u00ae Polyrail\",\"item\":\"https:\\\/\\\/tinesrail.com\\\/fr\\\/produits-et-systemes\\\/masses-de-coulage-elastiques-de-la-serie-tines-polyrail\\\/\"},{\"@type\":\"ListItem\",\"position\":4,\"name\":\"TINES\u00ae Polyrail 60\\\/65\"}]},{\"@type\":\"WebSite\",\"@id\":\"https:\\\/\\\/tinesrail.com\\\/fr\\\/#website\",\"url\":\"https:\\\/\\\/tinesrail.com\\\/fr\\\/\",\"name\":\"Tines Rail\",\"description\":\"\",\"publisher\":{\"@id\":\"https:\\\/\\\/tinesrail.com\\\/fr\\\/#organization\"},\"potentialAction\":[{\"@type\":\"SearchAction\",\"target\":{\"@type\":\"EntryPoint\",\"urlTemplate\":\"https:\\\/\\\/tinesrail.com\\\/fr\\\/?s={search_term_string}\"},\"query-input\":{\"@type\":\"PropertyValueSpecification\",\"valueRequired\":true,\"valueName\":\"search_term_string\"}}],\"inLanguage\":\"fr-FR\"},{\"@type\":\"Organization\",\"@id\":\"https:\\\/\\\/tinesrail.com\\\/fr\\\/#organization\",\"name\":\"Tines Rail\",\"url\":\"https:\\\/\\\/tinesrail.com\\\/fr\\\/\",\"logo\":{\"@type\":\"ImageObject\",\"inLanguage\":\"fr-FR\",\"@id\":\"https:\\\/\\\/tinesrail.com\\\/fr\\\/#\\\/schema\\\/logo\\\/image\\\/\",\"url\":\"https:\\\/\\\/tinesrail.com\\\/fr\\\/wp-content\\\/uploads\\\/2021\\\/04\\\/Tines-logo-1.png\",\"contentUrl\":\"https:\\\/\\\/tinesrail.com\\\/fr\\\/wp-content\\\/uploads\\\/2021\\\/04\\\/Tines-logo-1.png\",\"width\":203,\"height\":58,\"caption\":\"Tines Rail\"},\"image\":{\"@id\":\"https:\\\/\\\/tinesrail.com\\\/fr\\\/#\\\/schema\\\/logo\\\/image\\\/\"}}]}<\/script>\n<!-- \/ Yoast SEO plugin. -->","yoast_head_json":{"title":"TINES\u00ae Polyrail 60\/65 - Tines Rail","robots":{"index":"index","follow":"follow","max-snippet":"max-snippet:-1","max-image-preview":"max-image-preview:large","max-video-preview":"max-video-preview:-1"},"canonical":"https:\/\/tinesrail.com\/fr\/produits-et-systemes\/masses-de-coulage-elastiques-de-la-serie-tines-polyrail\/tines-polyrail-60-65\/","og_locale":"fr_FR","og_type":"article","og_title":"TINES\u00ae Polyrail 60\/65 - Tines Rail","og_url":"https:\/\/tinesrail.com\/fr\/produits-et-systemes\/masses-de-coulage-elastiques-de-la-serie-tines-polyrail\/tines-polyrail-60-65\/","og_site_name":"Tines Rail","twitter_card":"summary_large_image","twitter_misc":{"Dur\u00e9e de lecture estim\u00e9e":"1 minute"},"schema":{"@context":"https:\/\/schema.org","@graph":[{"@type":"WebPage","@id":"https:\/\/tinesrail.com\/fr\/produits-et-systemes\/masses-de-coulage-elastiques-de-la-serie-tines-polyrail\/tines-polyrail-60-65\/","url":"https:\/\/tinesrail.com\/fr\/produits-et-systemes\/masses-de-coulage-elastiques-de-la-serie-tines-polyrail\/tines-polyrail-60-65\/","name":"TINES\u00ae Polyrail 60\/65 - Tines Rail","isPartOf":{"@id":"https:\/\/tinesrail.com\/fr\/#website"},"datePublished":"2024-11-06T12:33:42+00:00","breadcrumb":{"@id":"https:\/\/tinesrail.com\/fr\/produits-et-systemes\/masses-de-coulage-elastiques-de-la-serie-tines-polyrail\/tines-polyrail-60-65\/#breadcrumb"},"inLanguage":"fr-FR","potentialAction":[{"@type":"ReadAction","target":["https:\/\/tinesrail.com\/fr\/produits-et-systemes\/masses-de-coulage-elastiques-de-la-serie-tines-polyrail\/tines-polyrail-60-65\/"]}]},{"@type":"BreadcrumbList","@id":"https:\/\/tinesrail.com\/fr\/produits-et-systemes\/masses-de-coulage-elastiques-de-la-serie-tines-polyrail\/tines-polyrail-60-65\/#breadcrumb","itemListElement":[{"@type":"ListItem","position":1,"name":"Strona g\u0142\u00f3wna","item":"https:\/\/tinesrail.com\/fr\/"},{"@type":"ListItem","position":2,"name":"Produits et syst\u00e8mes","item":"https:\/\/tinesrail.com\/fr\/produits-et-systemes\/"},{"@type":"ListItem","position":3,"name":"Masses de coulage \u00e9lastiques de la s\u00e9rie TINES\u00ae Polyrail","item":"https:\/\/tinesrail.com\/fr\/produits-et-systemes\/masses-de-coulage-elastiques-de-la-serie-tines-polyrail\/"},{"@type":"ListItem","position":4,"name":"TINES\u00ae Polyrail 60\/65"}]},{"@type":"WebSite","@id":"https:\/\/tinesrail.com\/fr\/#website","url":"https:\/\/tinesrail.com\/fr\/","name":"Tines Rail","description":"","publisher":{"@id":"https:\/\/tinesrail.com\/fr\/#organization"},"potentialAction":[{"@type":"SearchAction","target":{"@type":"EntryPoint","urlTemplate":"https:\/\/tinesrail.com\/fr\/?s={search_term_string}"},"query-input":{"@type":"PropertyValueSpecification","valueRequired":true,"valueName":"search_term_string"}}],"inLanguage":"fr-FR"},{"@type":"Organization","@id":"https:\/\/tinesrail.com\/fr\/#organization","name":"Tines Rail","url":"https:\/\/tinesrail.com\/fr\/","logo":{"@type":"ImageObject","inLanguage":"fr-FR","@id":"https:\/\/tinesrail.com\/fr\/#\/schema\/logo\/image\/","url":"https:\/\/tinesrail.com\/fr\/wp-content\/uploads\/2021\/04\/Tines-logo-1.png","contentUrl":"https:\/\/tinesrail.com\/fr\/wp-content\/uploads\/2021\/04\/Tines-logo-1.png","width":203,"height":58,"caption":"Tines Rail"},"image":{"@id":"https:\/\/tinesrail.com\/fr\/#\/schema\/logo\/image\/"}}]}},"_links":{"self":[{"href":"https:\/\/tinesrail.com\/fr\/wp-json\/wp\/v2\/pages\/5602","targetHints":{"allow":["GET"]}}],"collection":[{"href":"https:\/\/tinesrail.com\/fr\/wp-json\/wp\/v2\/pages"}],"about":[{"href":"https:\/\/tinesrail.com\/fr\/wp-json\/wp\/v2\/types\/page"}],"author":[{"embeddable":true,"href":"https:\/\/tinesrail.com\/fr\/wp-json\/wp\/v2\/users\/1"}],"replies":[{"embeddable":true,"href":"https:\/\/tinesrail.com\/fr\/wp-json\/wp\/v2\/comments?post=5602"}],"version-history":[{"count":2,"href":"https:\/\/tinesrail.com\/fr\/wp-json\/wp\/v2\/pages\/5602\/revisions"}],"predecessor-version":[{"id":5604,"href":"https:\/\/tinesrail.com\/fr\/wp-json\/wp\/v2\/pages\/5602\/revisions\/5604"}],"up":[{"embeddable":true,"href":"https:\/\/tinesrail.com\/fr\/wp-json\/wp\/v2\/pages\/2748"}],"wp:attachment":[{"href":"https:\/\/tinesrail.com\/fr\/wp-json\/wp\/v2\/media?parent=5602"}],"curies":[{"name":"wp","href":"https:\/\/api.w.org\/{rel}","templated":true}]}}