{"id":3711,"date":"2023-08-31T06:09:19","date_gmt":"2023-08-31T08:09:19","guid":{"rendered":"https:\/\/tinesrail.com\/fr\/?page_id=3711"},"modified":"2025-02-18T18:05:17","modified_gmt":"2025-02-18T20:05:17","slug":"tines-polyrail-53","status":"publish","type":"page","link":"https:\/\/tinesrail.com\/fr\/produits-et-systemes\/masses-de-coulage-elastiques-de-la-serie-tines-polyrail\/tines-polyrail-53\/","title":{"rendered":"TINES\u00ae Polyrail 53+"},"content":{"rendered":"<div class=\"fusion-fullwidth fullwidth-box fusion-builder-row-1 fusion-flex-container has-pattern-background has-mask-background nonhundred-percent-fullwidth non-hundred-percent-height-scrolling\" style=\"--awb-border-radius-top-left:0px;--awb-border-radius-top-right:0px;--awb-border-radius-bottom-right:0px;--awb-border-radius-bottom-left:0px;--awb-padding-right-small:37px;--awb-padding-left-small:36px;--awb-flex-wrap:wrap;\" ><div class=\"fusion-builder-row fusion-row fusion-flex-align-items-flex-start fusion-flex-content-wrap\" style=\"max-width:1424.8px;margin-left: calc(-4% \/ 2 );margin-right: calc(-4% \/ 2 );\"><div class=\"fusion-layout-column fusion_builder_column fusion-builder-column-0 fusion_builder_column_1_1 1_1 fusion-flex-column\" style=\"--awb-bg-size:cover;--awb-width-large:100%;--awb-margin-top-large:0px;--awb-spacing-right-large:1.92%;--awb-margin-bottom-large:10%;--awb-spacing-left-large:1.92%;--awb-width-medium:100%;--awb-order-medium:0;--awb-spacing-right-medium:1.92%;--awb-spacing-left-medium:1.92%;--awb-width-small:100%;--awb-order-small:0;--awb-spacing-right-small:1.92%;--awb-spacing-left-small:1.92%;\"><div class=\"fusion-column-wrapper fusion-column-has-shadow fusion-flex-justify-content-flex-start fusion-content-layout-column\"><div class=\"fusion-text fusion-text-1\"><p>TINES\u00ae Polyrail 53+ est une r\u00e9sine \u00e9poxy bicomposante dot\u00e9e de propri\u00e9t\u00e9s di\u00e9lectriques, destin\u00e9e au primaire ainsi qu\u2019\u00e0 la r\u00e9alisation d\u2019ancrages et de r\u00e9parations dans une dalle en b\u00e9ton. Elle fait partie de l\u2019ensemble de mat\u00e9riaux TINES\u00ae Polyrail utilis\u00e9 pour les syst\u00e8mes de fixation \u00e9lastique continue ou ponctuelle des rails dans les r\u00e9seaux de tramway.<\/p>\n<p><strong>TINES\u00ae Polyrail 53+ est destin\u00e9 \u00e0 :<\/strong><\/p>\n<ul>\n<li>La r\u00e9alisation de couches de primaire, prot\u00e9geant les \u00e9l\u00e9ments en acier et en b\u00e9ton contre la corrosion,<\/li>\n<li>La fabrication de rev\u00eatements di\u00e9lectriques sur les rails afin de prot\u00e9ger les voies contre l\u2019effet des courants errants,<\/li>\n<li>La protection du b\u00e9ton contre l\u2019absorption d\u2019eau,<\/li>\n<li>L\u2019ancrage d\u2019\u00e9l\u00e9ments en acier dans des surfaces horizontales en b\u00e9ton \u2013 pose de barres, ancrages, barri\u00e8res, poteaux, vis et autres \u00e9l\u00e9ments ferroviaires (pour chemins de fer, tramways, m\u00e9tro et chemins de fer industriels),<\/li>\n<li>Le collage d\u2019inserts de remplissage dans les chambres de verrouillage des rails, par exemple, des blocs en b\u00e9ton,<\/li>\n<li>Le collage d\u2019une cale \u00e9lastique continue sous le rail dans le syst\u00e8me de fixation en enveloppe TINES\u00ae ERS et TINES\u00ae TRAM ERS,<\/li>\n<li>La r\u00e9paration des d\u00e9fauts dans les dalles en b\u00e9ton arm\u00e9,<\/li>\n<li>L\u2019am\u00e9lioration de l\u2019adh\u00e9rence des mat\u00e9riaux de la s\u00e9rie TINES\u00ae Polyrail au substrat.<\/li>\n<\/ul>\n<p><strong>Caract\u00e9ristiques du produit :<\/strong><\/p>\n<ul>\n<li>Tr\u00e8s haute r\u00e9sistance m\u00e9canique, notamment \u00e0 la compression, \u00e0 la flexion, \u00e0 l\u2019abrasion, et \u00e0 l\u2019arrachement,<\/li>\n<li>Excellente adh\u00e9rence au support en b\u00e9ton,<\/li>\n<li>Adapt\u00e9 aux supports en b\u00e9ton secs, humides ou mouill\u00e9s,<\/li>\n<li>Excellente adh\u00e9rence sur les supports en acier,<\/li>\n<li>Protection des surfaces en acier et en b\u00e9ton contre la corrosion,<\/li>\n<li>Adapt\u00e9 aux structures soumises \u00e0 des charges dynamiques,<\/li>\n<li>Forme des rev\u00eatements aux propri\u00e9t\u00e9s di\u00e9lectriques,<\/li>\n<li>Haute capacit\u00e9 de p\u00e9n\u00e9tration et renforcement de surface des supports en b\u00e9ton,<\/li>\n<li>\u202fExcellentes propri\u00e9t\u00e9s d\u2019\u00e9tanch\u00e9it\u00e9 \u2013 le rev\u00eatement ne laisse pas passer l\u2019eau ni la vapeur,<\/li>\n<li>Protection du b\u00e9ton contre la poussi\u00e8re, l\u2019infiltration d\u2019humidit\u00e9 et l\u2019absorption de liquides,<\/li>\n<li>R\u00e9sistant \u00e0 l\u2019action de l\u2019eau, de l\u2019humidit\u00e9 et des produits chimiques,<\/li>\n<li>Sans solvant,<\/li>\n<li>Temps de prise court apr\u00e8s m\u00e9lange des composants,<\/li>\n<li>Pr\u00e9paration et application faciles,<\/li>\n<li>Contr\u00f4le visuel facile de la couverture.<\/li>\n<\/ul>\n<p><strong>Documents :<\/strong><\/p>\n<ul>\n<li>\u00c9valuation Technique Nationale n\u00b0 IK-KOT-2023\/0175 \u00e9dition 1, d\u00e9livr\u00e9e par l&rsquo;Institut Ferroviaire<\/li>\n<li>Certificat de Conformit\u00e9 de Production d&rsquo;Usine n\u00b0 128-UWB-094, d\u00e9livr\u00e9 par l&rsquo;Institut Ferroviaire<\/li>\n<li>Fiche d&rsquo;information du produit<\/li>\n<li>D\u00e9claration Nationale des Propri\u00e9t\u00e9s d\u2019Usage<\/li>\n<\/ul>\n<p>Pour pr\u00e9parer une offre technique-commerciale, veuillez nous contacter \u00e0 <a href=\"mailto:handlowy@tinesrail.com\"><span style=\"text-decoration: underline; color: #00a3df;\">handlowy@tinesrail.com<\/span><\/a><\/p>\n<\/div><\/div><\/div><\/div><\/div>\n","protected":false},"excerpt":{"rendered":"","protected":false},"author":1,"featured_media":0,"parent":2748,"menu_order":0,"comment_status":"closed","ping_status":"closed","template":"100-width.php","meta":{"footnotes":""},"class_list":["post-3711","page","type-page","status-publish","hentry"],"yoast_head":"<!-- This site is optimized with the Yoast SEO plugin v27.3 - https:\/\/yoast.com\/product\/yoast-seo-wordpress\/ -->\n<title>TINES\u00ae Polyrail 53+ - Tines Rail<\/title>\n<meta name=\"robots\" content=\"index, follow, max-snippet:-1, max-image-preview:large, max-video-preview:-1\" \/>\n<link rel=\"canonical\" href=\"https:\/\/tinesrail.com\/fr\/produits-et-systemes\/masses-de-coulage-elastiques-de-la-serie-tines-polyrail\/tines-polyrail-53\/\" \/>\n<meta property=\"og:locale\" content=\"fr_FR\" \/>\n<meta property=\"og:type\" content=\"article\" \/>\n<meta property=\"og:title\" content=\"TINES\u00ae Polyrail 53+ - Tines Rail\" \/>\n<meta property=\"og:url\" content=\"https:\/\/tinesrail.com\/fr\/produits-et-systemes\/masses-de-coulage-elastiques-de-la-serie-tines-polyrail\/tines-polyrail-53\/\" \/>\n<meta property=\"og:site_name\" content=\"Tines Rail\" \/>\n<meta property=\"article:modified_time\" content=\"2025-02-18T20:05:17+00:00\" \/>\n<meta name=\"twitter:card\" content=\"summary_large_image\" \/>\n<meta name=\"twitter:label1\" content=\"Dur\u00e9e de lecture estim\u00e9e\" \/>\n\t<meta name=\"twitter:data1\" content=\"2 minutes\" \/>\n<script type=\"application\/ld+json\" class=\"yoast-schema-graph\">{\"@context\":\"https:\\\/\\\/schema.org\",\"@graph\":[{\"@type\":\"WebPage\",\"@id\":\"https:\\\/\\\/tinesrail.com\\\/fr\\\/produits-et-systemes\\\/masses-de-coulage-elastiques-de-la-serie-tines-polyrail\\\/tines-polyrail-53\\\/\",\"url\":\"https:\\\/\\\/tinesrail.com\\\/fr\\\/produits-et-systemes\\\/masses-de-coulage-elastiques-de-la-serie-tines-polyrail\\\/tines-polyrail-53\\\/\",\"name\":\"TINES\u00ae Polyrail 53+ - Tines Rail\",\"isPartOf\":{\"@id\":\"https:\\\/\\\/tinesrail.com\\\/fr\\\/#website\"},\"datePublished\":\"2023-08-31T08:09:19+00:00\",\"dateModified\":\"2025-02-18T20:05:17+00:00\",\"breadcrumb\":{\"@id\":\"https:\\\/\\\/tinesrail.com\\\/fr\\\/produits-et-systemes\\\/masses-de-coulage-elastiques-de-la-serie-tines-polyrail\\\/tines-polyrail-53\\\/#breadcrumb\"},\"inLanguage\":\"fr-FR\",\"potentialAction\":[{\"@type\":\"ReadAction\",\"target\":[\"https:\\\/\\\/tinesrail.com\\\/fr\\\/produits-et-systemes\\\/masses-de-coulage-elastiques-de-la-serie-tines-polyrail\\\/tines-polyrail-53\\\/\"]}]},{\"@type\":\"BreadcrumbList\",\"@id\":\"https:\\\/\\\/tinesrail.com\\\/fr\\\/produits-et-systemes\\\/masses-de-coulage-elastiques-de-la-serie-tines-polyrail\\\/tines-polyrail-53\\\/#breadcrumb\",\"itemListElement\":[{\"@type\":\"ListItem\",\"position\":1,\"name\":\"Strona g\u0142\u00f3wna\",\"item\":\"https:\\\/\\\/tinesrail.com\\\/fr\\\/\"},{\"@type\":\"ListItem\",\"position\":2,\"name\":\"Produits et syst\u00e8mes\",\"item\":\"https:\\\/\\\/tinesrail.com\\\/fr\\\/produits-et-systemes\\\/\"},{\"@type\":\"ListItem\",\"position\":3,\"name\":\"Masses de coulage \u00e9lastiques de la s\u00e9rie TINES\u00ae Polyrail\",\"item\":\"https:\\\/\\\/tinesrail.com\\\/fr\\\/produits-et-systemes\\\/masses-de-coulage-elastiques-de-la-serie-tines-polyrail\\\/\"},{\"@type\":\"ListItem\",\"position\":4,\"name\":\"TINES\u00ae Polyrail 53+\"}]},{\"@type\":\"WebSite\",\"@id\":\"https:\\\/\\\/tinesrail.com\\\/fr\\\/#website\",\"url\":\"https:\\\/\\\/tinesrail.com\\\/fr\\\/\",\"name\":\"Tines Rail\",\"description\":\"\",\"publisher\":{\"@id\":\"https:\\\/\\\/tinesrail.com\\\/fr\\\/#organization\"},\"potentialAction\":[{\"@type\":\"SearchAction\",\"target\":{\"@type\":\"EntryPoint\",\"urlTemplate\":\"https:\\\/\\\/tinesrail.com\\\/fr\\\/?s={search_term_string}\"},\"query-input\":{\"@type\":\"PropertyValueSpecification\",\"valueRequired\":true,\"valueName\":\"search_term_string\"}}],\"inLanguage\":\"fr-FR\"},{\"@type\":\"Organization\",\"@id\":\"https:\\\/\\\/tinesrail.com\\\/fr\\\/#organization\",\"name\":\"Tines Rail\",\"url\":\"https:\\\/\\\/tinesrail.com\\\/fr\\\/\",\"logo\":{\"@type\":\"ImageObject\",\"inLanguage\":\"fr-FR\",\"@id\":\"https:\\\/\\\/tinesrail.com\\\/fr\\\/#\\\/schema\\\/logo\\\/image\\\/\",\"url\":\"https:\\\/\\\/tinesrail.com\\\/fr\\\/wp-content\\\/uploads\\\/2021\\\/04\\\/Tines-logo-1.png\",\"contentUrl\":\"https:\\\/\\\/tinesrail.com\\\/fr\\\/wp-content\\\/uploads\\\/2021\\\/04\\\/Tines-logo-1.png\",\"width\":203,\"height\":58,\"caption\":\"Tines Rail\"},\"image\":{\"@id\":\"https:\\\/\\\/tinesrail.com\\\/fr\\\/#\\\/schema\\\/logo\\\/image\\\/\"}}]}<\/script>\n<!-- \/ Yoast SEO plugin. -->","yoast_head_json":{"title":"TINES\u00ae Polyrail 53+ - Tines Rail","robots":{"index":"index","follow":"follow","max-snippet":"max-snippet:-1","max-image-preview":"max-image-preview:large","max-video-preview":"max-video-preview:-1"},"canonical":"https:\/\/tinesrail.com\/fr\/produits-et-systemes\/masses-de-coulage-elastiques-de-la-serie-tines-polyrail\/tines-polyrail-53\/","og_locale":"fr_FR","og_type":"article","og_title":"TINES\u00ae Polyrail 53+ - Tines Rail","og_url":"https:\/\/tinesrail.com\/fr\/produits-et-systemes\/masses-de-coulage-elastiques-de-la-serie-tines-polyrail\/tines-polyrail-53\/","og_site_name":"Tines Rail","article_modified_time":"2025-02-18T20:05:17+00:00","twitter_card":"summary_large_image","twitter_misc":{"Dur\u00e9e de lecture estim\u00e9e":"2 minutes"},"schema":{"@context":"https:\/\/schema.org","@graph":[{"@type":"WebPage","@id":"https:\/\/tinesrail.com\/fr\/produits-et-systemes\/masses-de-coulage-elastiques-de-la-serie-tines-polyrail\/tines-polyrail-53\/","url":"https:\/\/tinesrail.com\/fr\/produits-et-systemes\/masses-de-coulage-elastiques-de-la-serie-tines-polyrail\/tines-polyrail-53\/","name":"TINES\u00ae Polyrail 53+ - Tines Rail","isPartOf":{"@id":"https:\/\/tinesrail.com\/fr\/#website"},"datePublished":"2023-08-31T08:09:19+00:00","dateModified":"2025-02-18T20:05:17+00:00","breadcrumb":{"@id":"https:\/\/tinesrail.com\/fr\/produits-et-systemes\/masses-de-coulage-elastiques-de-la-serie-tines-polyrail\/tines-polyrail-53\/#breadcrumb"},"inLanguage":"fr-FR","potentialAction":[{"@type":"ReadAction","target":["https:\/\/tinesrail.com\/fr\/produits-et-systemes\/masses-de-coulage-elastiques-de-la-serie-tines-polyrail\/tines-polyrail-53\/"]}]},{"@type":"BreadcrumbList","@id":"https:\/\/tinesrail.com\/fr\/produits-et-systemes\/masses-de-coulage-elastiques-de-la-serie-tines-polyrail\/tines-polyrail-53\/#breadcrumb","itemListElement":[{"@type":"ListItem","position":1,"name":"Strona g\u0142\u00f3wna","item":"https:\/\/tinesrail.com\/fr\/"},{"@type":"ListItem","position":2,"name":"Produits et syst\u00e8mes","item":"https:\/\/tinesrail.com\/fr\/produits-et-systemes\/"},{"@type":"ListItem","position":3,"name":"Masses de coulage \u00e9lastiques de la s\u00e9rie TINES\u00ae Polyrail","item":"https:\/\/tinesrail.com\/fr\/produits-et-systemes\/masses-de-coulage-elastiques-de-la-serie-tines-polyrail\/"},{"@type":"ListItem","position":4,"name":"TINES\u00ae Polyrail 53+"}]},{"@type":"WebSite","@id":"https:\/\/tinesrail.com\/fr\/#website","url":"https:\/\/tinesrail.com\/fr\/","name":"Tines Rail","description":"","publisher":{"@id":"https:\/\/tinesrail.com\/fr\/#organization"},"potentialAction":[{"@type":"SearchAction","target":{"@type":"EntryPoint","urlTemplate":"https:\/\/tinesrail.com\/fr\/?s={search_term_string}"},"query-input":{"@type":"PropertyValueSpecification","valueRequired":true,"valueName":"search_term_string"}}],"inLanguage":"fr-FR"},{"@type":"Organization","@id":"https:\/\/tinesrail.com\/fr\/#organization","name":"Tines Rail","url":"https:\/\/tinesrail.com\/fr\/","logo":{"@type":"ImageObject","inLanguage":"fr-FR","@id":"https:\/\/tinesrail.com\/fr\/#\/schema\/logo\/image\/","url":"https:\/\/tinesrail.com\/fr\/wp-content\/uploads\/2021\/04\/Tines-logo-1.png","contentUrl":"https:\/\/tinesrail.com\/fr\/wp-content\/uploads\/2021\/04\/Tines-logo-1.png","width":203,"height":58,"caption":"Tines Rail"},"image":{"@id":"https:\/\/tinesrail.com\/fr\/#\/schema\/logo\/image\/"}}]}},"_links":{"self":[{"href":"https:\/\/tinesrail.com\/fr\/wp-json\/wp\/v2\/pages\/3711","targetHints":{"allow":["GET"]}}],"collection":[{"href":"https:\/\/tinesrail.com\/fr\/wp-json\/wp\/v2\/pages"}],"about":[{"href":"https:\/\/tinesrail.com\/fr\/wp-json\/wp\/v2\/types\/page"}],"author":[{"embeddable":true,"href":"https:\/\/tinesrail.com\/fr\/wp-json\/wp\/v2\/users\/1"}],"replies":[{"embeddable":true,"href":"https:\/\/tinesrail.com\/fr\/wp-json\/wp\/v2\/comments?post=3711"}],"version-history":[{"count":2,"href":"https:\/\/tinesrail.com\/fr\/wp-json\/wp\/v2\/pages\/3711\/revisions"}],"predecessor-version":[{"id":6696,"href":"https:\/\/tinesrail.com\/fr\/wp-json\/wp\/v2\/pages\/3711\/revisions\/6696"}],"up":[{"embeddable":true,"href":"https:\/\/tinesrail.com\/fr\/wp-json\/wp\/v2\/pages\/2748"}],"wp:attachment":[{"href":"https:\/\/tinesrail.com\/fr\/wp-json\/wp\/v2\/media?parent=3711"}],"curies":[{"name":"wp","href":"https:\/\/api.w.org\/{rel}","templated":true}]}}