{"id":3689,"date":"2023-07-14T03:41:24","date_gmt":"2023-07-14T05:41:24","guid":{"rendered":"https:\/\/tinesrail.com\/fr\/?page_id=3689"},"modified":"2025-02-18T18:03:19","modified_gmt":"2025-02-18T20:03:19","slug":"tines-polyrail-50-55","status":"publish","type":"page","link":"https:\/\/tinesrail.com\/fr\/produits-et-systemes\/masses-de-coulage-elastiques-de-la-serie-tines-polyrail\/tines-polyrail-50-55\/","title":{"rendered":"TINES\u00ae Polyrail 50\/55"},"content":{"rendered":"<div class=\"fusion-fullwidth fullwidth-box fusion-builder-row-1 fusion-flex-container has-pattern-background has-mask-background nonhundred-percent-fullwidth non-hundred-percent-height-scrolling\" style=\"--awb-border-radius-top-left:0px;--awb-border-radius-top-right:0px;--awb-border-radius-bottom-right:0px;--awb-border-radius-bottom-left:0px;--awb-padding-right-small:37px;--awb-padding-left-small:36px;--awb-flex-wrap:wrap;\" ><div class=\"fusion-builder-row fusion-row fusion-flex-align-items-flex-start fusion-flex-content-wrap\" style=\"max-width:1424.8px;margin-left: calc(-4% \/ 2 );margin-right: calc(-4% \/ 2 );\"><div class=\"fusion-layout-column fusion_builder_column fusion-builder-column-0 fusion_builder_column_1_1 1_1 fusion-flex-column\" style=\"--awb-bg-size:cover;--awb-width-large:100%;--awb-margin-top-large:0px;--awb-spacing-right-large:1.92%;--awb-margin-bottom-large:10%;--awb-spacing-left-large:1.92%;--awb-width-medium:100%;--awb-order-medium:0;--awb-spacing-right-medium:1.92%;--awb-spacing-left-medium:1.92%;--awb-width-small:100%;--awb-order-small:0;--awb-spacing-right-small:1.92%;--awb-spacing-left-small:1.92%;\"><div class=\"fusion-column-wrapper fusion-column-has-shadow fusion-flex-justify-content-flex-start fusion-content-layout-column\"><div class=\"fusion-text fusion-text-1\"><p>TINES\u00ae Polyrail 50\/55 est un \u00e9lastom\u00e8re polyur\u00e9thane bicomposant sans solvant destin\u00e9 \u00e0 la fixation \u00e9lastique des rails, pour une utilisation dans l\u2019ing\u00e9nierie et la construction dans le domaine des transports.<\/p>\n<p><strong>TINES\u00ae Polyrail 50\/55 est destin\u00e9 \u00e0 :<\/strong><\/p>\n<ul>\n<li>L\u2019utilisation dans les rev\u00eatements de voies sans ballast des r\u00e9seaux de tramway, en tant que mat\u00e9riau \u00e9lastique absorbant les vibrations et r\u00e9duisant le bruit \u00e9mis par le passage des v\u00e9hicules ferroviaires.<\/li>\n<li>La r\u00e9alisation d\u2019un coulage continu sous la semelle du rail.<\/li>\n<li>La r\u00e9alisation d\u2019un coulage ponctuel sous les traverses nervur\u00e9es.<\/li>\n<li>La fixation continue et le support \u00e9lastique du rail dans le syst\u00e8me de fixation en enveloppe TINES\u00ae TRAM ERS.<\/li>\n<li>Le comblement \u00e9lastique des joints de dilatation entre les dalles pr\u00e9fabriqu\u00e9es en b\u00e9ton, ainsi qu\u2019entre les dalles et les autres \u00e9l\u00e9ments dans la bande de la voie (par exemple, avec des pav\u00e9s en granit ou du b\u00e9ton).<\/li>\n<li>Le comblement \u00e9lastique des joints entre le rail et les autres mat\u00e9riaux dans la bande de la voie (par exemple, avec des pav\u00e9s en granit ou du b\u00e9ton).<\/li>\n<li>L\u2019\u00e9tanch\u00e9ification des zones autour des rails, la modernisation et la r\u00e9paration des d\u00e9fauts dans ces zones ainsi que dans les joints de dilatation.<\/li>\n<\/ul>\n<p>TINES\u00ae Polyrail 50\/55 fait partie de l\u2019ensemble de mat\u00e9riaux TINES\u00ae Polyrail utilis\u00e9 pour les syst\u00e8mes de fixation \u00e9lastique continue ou ponctuelle des rails dans les r\u00e9seaux de tramway et les rev\u00eatements de voies ferroviaires. Cet ensemble est particuli\u00e8rement d\u00e9di\u00e9 aux tron\u00e7ons o\u00f9 il est essentiel de r\u00e9duire le niveau de vibrations et de bruit \u00e9mis dans l\u2019environnement de la ligne, en raison du passage des v\u00e9hicules ferroviaires.<\/p>\n<p><strong>Caract\u00e9ristiques du produit :<\/strong><\/p>\n<ul>\n<li>Mat\u00e9riau \u00e9lastique et flexible assurant l\u2019absorption des vibrations et la r\u00e9duction du bruit g\u00e9n\u00e9r\u00e9 par le trafic de tramway dans l\u2019environnement de la ligne.<\/li>\n<li>Transfert \u00e9lastique des charges dynamiques du trafic de tramway vers la dalle de voie, qui constitue le support principal, prolongeant ainsi la durabilit\u00e9 du support en b\u00e9ton.<\/li>\n<li>Auto-nivelant (permettant un r\u00e9glage pr\u00e9cis du rail et s\u2019adaptant au support).<\/li>\n<li>Facile \u00e0 appliquer (faible viscosit\u00e9).<\/li>\n<li>Sans solvant.<\/li>\n<li>Ne contenant pas de charges en caoutchouc ni en li\u00e8ge.<\/li>\n<li>Excellente adh\u00e9rence \u00e0 l\u2019acier et au b\u00e9ton en association avec TINES\u00ae Polyrail Primer ou TINES\u00ae Polyrail 53+.<\/li>\n<li>Permettant de combler des interstices \u00e9troits.<\/li>\n<li>Garantissant l\u2019\u00e9tanch\u00e9it\u00e9 et la durabilit\u00e9 des liaisons.<\/li>\n<li>Assurant l\u2019isolation \u00e9lectrique des rails et prot\u00e9geant l\u2019environnement de la ligne de tramway contre les courants errants.<\/li>\n<li>Insensible \u00e0 l\u2019action de l\u2019eau et de l\u2019humidit\u00e9.<\/li>\n<li>Dot\u00e9 d\u2019une longue dur\u00e9e de vie pr\u00e9vue, permettant de r\u00e9duire les co\u00fbts d\u2019entretien du rev\u00eatement de voie.<\/li>\n<li>Assurant la durabilit\u00e9 de la fixation des rails.<\/li>\n<li>Permettant un remplacement rapide des rails et une fermeture courte de la voie.<\/li>\n<li>Offrant une exploitation pratiquement sans maintenance du r\u00e9seau.<\/li>\n<\/ul>\n<p><strong>Documents :<\/strong><\/p>\n<ul>\n<li>\u00c9valuation Technique Nationale n\u00b0 IK-KOT-2023\/0175 \u00e9dition 1, d\u00e9livr\u00e9e par l&rsquo;Institut Ferroviaire<\/li>\n<li>Certificat de Conformit\u00e9 de Production d&rsquo;Usine n\u00b0 128-UWB-094, d\u00e9livr\u00e9 par l&rsquo;Institut Ferroviaire<\/li>\n<li>Fiche d&rsquo;information du produit<\/li>\n<li>D\u00e9claration Nationale des Propri\u00e9t\u00e9s d\u2019Usage<\/li>\n<\/ul>\n<p>Pour pr\u00e9parer une offre technique-commerciale, veuillez nous contacter \u00e0 <a href=\"mailto:handlowy@tinesrail.com\"><span style=\"text-decoration: underline; color: #00a3df;\">handlowy@tinesrail.com<\/span><\/a><\/p>\n<\/div><\/div><\/div><\/div><\/div>\n","protected":false},"excerpt":{"rendered":"","protected":false},"author":1,"featured_media":0,"parent":2748,"menu_order":0,"comment_status":"closed","ping_status":"closed","template":"100-width.php","meta":{"footnotes":""},"class_list":["post-3689","page","type-page","status-publish","hentry"],"yoast_head":"<!-- This site is optimized with the Yoast SEO plugin v27.3 - https:\/\/yoast.com\/product\/yoast-seo-wordpress\/ -->\n<title>TINES\u00ae Polyrail 50\/55 - Tines Rail<\/title>\n<meta name=\"robots\" content=\"index, follow, max-snippet:-1, max-image-preview:large, max-video-preview:-1\" \/>\n<link rel=\"canonical\" href=\"https:\/\/tinesrail.com\/fr\/produits-et-systemes\/masses-de-coulage-elastiques-de-la-serie-tines-polyrail\/tines-polyrail-50-55\/\" \/>\n<meta property=\"og:locale\" content=\"fr_FR\" \/>\n<meta property=\"og:type\" content=\"article\" \/>\n<meta property=\"og:title\" content=\"TINES\u00ae Polyrail 50\/55 - Tines Rail\" \/>\n<meta property=\"og:url\" content=\"https:\/\/tinesrail.com\/fr\/produits-et-systemes\/masses-de-coulage-elastiques-de-la-serie-tines-polyrail\/tines-polyrail-50-55\/\" \/>\n<meta property=\"og:site_name\" content=\"Tines Rail\" \/>\n<meta property=\"article:modified_time\" content=\"2025-02-18T20:03:19+00:00\" \/>\n<meta name=\"twitter:card\" content=\"summary_large_image\" \/>\n<meta name=\"twitter:label1\" content=\"Dur\u00e9e de lecture estim\u00e9e\" \/>\n\t<meta name=\"twitter:data1\" content=\"3 minutes\" \/>\n<script type=\"application\/ld+json\" class=\"yoast-schema-graph\">{\"@context\":\"https:\\\/\\\/schema.org\",\"@graph\":[{\"@type\":\"WebPage\",\"@id\":\"https:\\\/\\\/tinesrail.com\\\/fr\\\/produits-et-systemes\\\/masses-de-coulage-elastiques-de-la-serie-tines-polyrail\\\/tines-polyrail-50-55\\\/\",\"url\":\"https:\\\/\\\/tinesrail.com\\\/fr\\\/produits-et-systemes\\\/masses-de-coulage-elastiques-de-la-serie-tines-polyrail\\\/tines-polyrail-50-55\\\/\",\"name\":\"TINES\u00ae Polyrail 50\\\/55 - Tines Rail\",\"isPartOf\":{\"@id\":\"https:\\\/\\\/tinesrail.com\\\/fr\\\/#website\"},\"datePublished\":\"2023-07-14T05:41:24+00:00\",\"dateModified\":\"2025-02-18T20:03:19+00:00\",\"breadcrumb\":{\"@id\":\"https:\\\/\\\/tinesrail.com\\\/fr\\\/produits-et-systemes\\\/masses-de-coulage-elastiques-de-la-serie-tines-polyrail\\\/tines-polyrail-50-55\\\/#breadcrumb\"},\"inLanguage\":\"fr-FR\",\"potentialAction\":[{\"@type\":\"ReadAction\",\"target\":[\"https:\\\/\\\/tinesrail.com\\\/fr\\\/produits-et-systemes\\\/masses-de-coulage-elastiques-de-la-serie-tines-polyrail\\\/tines-polyrail-50-55\\\/\"]}]},{\"@type\":\"BreadcrumbList\",\"@id\":\"https:\\\/\\\/tinesrail.com\\\/fr\\\/produits-et-systemes\\\/masses-de-coulage-elastiques-de-la-serie-tines-polyrail\\\/tines-polyrail-50-55\\\/#breadcrumb\",\"itemListElement\":[{\"@type\":\"ListItem\",\"position\":1,\"name\":\"Strona g\u0142\u00f3wna\",\"item\":\"https:\\\/\\\/tinesrail.com\\\/fr\\\/\"},{\"@type\":\"ListItem\",\"position\":2,\"name\":\"Produits et syst\u00e8mes\",\"item\":\"https:\\\/\\\/tinesrail.com\\\/fr\\\/produits-et-systemes\\\/\"},{\"@type\":\"ListItem\",\"position\":3,\"name\":\"Masses de coulage \u00e9lastiques de la s\u00e9rie TINES\u00ae Polyrail\",\"item\":\"https:\\\/\\\/tinesrail.com\\\/fr\\\/produits-et-systemes\\\/masses-de-coulage-elastiques-de-la-serie-tines-polyrail\\\/\"},{\"@type\":\"ListItem\",\"position\":4,\"name\":\"TINES\u00ae Polyrail 50\\\/55\"}]},{\"@type\":\"WebSite\",\"@id\":\"https:\\\/\\\/tinesrail.com\\\/fr\\\/#website\",\"url\":\"https:\\\/\\\/tinesrail.com\\\/fr\\\/\",\"name\":\"Tines Rail\",\"description\":\"\",\"publisher\":{\"@id\":\"https:\\\/\\\/tinesrail.com\\\/fr\\\/#organization\"},\"potentialAction\":[{\"@type\":\"SearchAction\",\"target\":{\"@type\":\"EntryPoint\",\"urlTemplate\":\"https:\\\/\\\/tinesrail.com\\\/fr\\\/?s={search_term_string}\"},\"query-input\":{\"@type\":\"PropertyValueSpecification\",\"valueRequired\":true,\"valueName\":\"search_term_string\"}}],\"inLanguage\":\"fr-FR\"},{\"@type\":\"Organization\",\"@id\":\"https:\\\/\\\/tinesrail.com\\\/fr\\\/#organization\",\"name\":\"Tines Rail\",\"url\":\"https:\\\/\\\/tinesrail.com\\\/fr\\\/\",\"logo\":{\"@type\":\"ImageObject\",\"inLanguage\":\"fr-FR\",\"@id\":\"https:\\\/\\\/tinesrail.com\\\/fr\\\/#\\\/schema\\\/logo\\\/image\\\/\",\"url\":\"https:\\\/\\\/tinesrail.com\\\/fr\\\/wp-content\\\/uploads\\\/2021\\\/04\\\/Tines-logo-1.png\",\"contentUrl\":\"https:\\\/\\\/tinesrail.com\\\/fr\\\/wp-content\\\/uploads\\\/2021\\\/04\\\/Tines-logo-1.png\",\"width\":203,\"height\":58,\"caption\":\"Tines Rail\"},\"image\":{\"@id\":\"https:\\\/\\\/tinesrail.com\\\/fr\\\/#\\\/schema\\\/logo\\\/image\\\/\"}}]}<\/script>\n<!-- \/ Yoast SEO plugin. -->","yoast_head_json":{"title":"TINES\u00ae Polyrail 50\/55 - Tines Rail","robots":{"index":"index","follow":"follow","max-snippet":"max-snippet:-1","max-image-preview":"max-image-preview:large","max-video-preview":"max-video-preview:-1"},"canonical":"https:\/\/tinesrail.com\/fr\/produits-et-systemes\/masses-de-coulage-elastiques-de-la-serie-tines-polyrail\/tines-polyrail-50-55\/","og_locale":"fr_FR","og_type":"article","og_title":"TINES\u00ae Polyrail 50\/55 - Tines Rail","og_url":"https:\/\/tinesrail.com\/fr\/produits-et-systemes\/masses-de-coulage-elastiques-de-la-serie-tines-polyrail\/tines-polyrail-50-55\/","og_site_name":"Tines Rail","article_modified_time":"2025-02-18T20:03:19+00:00","twitter_card":"summary_large_image","twitter_misc":{"Dur\u00e9e de lecture estim\u00e9e":"3 minutes"},"schema":{"@context":"https:\/\/schema.org","@graph":[{"@type":"WebPage","@id":"https:\/\/tinesrail.com\/fr\/produits-et-systemes\/masses-de-coulage-elastiques-de-la-serie-tines-polyrail\/tines-polyrail-50-55\/","url":"https:\/\/tinesrail.com\/fr\/produits-et-systemes\/masses-de-coulage-elastiques-de-la-serie-tines-polyrail\/tines-polyrail-50-55\/","name":"TINES\u00ae Polyrail 50\/55 - Tines Rail","isPartOf":{"@id":"https:\/\/tinesrail.com\/fr\/#website"},"datePublished":"2023-07-14T05:41:24+00:00","dateModified":"2025-02-18T20:03:19+00:00","breadcrumb":{"@id":"https:\/\/tinesrail.com\/fr\/produits-et-systemes\/masses-de-coulage-elastiques-de-la-serie-tines-polyrail\/tines-polyrail-50-55\/#breadcrumb"},"inLanguage":"fr-FR","potentialAction":[{"@type":"ReadAction","target":["https:\/\/tinesrail.com\/fr\/produits-et-systemes\/masses-de-coulage-elastiques-de-la-serie-tines-polyrail\/tines-polyrail-50-55\/"]}]},{"@type":"BreadcrumbList","@id":"https:\/\/tinesrail.com\/fr\/produits-et-systemes\/masses-de-coulage-elastiques-de-la-serie-tines-polyrail\/tines-polyrail-50-55\/#breadcrumb","itemListElement":[{"@type":"ListItem","position":1,"name":"Strona g\u0142\u00f3wna","item":"https:\/\/tinesrail.com\/fr\/"},{"@type":"ListItem","position":2,"name":"Produits et syst\u00e8mes","item":"https:\/\/tinesrail.com\/fr\/produits-et-systemes\/"},{"@type":"ListItem","position":3,"name":"Masses de coulage \u00e9lastiques de la s\u00e9rie TINES\u00ae Polyrail","item":"https:\/\/tinesrail.com\/fr\/produits-et-systemes\/masses-de-coulage-elastiques-de-la-serie-tines-polyrail\/"},{"@type":"ListItem","position":4,"name":"TINES\u00ae Polyrail 50\/55"}]},{"@type":"WebSite","@id":"https:\/\/tinesrail.com\/fr\/#website","url":"https:\/\/tinesrail.com\/fr\/","name":"Tines Rail","description":"","publisher":{"@id":"https:\/\/tinesrail.com\/fr\/#organization"},"potentialAction":[{"@type":"SearchAction","target":{"@type":"EntryPoint","urlTemplate":"https:\/\/tinesrail.com\/fr\/?s={search_term_string}"},"query-input":{"@type":"PropertyValueSpecification","valueRequired":true,"valueName":"search_term_string"}}],"inLanguage":"fr-FR"},{"@type":"Organization","@id":"https:\/\/tinesrail.com\/fr\/#organization","name":"Tines Rail","url":"https:\/\/tinesrail.com\/fr\/","logo":{"@type":"ImageObject","inLanguage":"fr-FR","@id":"https:\/\/tinesrail.com\/fr\/#\/schema\/logo\/image\/","url":"https:\/\/tinesrail.com\/fr\/wp-content\/uploads\/2021\/04\/Tines-logo-1.png","contentUrl":"https:\/\/tinesrail.com\/fr\/wp-content\/uploads\/2021\/04\/Tines-logo-1.png","width":203,"height":58,"caption":"Tines Rail"},"image":{"@id":"https:\/\/tinesrail.com\/fr\/#\/schema\/logo\/image\/"}}]}},"_links":{"self":[{"href":"https:\/\/tinesrail.com\/fr\/wp-json\/wp\/v2\/pages\/3689","targetHints":{"allow":["GET"]}}],"collection":[{"href":"https:\/\/tinesrail.com\/fr\/wp-json\/wp\/v2\/pages"}],"about":[{"href":"https:\/\/tinesrail.com\/fr\/wp-json\/wp\/v2\/types\/page"}],"author":[{"embeddable":true,"href":"https:\/\/tinesrail.com\/fr\/wp-json\/wp\/v2\/users\/1"}],"replies":[{"embeddable":true,"href":"https:\/\/tinesrail.com\/fr\/wp-json\/wp\/v2\/comments?post=3689"}],"version-history":[{"count":6,"href":"https:\/\/tinesrail.com\/fr\/wp-json\/wp\/v2\/pages\/3689\/revisions"}],"predecessor-version":[{"id":6695,"href":"https:\/\/tinesrail.com\/fr\/wp-json\/wp\/v2\/pages\/3689\/revisions\/6695"}],"up":[{"embeddable":true,"href":"https:\/\/tinesrail.com\/fr\/wp-json\/wp\/v2\/pages\/2748"}],"wp:attachment":[{"href":"https:\/\/tinesrail.com\/fr\/wp-json\/wp\/v2\/media?parent=3689"}],"curies":[{"name":"wp","href":"https:\/\/api.w.org\/{rel}","templated":true}]}}