{"id":2757,"date":"2022-10-06T06:38:08","date_gmt":"2022-10-06T08:38:08","guid":{"rendered":"https:\/\/tinesrail.com\/fr\/?page_id=2757"},"modified":"2025-02-18T18:07:49","modified_gmt":"2025-02-18T20:07:49","slug":"tines-polyrail-primer","status":"publish","type":"page","link":"https:\/\/tinesrail.com\/fr\/produits-et-systemes\/masses-de-coulage-elastiques-de-la-serie-tines-polyrail\/tines-polyrail-primer\/","title":{"rendered":"TINES\u00ae Polyrail Primer"},"content":{"rendered":"<div class=\"fusion-fullwidth fullwidth-box fusion-builder-row-1 fusion-flex-container has-pattern-background has-mask-background nonhundred-percent-fullwidth non-hundred-percent-height-scrolling\" style=\"--awb-border-radius-top-left:0px;--awb-border-radius-top-right:0px;--awb-border-radius-bottom-right:0px;--awb-border-radius-bottom-left:0px;--awb-padding-right-small:35px;--awb-padding-left-small:36px;--awb-flex-wrap:wrap;\" ><div class=\"fusion-builder-row fusion-row fusion-flex-align-items-flex-start fusion-flex-content-wrap\" style=\"max-width:1424.8px;margin-left: calc(-4% \/ 2 );margin-right: calc(-4% \/ 2 );\"><div class=\"fusion-layout-column fusion_builder_column fusion-builder-column-0 fusion_builder_column_1_1 1_1 fusion-flex-column\" style=\"--awb-bg-size:cover;--awb-width-large:100%;--awb-margin-top-large:0px;--awb-spacing-right-large:1.92%;--awb-margin-bottom-large:10%;--awb-spacing-left-large:1.92%;--awb-width-medium:100%;--awb-order-medium:0;--awb-spacing-right-medium:1.92%;--awb-spacing-left-medium:1.92%;--awb-width-small:100%;--awb-order-small:0;--awb-spacing-right-small:1.92%;--awb-spacing-left-small:1.92%;\"><div class=\"fusion-column-wrapper fusion-column-has-shadow fusion-flex-justify-content-flex-start fusion-content-layout-column\"><div class=\"fusion-text fusion-text-1\"><p>TINES\u00ae Polyrail Primer est un mat\u00e9riau de primaire \u00e9poxy bicomposant. Il est destin\u00e9 \u00e0 la pr\u00e9paration de surfaces s\u00e8ches en b\u00e9ton et en acier. Il am\u00e9liore l\u2019adh\u00e9rence des produits de la s\u00e9rie TINES\u00ae Polyrail au substrat. Il fait partie de l\u2019ensemble de mat\u00e9riaux TINES\u00ae utilis\u00e9 pour les syst\u00e8mes de fixation \u00e9lastique continue ou ponctuelle des rails dans les r\u00e9seaux de tramway. TINES\u00ae Polyrail Primer est fourni en ensembles pes\u00e9s compos\u00e9s des composants A et B.<\/p>\n<p><strong>Caract\u00e9ristiques du produit :<\/strong><\/p>\n<ul>\n<li>Excellente adh\u00e9rence sur les supports en b\u00e9ton et en acier,<\/li>\n<li>Mat\u00e9riau \u00e0 haute capacit\u00e9 de p\u00e9n\u00e9tration et de renforcement de surface des substrats en b\u00e9ton,<\/li>\n<li>Protection des surfaces en acier et en b\u00e9ton,<\/li>\n<li>Haute r\u00e9sistance m\u00e9canique,<\/li>\n<li>Excellentes propri\u00e9t\u00e9s d\u2019\u00e9tanch\u00e9it\u00e9,<\/li>\n<li>Haute r\u00e9sistance chimique \u2013 adapt\u00e9 aux structures soumises \u00e0 l\u2019eau, aux condensats et \u00e0 la condensation,<\/li>\n<li>Facilit\u00e9 de pr\u00e9paration et d\u2019application,<\/li>\n<li>Contr\u00f4le visuel ais\u00e9 de la couverture,<\/li>\n<li>Protection du b\u00e9ton contre la poussi\u00e8re, l\u2019infiltration d\u2019humidit\u00e9 et l\u2019absorption de liquides,<\/li>\n<li>Haute r\u00e9sistance \u00e0 l\u2019abrasion,<\/li>\n<li>Robustesse m\u00e9canique.<\/li>\n<\/ul>\n<p><strong>Documents :<\/strong><\/p>\n<ul>\n<li data-start=\"0\" data-end=\"67\">\u00c9valuation Technique Nationale n\u00b0 IBDIM-KOT-2020\/0471 \u00e9dition 2<\/li>\n<li data-start=\"68\" data-end=\"185\">Certificat de Conformit\u00e9 de Production d&rsquo;Usine n\u00b0 013-UWB-087 d\u00e9livr\u00e9 par Polskie Centrum Bada\u0144 i Certyfikacji SA<\/li>\n<li data-start=\"186\" data-end=\"234\">D\u00e9claration Nationale des Propri\u00e9t\u00e9s d\u2019Usage<\/li>\n<li data-start=\"235\" data-end=\"252\" data-is-last-node=\"\">Fiche Technique<\/li>\n<\/ul>\n<p>Pour pr\u00e9parer une offre technique-commerciale, veuillez nous contacter \u00e0 <a href=\"mailto:handlowy@tinesrail.com\"><span style=\"color: #00a3df;\"><span style=\"text-decoration: underline;\">handlowy@tinesrail.com<\/span><\/span><\/a><\/p>\n<\/div><\/div><\/div><\/div><\/div>\n","protected":false},"excerpt":{"rendered":"","protected":false},"author":1,"featured_media":0,"parent":2748,"menu_order":0,"comment_status":"closed","ping_status":"closed","template":"100-width.php","meta":{"footnotes":""},"class_list":["post-2757","page","type-page","status-publish","hentry"],"yoast_head":"<!-- This site is optimized with the Yoast SEO plugin v27.3 - https:\/\/yoast.com\/product\/yoast-seo-wordpress\/ -->\n<title>TINES\u00ae Polyrail Primer - Tines Rail<\/title>\n<meta name=\"robots\" content=\"index, follow, max-snippet:-1, max-image-preview:large, max-video-preview:-1\" \/>\n<link rel=\"canonical\" href=\"https:\/\/tinesrail.com\/fr\/produits-et-systemes\/masses-de-coulage-elastiques-de-la-serie-tines-polyrail\/tines-polyrail-primer\/\" \/>\n<meta property=\"og:locale\" content=\"fr_FR\" \/>\n<meta property=\"og:type\" content=\"article\" \/>\n<meta property=\"og:title\" content=\"TINES\u00ae Polyrail Primer - Tines Rail\" \/>\n<meta property=\"og:url\" content=\"https:\/\/tinesrail.com\/fr\/produits-et-systemes\/masses-de-coulage-elastiques-de-la-serie-tines-polyrail\/tines-polyrail-primer\/\" \/>\n<meta property=\"og:site_name\" content=\"Tines Rail\" \/>\n<meta property=\"article:modified_time\" content=\"2025-02-18T20:07:49+00:00\" \/>\n<meta name=\"twitter:card\" content=\"summary_large_image\" \/>\n<meta name=\"twitter:label1\" content=\"Dur\u00e9e de lecture estim\u00e9e\" \/>\n\t<meta name=\"twitter:data1\" content=\"2 minutes\" \/>\n<script type=\"application\/ld+json\" class=\"yoast-schema-graph\">{\"@context\":\"https:\\\/\\\/schema.org\",\"@graph\":[{\"@type\":\"WebPage\",\"@id\":\"https:\\\/\\\/tinesrail.com\\\/fr\\\/produits-et-systemes\\\/masses-de-coulage-elastiques-de-la-serie-tines-polyrail\\\/tines-polyrail-primer\\\/\",\"url\":\"https:\\\/\\\/tinesrail.com\\\/fr\\\/produits-et-systemes\\\/masses-de-coulage-elastiques-de-la-serie-tines-polyrail\\\/tines-polyrail-primer\\\/\",\"name\":\"TINES\u00ae Polyrail Primer - Tines Rail\",\"isPartOf\":{\"@id\":\"https:\\\/\\\/tinesrail.com\\\/fr\\\/#website\"},\"datePublished\":\"2022-10-06T08:38:08+00:00\",\"dateModified\":\"2025-02-18T20:07:49+00:00\",\"breadcrumb\":{\"@id\":\"https:\\\/\\\/tinesrail.com\\\/fr\\\/produits-et-systemes\\\/masses-de-coulage-elastiques-de-la-serie-tines-polyrail\\\/tines-polyrail-primer\\\/#breadcrumb\"},\"inLanguage\":\"fr-FR\",\"potentialAction\":[{\"@type\":\"ReadAction\",\"target\":[\"https:\\\/\\\/tinesrail.com\\\/fr\\\/produits-et-systemes\\\/masses-de-coulage-elastiques-de-la-serie-tines-polyrail\\\/tines-polyrail-primer\\\/\"]}]},{\"@type\":\"BreadcrumbList\",\"@id\":\"https:\\\/\\\/tinesrail.com\\\/fr\\\/produits-et-systemes\\\/masses-de-coulage-elastiques-de-la-serie-tines-polyrail\\\/tines-polyrail-primer\\\/#breadcrumb\",\"itemListElement\":[{\"@type\":\"ListItem\",\"position\":1,\"name\":\"Strona g\u0142\u00f3wna\",\"item\":\"https:\\\/\\\/tinesrail.com\\\/fr\\\/\"},{\"@type\":\"ListItem\",\"position\":2,\"name\":\"Produits et syst\u00e8mes\",\"item\":\"https:\\\/\\\/tinesrail.com\\\/fr\\\/produits-et-systemes\\\/\"},{\"@type\":\"ListItem\",\"position\":3,\"name\":\"Masses de coulage \u00e9lastiques de la s\u00e9rie TINES\u00ae Polyrail\",\"item\":\"https:\\\/\\\/tinesrail.com\\\/fr\\\/produits-et-systemes\\\/masses-de-coulage-elastiques-de-la-serie-tines-polyrail\\\/\"},{\"@type\":\"ListItem\",\"position\":4,\"name\":\"TINES\u00ae Polyrail Primer\"}]},{\"@type\":\"WebSite\",\"@id\":\"https:\\\/\\\/tinesrail.com\\\/fr\\\/#website\",\"url\":\"https:\\\/\\\/tinesrail.com\\\/fr\\\/\",\"name\":\"Tines Rail\",\"description\":\"\",\"publisher\":{\"@id\":\"https:\\\/\\\/tinesrail.com\\\/fr\\\/#organization\"},\"potentialAction\":[{\"@type\":\"SearchAction\",\"target\":{\"@type\":\"EntryPoint\",\"urlTemplate\":\"https:\\\/\\\/tinesrail.com\\\/fr\\\/?s={search_term_string}\"},\"query-input\":{\"@type\":\"PropertyValueSpecification\",\"valueRequired\":true,\"valueName\":\"search_term_string\"}}],\"inLanguage\":\"fr-FR\"},{\"@type\":\"Organization\",\"@id\":\"https:\\\/\\\/tinesrail.com\\\/fr\\\/#organization\",\"name\":\"Tines Rail\",\"url\":\"https:\\\/\\\/tinesrail.com\\\/fr\\\/\",\"logo\":{\"@type\":\"ImageObject\",\"inLanguage\":\"fr-FR\",\"@id\":\"https:\\\/\\\/tinesrail.com\\\/fr\\\/#\\\/schema\\\/logo\\\/image\\\/\",\"url\":\"https:\\\/\\\/tinesrail.com\\\/fr\\\/wp-content\\\/uploads\\\/2021\\\/04\\\/Tines-logo-1.png\",\"contentUrl\":\"https:\\\/\\\/tinesrail.com\\\/fr\\\/wp-content\\\/uploads\\\/2021\\\/04\\\/Tines-logo-1.png\",\"width\":203,\"height\":58,\"caption\":\"Tines Rail\"},\"image\":{\"@id\":\"https:\\\/\\\/tinesrail.com\\\/fr\\\/#\\\/schema\\\/logo\\\/image\\\/\"}}]}<\/script>\n<!-- \/ Yoast SEO plugin. -->","yoast_head_json":{"title":"TINES\u00ae Polyrail Primer - Tines Rail","robots":{"index":"index","follow":"follow","max-snippet":"max-snippet:-1","max-image-preview":"max-image-preview:large","max-video-preview":"max-video-preview:-1"},"canonical":"https:\/\/tinesrail.com\/fr\/produits-et-systemes\/masses-de-coulage-elastiques-de-la-serie-tines-polyrail\/tines-polyrail-primer\/","og_locale":"fr_FR","og_type":"article","og_title":"TINES\u00ae Polyrail Primer - Tines Rail","og_url":"https:\/\/tinesrail.com\/fr\/produits-et-systemes\/masses-de-coulage-elastiques-de-la-serie-tines-polyrail\/tines-polyrail-primer\/","og_site_name":"Tines Rail","article_modified_time":"2025-02-18T20:07:49+00:00","twitter_card":"summary_large_image","twitter_misc":{"Dur\u00e9e de lecture estim\u00e9e":"2 minutes"},"schema":{"@context":"https:\/\/schema.org","@graph":[{"@type":"WebPage","@id":"https:\/\/tinesrail.com\/fr\/produits-et-systemes\/masses-de-coulage-elastiques-de-la-serie-tines-polyrail\/tines-polyrail-primer\/","url":"https:\/\/tinesrail.com\/fr\/produits-et-systemes\/masses-de-coulage-elastiques-de-la-serie-tines-polyrail\/tines-polyrail-primer\/","name":"TINES\u00ae Polyrail Primer - Tines Rail","isPartOf":{"@id":"https:\/\/tinesrail.com\/fr\/#website"},"datePublished":"2022-10-06T08:38:08+00:00","dateModified":"2025-02-18T20:07:49+00:00","breadcrumb":{"@id":"https:\/\/tinesrail.com\/fr\/produits-et-systemes\/masses-de-coulage-elastiques-de-la-serie-tines-polyrail\/tines-polyrail-primer\/#breadcrumb"},"inLanguage":"fr-FR","potentialAction":[{"@type":"ReadAction","target":["https:\/\/tinesrail.com\/fr\/produits-et-systemes\/masses-de-coulage-elastiques-de-la-serie-tines-polyrail\/tines-polyrail-primer\/"]}]},{"@type":"BreadcrumbList","@id":"https:\/\/tinesrail.com\/fr\/produits-et-systemes\/masses-de-coulage-elastiques-de-la-serie-tines-polyrail\/tines-polyrail-primer\/#breadcrumb","itemListElement":[{"@type":"ListItem","position":1,"name":"Strona g\u0142\u00f3wna","item":"https:\/\/tinesrail.com\/fr\/"},{"@type":"ListItem","position":2,"name":"Produits et syst\u00e8mes","item":"https:\/\/tinesrail.com\/fr\/produits-et-systemes\/"},{"@type":"ListItem","position":3,"name":"Masses de coulage \u00e9lastiques de la s\u00e9rie TINES\u00ae Polyrail","item":"https:\/\/tinesrail.com\/fr\/produits-et-systemes\/masses-de-coulage-elastiques-de-la-serie-tines-polyrail\/"},{"@type":"ListItem","position":4,"name":"TINES\u00ae Polyrail Primer"}]},{"@type":"WebSite","@id":"https:\/\/tinesrail.com\/fr\/#website","url":"https:\/\/tinesrail.com\/fr\/","name":"Tines Rail","description":"","publisher":{"@id":"https:\/\/tinesrail.com\/fr\/#organization"},"potentialAction":[{"@type":"SearchAction","target":{"@type":"EntryPoint","urlTemplate":"https:\/\/tinesrail.com\/fr\/?s={search_term_string}"},"query-input":{"@type":"PropertyValueSpecification","valueRequired":true,"valueName":"search_term_string"}}],"inLanguage":"fr-FR"},{"@type":"Organization","@id":"https:\/\/tinesrail.com\/fr\/#organization","name":"Tines Rail","url":"https:\/\/tinesrail.com\/fr\/","logo":{"@type":"ImageObject","inLanguage":"fr-FR","@id":"https:\/\/tinesrail.com\/fr\/#\/schema\/logo\/image\/","url":"https:\/\/tinesrail.com\/fr\/wp-content\/uploads\/2021\/04\/Tines-logo-1.png","contentUrl":"https:\/\/tinesrail.com\/fr\/wp-content\/uploads\/2021\/04\/Tines-logo-1.png","width":203,"height":58,"caption":"Tines Rail"},"image":{"@id":"https:\/\/tinesrail.com\/fr\/#\/schema\/logo\/image\/"}}]}},"_links":{"self":[{"href":"https:\/\/tinesrail.com\/fr\/wp-json\/wp\/v2\/pages\/2757","targetHints":{"allow":["GET"]}}],"collection":[{"href":"https:\/\/tinesrail.com\/fr\/wp-json\/wp\/v2\/pages"}],"about":[{"href":"https:\/\/tinesrail.com\/fr\/wp-json\/wp\/v2\/types\/page"}],"author":[{"embeddable":true,"href":"https:\/\/tinesrail.com\/fr\/wp-json\/wp\/v2\/users\/1"}],"replies":[{"embeddable":true,"href":"https:\/\/tinesrail.com\/fr\/wp-json\/wp\/v2\/comments?post=2757"}],"version-history":[{"count":7,"href":"https:\/\/tinesrail.com\/fr\/wp-json\/wp\/v2\/pages\/2757\/revisions"}],"predecessor-version":[{"id":6698,"href":"https:\/\/tinesrail.com\/fr\/wp-json\/wp\/v2\/pages\/2757\/revisions\/6698"}],"up":[{"embeddable":true,"href":"https:\/\/tinesrail.com\/fr\/wp-json\/wp\/v2\/pages\/2748"}],"wp:attachment":[{"href":"https:\/\/tinesrail.com\/fr\/wp-json\/wp\/v2\/media?parent=2757"}],"curies":[{"name":"wp","href":"https:\/\/api.w.org\/{rel}","templated":true}]}}