{"id":2755,"date":"2022-10-06T06:33:42","date_gmt":"2022-10-06T08:33:42","guid":{"rendered":"https:\/\/tinesrail.com\/fr\/?page_id=2755"},"modified":"2025-02-18T18:06:33","modified_gmt":"2025-02-18T20:06:33","slug":"tines-polyrail-60","status":"publish","type":"page","link":"https:\/\/tinesrail.com\/fr\/produits-et-systemes\/masses-de-coulage-elastiques-de-la-serie-tines-polyrail\/tines-polyrail-60\/","title":{"rendered":"TINES\u00ae Polyrail 60"},"content":{"rendered":"<div class=\"fusion-fullwidth fullwidth-box fusion-builder-row-1 fusion-flex-container has-pattern-background has-mask-background nonhundred-percent-fullwidth non-hundred-percent-height-scrolling\" style=\"--awb-border-radius-top-left:0px;--awb-border-radius-top-right:0px;--awb-border-radius-bottom-right:0px;--awb-border-radius-bottom-left:0px;--awb-padding-right-small:42px;--awb-padding-left-small:40px;--awb-flex-wrap:wrap;\" ><div class=\"fusion-builder-row fusion-row fusion-flex-align-items-flex-start fusion-flex-content-wrap\" style=\"max-width:1424.8px;margin-left: calc(-4% \/ 2 );margin-right: calc(-4% \/ 2 );\"><div class=\"fusion-layout-column fusion_builder_column fusion-builder-column-0 fusion_builder_column_1_1 1_1 fusion-flex-column\" style=\"--awb-bg-size:cover;--awb-width-large:100%;--awb-margin-top-large:0px;--awb-spacing-right-large:1.92%;--awb-margin-bottom-large:10%;--awb-spacing-left-large:1.92%;--awb-width-medium:100%;--awb-order-medium:0;--awb-spacing-right-medium:1.92%;--awb-spacing-left-medium:1.92%;--awb-width-small:100%;--awb-order-small:0;--awb-spacing-right-small:1.92%;--awb-spacing-left-small:1.92%;\"><div class=\"fusion-column-wrapper fusion-column-has-shadow fusion-flex-justify-content-flex-start fusion-content-layout-column\"><div class=\"fusion-text fusion-text-1\"><p>TINES\u00ae Polyrail 60 est un mat\u00e9riau polym\u00e8re bicomposant sans solvant (r\u00e9sine polyur\u00e9thane) destin\u00e9 \u00e0 \u00eatre utilis\u00e9 dans l\u2019ing\u00e9nierie et la construction dans le secteur des transports. Il fait partie de l\u2019ensemble de mat\u00e9riaux TINES\u00ae utilis\u00e9 pour les syst\u00e8mes de fixation \u00e9lastique continue ou ponctuelle des rails dans les rev\u00eatements de voies ferroviaires.<\/p>\n<p><strong>Caract\u00e9ristiques du produit :<\/strong><\/p>\n<ul>\n<li>Amortissement des vibrations et r\u00e9duction du bruit,<\/li>\n<li>Mat\u00e9riau \u00e9lastique et flexible,<\/li>\n<li>Auto-nivelant (permet un r\u00e9glage pr\u00e9cis du rail et s\u2019adapte au support),<\/li>\n<li>Facile \u00e0 appliquer (faible viscosit\u00e9),<\/li>\n<li>Sans solvant,<\/li>\n<li>Ne contient pas de charges en caoutchouc ni en li\u00e8ge,<\/li>\n<li>Excellente adh\u00e9rence sur divers supports en association avec TINES\u00ae Polyrail Primer,<\/li>\n<li>Capacit\u00e9 \u00e0 combler les interstices \u00e9troits,<\/li>\n<li>Absorbe les contraintes dynamiques et prolonge la dur\u00e9e de vie du support en b\u00e9ton,<\/li>\n<li>Assure une protection contre les courants errants,<\/li>\n<li>Ne conduit pas l\u2019\u00e9lectricit\u00e9 (propri\u00e9t\u00e9s isolantes),<\/li>\n<li>R\u00e9sistant \u00e0 l\u2019action de l\u2019eau et de l\u2019humidit\u00e9,<\/li>\n<li>Longue dur\u00e9e de vie pr\u00e9vue et faibles co\u00fbts d\u2019entretien,<\/li>\n<li>Durabilit\u00e9 de la fixation des rails,<\/li>\n<li>Permet un remplacement rapide des rails et une fermeture courte de la voie,<\/li>\n<li>Exploitation pratiquement sans maintenance du r\u00e9seau.<\/li>\n<\/ul>\n<p><strong>Documents :<\/strong><\/p>\n<ul>\n<li data-start=\"0\" data-end=\"67\">\u00c9valuation Technique Nationale n\u00b0 IBDIM-KOT-2020\/0471 \u00e9dition 2<\/li>\n<li data-start=\"68\" data-end=\"185\">Certificat de Conformit\u00e9 de Production d&rsquo;Usine n\u00b0 013-UWB-087 d\u00e9livr\u00e9 par Polskie Centrum Bada\u0144 i Certyfikacji SA<\/li>\n<li data-start=\"186\" data-end=\"234\">D\u00e9claration Nationale des Propri\u00e9t\u00e9s d\u2019Usage<\/li>\n<li data-start=\"235\" data-end=\"252\" data-is-last-node=\"\">Fiche Technique<\/li>\n<\/ul>\n<p>Pour pr\u00e9parer une offre technique-commerciale, veuillez nous contacter \u00e0 <a href=\"mailto:handlowy@tinesrail.com\"><span style=\"text-decoration: underline;\"><span style=\"color: #00a3df; text-decoration: underline;\">handlowy@tinesrail.com<\/span><\/span><\/a><\/p>\n<\/div><\/div><\/div><\/div><\/div>\n","protected":false},"excerpt":{"rendered":"","protected":false},"author":1,"featured_media":0,"parent":2748,"menu_order":0,"comment_status":"closed","ping_status":"closed","template":"100-width.php","meta":{"footnotes":""},"class_list":["post-2755","page","type-page","status-publish","hentry"],"yoast_head":"<!-- This site is optimized with the Yoast SEO plugin v27.3 - https:\/\/yoast.com\/product\/yoast-seo-wordpress\/ -->\n<title>TINES\u00ae Polyrail 60 - Tines Rail<\/title>\n<meta name=\"robots\" content=\"index, follow, max-snippet:-1, max-image-preview:large, max-video-preview:-1\" \/>\n<link rel=\"canonical\" href=\"https:\/\/tinesrail.com\/fr\/produits-et-systemes\/masses-de-coulage-elastiques-de-la-serie-tines-polyrail\/tines-polyrail-60\/\" \/>\n<meta property=\"og:locale\" content=\"fr_FR\" \/>\n<meta property=\"og:type\" content=\"article\" \/>\n<meta property=\"og:title\" content=\"TINES\u00ae Polyrail 60 - Tines Rail\" \/>\n<meta property=\"og:url\" content=\"https:\/\/tinesrail.com\/fr\/produits-et-systemes\/masses-de-coulage-elastiques-de-la-serie-tines-polyrail\/tines-polyrail-60\/\" \/>\n<meta property=\"og:site_name\" content=\"Tines Rail\" \/>\n<meta property=\"article:modified_time\" content=\"2025-02-18T20:06:33+00:00\" \/>\n<meta name=\"twitter:card\" content=\"summary_large_image\" \/>\n<meta name=\"twitter:label1\" content=\"Dur\u00e9e de lecture estim\u00e9e\" \/>\n\t<meta name=\"twitter:data1\" content=\"2 minutes\" \/>\n<script type=\"application\/ld+json\" class=\"yoast-schema-graph\">{\"@context\":\"https:\\\/\\\/schema.org\",\"@graph\":[{\"@type\":\"WebPage\",\"@id\":\"https:\\\/\\\/tinesrail.com\\\/fr\\\/produits-et-systemes\\\/masses-de-coulage-elastiques-de-la-serie-tines-polyrail\\\/tines-polyrail-60\\\/\",\"url\":\"https:\\\/\\\/tinesrail.com\\\/fr\\\/produits-et-systemes\\\/masses-de-coulage-elastiques-de-la-serie-tines-polyrail\\\/tines-polyrail-60\\\/\",\"name\":\"TINES\u00ae Polyrail 60 - Tines Rail\",\"isPartOf\":{\"@id\":\"https:\\\/\\\/tinesrail.com\\\/fr\\\/#website\"},\"datePublished\":\"2022-10-06T08:33:42+00:00\",\"dateModified\":\"2025-02-18T20:06:33+00:00\",\"breadcrumb\":{\"@id\":\"https:\\\/\\\/tinesrail.com\\\/fr\\\/produits-et-systemes\\\/masses-de-coulage-elastiques-de-la-serie-tines-polyrail\\\/tines-polyrail-60\\\/#breadcrumb\"},\"inLanguage\":\"fr-FR\",\"potentialAction\":[{\"@type\":\"ReadAction\",\"target\":[\"https:\\\/\\\/tinesrail.com\\\/fr\\\/produits-et-systemes\\\/masses-de-coulage-elastiques-de-la-serie-tines-polyrail\\\/tines-polyrail-60\\\/\"]}]},{\"@type\":\"BreadcrumbList\",\"@id\":\"https:\\\/\\\/tinesrail.com\\\/fr\\\/produits-et-systemes\\\/masses-de-coulage-elastiques-de-la-serie-tines-polyrail\\\/tines-polyrail-60\\\/#breadcrumb\",\"itemListElement\":[{\"@type\":\"ListItem\",\"position\":1,\"name\":\"Strona g\u0142\u00f3wna\",\"item\":\"https:\\\/\\\/tinesrail.com\\\/fr\\\/\"},{\"@type\":\"ListItem\",\"position\":2,\"name\":\"Produits et syst\u00e8mes\",\"item\":\"https:\\\/\\\/tinesrail.com\\\/fr\\\/produits-et-systemes\\\/\"},{\"@type\":\"ListItem\",\"position\":3,\"name\":\"Masses de coulage \u00e9lastiques de la s\u00e9rie TINES\u00ae Polyrail\",\"item\":\"https:\\\/\\\/tinesrail.com\\\/fr\\\/produits-et-systemes\\\/masses-de-coulage-elastiques-de-la-serie-tines-polyrail\\\/\"},{\"@type\":\"ListItem\",\"position\":4,\"name\":\"TINES\u00ae Polyrail 60\"}]},{\"@type\":\"WebSite\",\"@id\":\"https:\\\/\\\/tinesrail.com\\\/fr\\\/#website\",\"url\":\"https:\\\/\\\/tinesrail.com\\\/fr\\\/\",\"name\":\"Tines Rail\",\"description\":\"\",\"publisher\":{\"@id\":\"https:\\\/\\\/tinesrail.com\\\/fr\\\/#organization\"},\"potentialAction\":[{\"@type\":\"SearchAction\",\"target\":{\"@type\":\"EntryPoint\",\"urlTemplate\":\"https:\\\/\\\/tinesrail.com\\\/fr\\\/?s={search_term_string}\"},\"query-input\":{\"@type\":\"PropertyValueSpecification\",\"valueRequired\":true,\"valueName\":\"search_term_string\"}}],\"inLanguage\":\"fr-FR\"},{\"@type\":\"Organization\",\"@id\":\"https:\\\/\\\/tinesrail.com\\\/fr\\\/#organization\",\"name\":\"Tines Rail\",\"url\":\"https:\\\/\\\/tinesrail.com\\\/fr\\\/\",\"logo\":{\"@type\":\"ImageObject\",\"inLanguage\":\"fr-FR\",\"@id\":\"https:\\\/\\\/tinesrail.com\\\/fr\\\/#\\\/schema\\\/logo\\\/image\\\/\",\"url\":\"https:\\\/\\\/tinesrail.com\\\/fr\\\/wp-content\\\/uploads\\\/2021\\\/04\\\/Tines-logo-1.png\",\"contentUrl\":\"https:\\\/\\\/tinesrail.com\\\/fr\\\/wp-content\\\/uploads\\\/2021\\\/04\\\/Tines-logo-1.png\",\"width\":203,\"height\":58,\"caption\":\"Tines Rail\"},\"image\":{\"@id\":\"https:\\\/\\\/tinesrail.com\\\/fr\\\/#\\\/schema\\\/logo\\\/image\\\/\"}}]}<\/script>\n<!-- \/ Yoast SEO plugin. -->","yoast_head_json":{"title":"TINES\u00ae Polyrail 60 - Tines Rail","robots":{"index":"index","follow":"follow","max-snippet":"max-snippet:-1","max-image-preview":"max-image-preview:large","max-video-preview":"max-video-preview:-1"},"canonical":"https:\/\/tinesrail.com\/fr\/produits-et-systemes\/masses-de-coulage-elastiques-de-la-serie-tines-polyrail\/tines-polyrail-60\/","og_locale":"fr_FR","og_type":"article","og_title":"TINES\u00ae Polyrail 60 - Tines Rail","og_url":"https:\/\/tinesrail.com\/fr\/produits-et-systemes\/masses-de-coulage-elastiques-de-la-serie-tines-polyrail\/tines-polyrail-60\/","og_site_name":"Tines Rail","article_modified_time":"2025-02-18T20:06:33+00:00","twitter_card":"summary_large_image","twitter_misc":{"Dur\u00e9e de lecture estim\u00e9e":"2 minutes"},"schema":{"@context":"https:\/\/schema.org","@graph":[{"@type":"WebPage","@id":"https:\/\/tinesrail.com\/fr\/produits-et-systemes\/masses-de-coulage-elastiques-de-la-serie-tines-polyrail\/tines-polyrail-60\/","url":"https:\/\/tinesrail.com\/fr\/produits-et-systemes\/masses-de-coulage-elastiques-de-la-serie-tines-polyrail\/tines-polyrail-60\/","name":"TINES\u00ae Polyrail 60 - Tines Rail","isPartOf":{"@id":"https:\/\/tinesrail.com\/fr\/#website"},"datePublished":"2022-10-06T08:33:42+00:00","dateModified":"2025-02-18T20:06:33+00:00","breadcrumb":{"@id":"https:\/\/tinesrail.com\/fr\/produits-et-systemes\/masses-de-coulage-elastiques-de-la-serie-tines-polyrail\/tines-polyrail-60\/#breadcrumb"},"inLanguage":"fr-FR","potentialAction":[{"@type":"ReadAction","target":["https:\/\/tinesrail.com\/fr\/produits-et-systemes\/masses-de-coulage-elastiques-de-la-serie-tines-polyrail\/tines-polyrail-60\/"]}]},{"@type":"BreadcrumbList","@id":"https:\/\/tinesrail.com\/fr\/produits-et-systemes\/masses-de-coulage-elastiques-de-la-serie-tines-polyrail\/tines-polyrail-60\/#breadcrumb","itemListElement":[{"@type":"ListItem","position":1,"name":"Strona g\u0142\u00f3wna","item":"https:\/\/tinesrail.com\/fr\/"},{"@type":"ListItem","position":2,"name":"Produits et syst\u00e8mes","item":"https:\/\/tinesrail.com\/fr\/produits-et-systemes\/"},{"@type":"ListItem","position":3,"name":"Masses de coulage \u00e9lastiques de la s\u00e9rie TINES\u00ae Polyrail","item":"https:\/\/tinesrail.com\/fr\/produits-et-systemes\/masses-de-coulage-elastiques-de-la-serie-tines-polyrail\/"},{"@type":"ListItem","position":4,"name":"TINES\u00ae Polyrail 60"}]},{"@type":"WebSite","@id":"https:\/\/tinesrail.com\/fr\/#website","url":"https:\/\/tinesrail.com\/fr\/","name":"Tines Rail","description":"","publisher":{"@id":"https:\/\/tinesrail.com\/fr\/#organization"},"potentialAction":[{"@type":"SearchAction","target":{"@type":"EntryPoint","urlTemplate":"https:\/\/tinesrail.com\/fr\/?s={search_term_string}"},"query-input":{"@type":"PropertyValueSpecification","valueRequired":true,"valueName":"search_term_string"}}],"inLanguage":"fr-FR"},{"@type":"Organization","@id":"https:\/\/tinesrail.com\/fr\/#organization","name":"Tines Rail","url":"https:\/\/tinesrail.com\/fr\/","logo":{"@type":"ImageObject","inLanguage":"fr-FR","@id":"https:\/\/tinesrail.com\/fr\/#\/schema\/logo\/image\/","url":"https:\/\/tinesrail.com\/fr\/wp-content\/uploads\/2021\/04\/Tines-logo-1.png","contentUrl":"https:\/\/tinesrail.com\/fr\/wp-content\/uploads\/2021\/04\/Tines-logo-1.png","width":203,"height":58,"caption":"Tines Rail"},"image":{"@id":"https:\/\/tinesrail.com\/fr\/#\/schema\/logo\/image\/"}}]}},"_links":{"self":[{"href":"https:\/\/tinesrail.com\/fr\/wp-json\/wp\/v2\/pages\/2755","targetHints":{"allow":["GET"]}}],"collection":[{"href":"https:\/\/tinesrail.com\/fr\/wp-json\/wp\/v2\/pages"}],"about":[{"href":"https:\/\/tinesrail.com\/fr\/wp-json\/wp\/v2\/types\/page"}],"author":[{"embeddable":true,"href":"https:\/\/tinesrail.com\/fr\/wp-json\/wp\/v2\/users\/1"}],"replies":[{"embeddable":true,"href":"https:\/\/tinesrail.com\/fr\/wp-json\/wp\/v2\/comments?post=2755"}],"version-history":[{"count":4,"href":"https:\/\/tinesrail.com\/fr\/wp-json\/wp\/v2\/pages\/2755\/revisions"}],"predecessor-version":[{"id":6697,"href":"https:\/\/tinesrail.com\/fr\/wp-json\/wp\/v2\/pages\/2755\/revisions\/6697"}],"up":[{"embeddable":true,"href":"https:\/\/tinesrail.com\/fr\/wp-json\/wp\/v2\/pages\/2748"}],"wp:attachment":[{"href":"https:\/\/tinesrail.com\/fr\/wp-json\/wp\/v2\/media?parent=2755"}],"curies":[{"name":"wp","href":"https:\/\/api.w.org\/{rel}","templated":true}]}}