{"id":2743,"date":"2022-10-06T05:37:10","date_gmt":"2022-10-06T07:37:10","guid":{"rendered":"https:\/\/tinesrail.com\/fr\/?page_id=2743"},"modified":"2025-02-18T17:34:07","modified_gmt":"2025-02-18T19:34:07","slug":"dalles-prefabriquees-de-revetement-ferroviaire-route-integre-tines-lc-l","status":"publish","type":"page","link":"https:\/\/tinesrail.com\/fr\/produits-et-systemes\/prefabriques\/dalles-prefabriquees-de-revetement-ferroviaire-route-integre-tines-lc-l\/","title":{"rendered":"Dalles pr\u00e9fabriqu\u00e9es de rev\u00eatement ferroviaire-route int\u00e9gr\u00e9 TINES\u00ae LC-L"},"content":{"rendered":"<div class=\"fusion-fullwidth fullwidth-box fusion-builder-row-1 fusion-flex-container has-pattern-background has-mask-background nonhundred-percent-fullwidth non-hundred-percent-height-scrolling\" style=\"--awb-border-radius-top-left:0px;--awb-border-radius-top-right:0px;--awb-border-radius-bottom-right:0px;--awb-border-radius-bottom-left:0px;--awb-padding-right-small:35px;--awb-padding-left-small:33px;--awb-flex-wrap:wrap;\" ><div class=\"fusion-builder-row fusion-row fusion-flex-align-items-flex-start fusion-flex-content-wrap\" style=\"max-width:1424.8px;margin-left: calc(-4% \/ 2 );margin-right: calc(-4% \/ 2 );\"><div class=\"fusion-layout-column fusion_builder_column fusion-builder-column-0 fusion_builder_column_1_1 1_1 fusion-flex-column\" style=\"--awb-bg-size:cover;--awb-width-large:100%;--awb-margin-top-large:0px;--awb-spacing-right-large:1.92%;--awb-margin-bottom-large:10%;--awb-spacing-left-large:1.92%;--awb-width-medium:100%;--awb-order-medium:0;--awb-spacing-right-medium:1.92%;--awb-spacing-left-medium:1.92%;--awb-width-small:100%;--awb-order-small:0;--awb-spacing-right-small:1.92%;--awb-spacing-left-small:1.92%;\"><div class=\"fusion-column-wrapper fusion-column-has-shadow fusion-flex-justify-content-flex-start fusion-content-layout-column\"><div class=\"fusion-image-element \" style=\"text-align:center;--awb-caption-title-font-family:var(--h2_typography-font-family);--awb-caption-title-font-weight:var(--h2_typography-font-weight);--awb-caption-title-font-style:var(--h2_typography-font-style);--awb-caption-title-size:var(--h2_typography-font-size);--awb-caption-title-transform:var(--h2_typography-text-transform);--awb-caption-title-line-height:var(--h2_typography-line-height);--awb-caption-title-letter-spacing:var(--h2_typography-letter-spacing);\"><span class=\" fusion-imageframe imageframe-none imageframe-1 hover-type-none\"><img decoding=\"async\" width=\"817\" height=\"494\" alt=\"P\u0142yta prefabrykowana dla torowisk tramwajowych\" title=\"P\u0142yta prefabrykowana dla torowisk tramwajowych\" src=\"https:\/\/tinesrail.com\/fr\/wp-content\/uploads\/2023\/05\/Plyta-prefabrykowana-dla-torowisk-tramwajowych.jpg\" data-orig-src=\"https:\/\/tinesrail.com\/fr\/wp-content\/uploads\/2023\/05\/Plyta-prefabrykowana-dla-torowisk-tramwajowych.jpg\" class=\"lazyload img-responsive wp-image-3575\" srcset=\"data:image\/svg+xml,%3Csvg%20xmlns%3D%27http%3A%2F%2Fwww.w3.org%2F2000%2Fsvg%27%20width%3D%27817%27%20height%3D%27494%27%20viewBox%3D%270%200%20817%20494%27%3E%3Crect%20width%3D%27817%27%20height%3D%27494%27%20fill-opacity%3D%220%22%2F%3E%3C%2Fsvg%3E\" data-srcset=\"https:\/\/tinesrail.com\/fr\/wp-content\/uploads\/2023\/05\/Plyta-prefabrykowana-dla-torowisk-tramwajowych-200x121.jpg 200w, https:\/\/tinesrail.com\/fr\/wp-content\/uploads\/2023\/05\/Plyta-prefabrykowana-dla-torowisk-tramwajowych-400x242.jpg 400w, https:\/\/tinesrail.com\/fr\/wp-content\/uploads\/2023\/05\/Plyta-prefabrykowana-dla-torowisk-tramwajowych-600x363.jpg 600w, https:\/\/tinesrail.com\/fr\/wp-content\/uploads\/2023\/05\/Plyta-prefabrykowana-dla-torowisk-tramwajowych-800x484.jpg 800w, https:\/\/tinesrail.com\/fr\/wp-content\/uploads\/2023\/05\/Plyta-prefabrykowana-dla-torowisk-tramwajowych.jpg 817w\" data-sizes=\"auto\" data-orig-sizes=\"(max-width: 640px) 100vw, 817px\" \/><\/span><\/div><div class=\"fusion-text fusion-text-1\"><p>Les dalles pr\u00e9fabriqu\u00e9es en b\u00e9ton arm\u00e9 TINES\u00ae LC-L, destin\u00e9es au rev\u00eatement ferroviaire-route int\u00e9gr\u00e9, sont fabriqu\u00e9es selon des dimensions standard :<\/p>\n<ul>\n<li><strong>Largeur :<\/strong> 2,40 m<\/li>\n<li><strong>\u00c9paisseur :<\/strong> 0,40 m<\/li>\n<li><strong>Longueur :<\/strong> 3,0 m (TINES\u00ae LC-L3), 4,0 m (TINES\u00ae LC-L4), 6,0 m (TINES\u00ae LC-L6)<\/li>\n<\/ul>\n<p>Le choix des dimensions des dalles d\u00e9pend de la configuration g\u00e9om\u00e9trique de la voie. Le rev\u00eatement ferroviaire-route int\u00e9gr\u00e9 peut \u00eatre utilis\u00e9 sur des lignes monopistes ou multipistes, dans des voies de toutes classes, avec une largeur de 1435 mm ou 1520 mm, \u00e9quip\u00e9es de rails 49E1 et 60E1, sur des tron\u00e7ons droits ou dans des courbes de rayon :<\/p>\n<ul>\n<li><strong>R \u2265 650 m<\/strong> pour les dalles de 6 m (TINES\u00ae LC-L6)<\/li>\n<li><strong>R \u2265 300 m<\/strong> pour les dalles de 4 m (TINES\u00ae LC-L4)<\/li>\n<li><strong>R \u2265 180 m<\/strong> pour les dalles de 3 m (TINES\u00ae LC-L3)<\/li>\n<\/ul>\n<p><strong>Documents :<\/strong><\/p>\n<ul>\n<li data-start=\"17\" data-end=\"81\">\u00c9valuation Technique Nationale n\u00b0 IK-KOT-2020\/0091 \u00e9dition 4<\/li>\n<li data-start=\"82\" data-end=\"147\">Certificat de Conformit\u00e9 de Production d&rsquo;Usine n\u00b0 128-UWB-081<\/li>\n<li data-start=\"148\" data-end=\"198\">D\u00e9clarations Nationales des Propri\u00e9t\u00e9s d\u2019Usage<\/li>\n<li data-start=\"199\" data-end=\"220\">Fiches Techniques<\/li>\n<\/ul>\n<p>Pour pr\u00e9parer une offre technique-commerciale, veuillez nous contacter : <a href=\"mailto:handlowy@tinesrail.com\"><span style=\"text-decoration: underline; color: #00a3df;\">handlowy@tinesrail.com<\/span><\/a><\/p>\n<\/div><\/div><\/div><\/div><\/div>\n","protected":false},"excerpt":{"rendered":"","protected":false},"author":1,"featured_media":3575,"parent":2733,"menu_order":0,"comment_status":"closed","ping_status":"closed","template":"100-width.php","meta":{"footnotes":""},"class_list":["post-2743","page","type-page","status-publish","has-post-thumbnail","hentry"],"yoast_head":"<!-- This site is optimized with the Yoast SEO plugin v27.3 - https:\/\/yoast.com\/product\/yoast-seo-wordpress\/ -->\n<title>Dalles pr\u00e9fabriqu\u00e9es de rev\u00eatement ferroviaire-route int\u00e9gr\u00e9 TINES\u00ae LC-L - Tines Rail<\/title>\n<meta name=\"robots\" content=\"index, follow, max-snippet:-1, max-image-preview:large, max-video-preview:-1\" \/>\n<link rel=\"canonical\" href=\"https:\/\/tinesrail.com\/fr\/produits-et-systemes\/prefabriques\/dalles-prefabriquees-de-revetement-ferroviaire-route-integre-tines-lc-l\/\" \/>\n<meta property=\"og:locale\" content=\"fr_FR\" \/>\n<meta property=\"og:type\" content=\"article\" \/>\n<meta property=\"og:title\" content=\"Dalles pr\u00e9fabriqu\u00e9es de rev\u00eatement ferroviaire-route int\u00e9gr\u00e9 TINES\u00ae LC-L - Tines Rail\" \/>\n<meta property=\"og:url\" content=\"https:\/\/tinesrail.com\/fr\/produits-et-systemes\/prefabriques\/dalles-prefabriquees-de-revetement-ferroviaire-route-integre-tines-lc-l\/\" \/>\n<meta property=\"og:site_name\" content=\"Tines Rail\" \/>\n<meta property=\"article:modified_time\" content=\"2025-02-18T19:34:07+00:00\" \/>\n<meta property=\"og:image\" content=\"https:\/\/tinesrail.com\/fr\/wp-content\/uploads\/2023\/05\/Plyta-prefabrykowana-dla-torowisk-tramwajowych.jpg\" \/>\n\t<meta property=\"og:image:width\" content=\"817\" \/>\n\t<meta property=\"og:image:height\" content=\"494\" \/>\n\t<meta property=\"og:image:type\" content=\"image\/jpeg\" \/>\n<meta name=\"twitter:card\" content=\"summary_large_image\" \/>\n<meta name=\"twitter:label1\" content=\"Dur\u00e9e de lecture estim\u00e9e\" \/>\n\t<meta name=\"twitter:data1\" content=\"2 minutes\" \/>\n<script type=\"application\/ld+json\" class=\"yoast-schema-graph\">{\"@context\":\"https:\\\/\\\/schema.org\",\"@graph\":[{\"@type\":\"WebPage\",\"@id\":\"https:\\\/\\\/tinesrail.com\\\/fr\\\/produits-et-systemes\\\/prefabriques\\\/dalles-prefabriquees-de-revetement-ferroviaire-route-integre-tines-lc-l\\\/\",\"url\":\"https:\\\/\\\/tinesrail.com\\\/fr\\\/produits-et-systemes\\\/prefabriques\\\/dalles-prefabriquees-de-revetement-ferroviaire-route-integre-tines-lc-l\\\/\",\"name\":\"Dalles pr\u00e9fabriqu\u00e9es de rev\u00eatement ferroviaire-route int\u00e9gr\u00e9 TINES\u00ae LC-L - Tines Rail\",\"isPartOf\":{\"@id\":\"https:\\\/\\\/tinesrail.com\\\/fr\\\/#website\"},\"primaryImageOfPage\":{\"@id\":\"https:\\\/\\\/tinesrail.com\\\/fr\\\/produits-et-systemes\\\/prefabriques\\\/dalles-prefabriquees-de-revetement-ferroviaire-route-integre-tines-lc-l\\\/#primaryimage\"},\"image\":{\"@id\":\"https:\\\/\\\/tinesrail.com\\\/fr\\\/produits-et-systemes\\\/prefabriques\\\/dalles-prefabriquees-de-revetement-ferroviaire-route-integre-tines-lc-l\\\/#primaryimage\"},\"thumbnailUrl\":\"https:\\\/\\\/tinesrail.com\\\/fr\\\/wp-content\\\/uploads\\\/2023\\\/05\\\/Plyta-prefabrykowana-dla-torowisk-tramwajowych.jpg\",\"datePublished\":\"2022-10-06T07:37:10+00:00\",\"dateModified\":\"2025-02-18T19:34:07+00:00\",\"breadcrumb\":{\"@id\":\"https:\\\/\\\/tinesrail.com\\\/fr\\\/produits-et-systemes\\\/prefabriques\\\/dalles-prefabriquees-de-revetement-ferroviaire-route-integre-tines-lc-l\\\/#breadcrumb\"},\"inLanguage\":\"fr-FR\",\"potentialAction\":[{\"@type\":\"ReadAction\",\"target\":[\"https:\\\/\\\/tinesrail.com\\\/fr\\\/produits-et-systemes\\\/prefabriques\\\/dalles-prefabriquees-de-revetement-ferroviaire-route-integre-tines-lc-l\\\/\"]}]},{\"@type\":\"ImageObject\",\"inLanguage\":\"fr-FR\",\"@id\":\"https:\\\/\\\/tinesrail.com\\\/fr\\\/produits-et-systemes\\\/prefabriques\\\/dalles-prefabriquees-de-revetement-ferroviaire-route-integre-tines-lc-l\\\/#primaryimage\",\"url\":\"https:\\\/\\\/tinesrail.com\\\/fr\\\/wp-content\\\/uploads\\\/2023\\\/05\\\/Plyta-prefabrykowana-dla-torowisk-tramwajowych.jpg\",\"contentUrl\":\"https:\\\/\\\/tinesrail.com\\\/fr\\\/wp-content\\\/uploads\\\/2023\\\/05\\\/Plyta-prefabrykowana-dla-torowisk-tramwajowych.jpg\",\"width\":817,\"height\":494,\"caption\":\"P\u0142yta prefabrykowana dla torowisk tramwajowych\"},{\"@type\":\"BreadcrumbList\",\"@id\":\"https:\\\/\\\/tinesrail.com\\\/fr\\\/produits-et-systemes\\\/prefabriques\\\/dalles-prefabriquees-de-revetement-ferroviaire-route-integre-tines-lc-l\\\/#breadcrumb\",\"itemListElement\":[{\"@type\":\"ListItem\",\"position\":1,\"name\":\"Strona g\u0142\u00f3wna\",\"item\":\"https:\\\/\\\/tinesrail.com\\\/fr\\\/\"},{\"@type\":\"ListItem\",\"position\":2,\"name\":\"Produits et syst\u00e8mes\",\"item\":\"https:\\\/\\\/tinesrail.com\\\/fr\\\/produits-et-systemes\\\/\"},{\"@type\":\"ListItem\",\"position\":3,\"name\":\"Pr\u00e9fabriqu\u00e9s\",\"item\":\"https:\\\/\\\/tinesrail.com\\\/fr\\\/produits-et-systemes\\\/prefabriques\\\/\"},{\"@type\":\"ListItem\",\"position\":4,\"name\":\"Dalles pr\u00e9fabriqu\u00e9es de rev\u00eatement ferroviaire-route int\u00e9gr\u00e9 TINES\u00ae LC-L\"}]},{\"@type\":\"WebSite\",\"@id\":\"https:\\\/\\\/tinesrail.com\\\/fr\\\/#website\",\"url\":\"https:\\\/\\\/tinesrail.com\\\/fr\\\/\",\"name\":\"Tines Rail\",\"description\":\"\",\"publisher\":{\"@id\":\"https:\\\/\\\/tinesrail.com\\\/fr\\\/#organization\"},\"potentialAction\":[{\"@type\":\"SearchAction\",\"target\":{\"@type\":\"EntryPoint\",\"urlTemplate\":\"https:\\\/\\\/tinesrail.com\\\/fr\\\/?s={search_term_string}\"},\"query-input\":{\"@type\":\"PropertyValueSpecification\",\"valueRequired\":true,\"valueName\":\"search_term_string\"}}],\"inLanguage\":\"fr-FR\"},{\"@type\":\"Organization\",\"@id\":\"https:\\\/\\\/tinesrail.com\\\/fr\\\/#organization\",\"name\":\"Tines Rail\",\"url\":\"https:\\\/\\\/tinesrail.com\\\/fr\\\/\",\"logo\":{\"@type\":\"ImageObject\",\"inLanguage\":\"fr-FR\",\"@id\":\"https:\\\/\\\/tinesrail.com\\\/fr\\\/#\\\/schema\\\/logo\\\/image\\\/\",\"url\":\"https:\\\/\\\/tinesrail.com\\\/fr\\\/wp-content\\\/uploads\\\/2021\\\/04\\\/Tines-logo-1.png\",\"contentUrl\":\"https:\\\/\\\/tinesrail.com\\\/fr\\\/wp-content\\\/uploads\\\/2021\\\/04\\\/Tines-logo-1.png\",\"width\":203,\"height\":58,\"caption\":\"Tines Rail\"},\"image\":{\"@id\":\"https:\\\/\\\/tinesrail.com\\\/fr\\\/#\\\/schema\\\/logo\\\/image\\\/\"}}]}<\/script>\n<!-- \/ Yoast SEO plugin. -->","yoast_head_json":{"title":"Dalles pr\u00e9fabriqu\u00e9es de rev\u00eatement ferroviaire-route int\u00e9gr\u00e9 TINES\u00ae LC-L - Tines Rail","robots":{"index":"index","follow":"follow","max-snippet":"max-snippet:-1","max-image-preview":"max-image-preview:large","max-video-preview":"max-video-preview:-1"},"canonical":"https:\/\/tinesrail.com\/fr\/produits-et-systemes\/prefabriques\/dalles-prefabriquees-de-revetement-ferroviaire-route-integre-tines-lc-l\/","og_locale":"fr_FR","og_type":"article","og_title":"Dalles pr\u00e9fabriqu\u00e9es de rev\u00eatement ferroviaire-route int\u00e9gr\u00e9 TINES\u00ae LC-L - Tines Rail","og_url":"https:\/\/tinesrail.com\/fr\/produits-et-systemes\/prefabriques\/dalles-prefabriquees-de-revetement-ferroviaire-route-integre-tines-lc-l\/","og_site_name":"Tines Rail","article_modified_time":"2025-02-18T19:34:07+00:00","og_image":[{"width":817,"height":494,"url":"https:\/\/tinesrail.com\/fr\/wp-content\/uploads\/2023\/05\/Plyta-prefabrykowana-dla-torowisk-tramwajowych.jpg","type":"image\/jpeg"}],"twitter_card":"summary_large_image","twitter_misc":{"Dur\u00e9e de lecture estim\u00e9e":"2 minutes"},"schema":{"@context":"https:\/\/schema.org","@graph":[{"@type":"WebPage","@id":"https:\/\/tinesrail.com\/fr\/produits-et-systemes\/prefabriques\/dalles-prefabriquees-de-revetement-ferroviaire-route-integre-tines-lc-l\/","url":"https:\/\/tinesrail.com\/fr\/produits-et-systemes\/prefabriques\/dalles-prefabriquees-de-revetement-ferroviaire-route-integre-tines-lc-l\/","name":"Dalles pr\u00e9fabriqu\u00e9es de rev\u00eatement ferroviaire-route int\u00e9gr\u00e9 TINES\u00ae LC-L - Tines Rail","isPartOf":{"@id":"https:\/\/tinesrail.com\/fr\/#website"},"primaryImageOfPage":{"@id":"https:\/\/tinesrail.com\/fr\/produits-et-systemes\/prefabriques\/dalles-prefabriquees-de-revetement-ferroviaire-route-integre-tines-lc-l\/#primaryimage"},"image":{"@id":"https:\/\/tinesrail.com\/fr\/produits-et-systemes\/prefabriques\/dalles-prefabriquees-de-revetement-ferroviaire-route-integre-tines-lc-l\/#primaryimage"},"thumbnailUrl":"https:\/\/tinesrail.com\/fr\/wp-content\/uploads\/2023\/05\/Plyta-prefabrykowana-dla-torowisk-tramwajowych.jpg","datePublished":"2022-10-06T07:37:10+00:00","dateModified":"2025-02-18T19:34:07+00:00","breadcrumb":{"@id":"https:\/\/tinesrail.com\/fr\/produits-et-systemes\/prefabriques\/dalles-prefabriquees-de-revetement-ferroviaire-route-integre-tines-lc-l\/#breadcrumb"},"inLanguage":"fr-FR","potentialAction":[{"@type":"ReadAction","target":["https:\/\/tinesrail.com\/fr\/produits-et-systemes\/prefabriques\/dalles-prefabriquees-de-revetement-ferroviaire-route-integre-tines-lc-l\/"]}]},{"@type":"ImageObject","inLanguage":"fr-FR","@id":"https:\/\/tinesrail.com\/fr\/produits-et-systemes\/prefabriques\/dalles-prefabriquees-de-revetement-ferroviaire-route-integre-tines-lc-l\/#primaryimage","url":"https:\/\/tinesrail.com\/fr\/wp-content\/uploads\/2023\/05\/Plyta-prefabrykowana-dla-torowisk-tramwajowych.jpg","contentUrl":"https:\/\/tinesrail.com\/fr\/wp-content\/uploads\/2023\/05\/Plyta-prefabrykowana-dla-torowisk-tramwajowych.jpg","width":817,"height":494,"caption":"P\u0142yta prefabrykowana dla torowisk tramwajowych"},{"@type":"BreadcrumbList","@id":"https:\/\/tinesrail.com\/fr\/produits-et-systemes\/prefabriques\/dalles-prefabriquees-de-revetement-ferroviaire-route-integre-tines-lc-l\/#breadcrumb","itemListElement":[{"@type":"ListItem","position":1,"name":"Strona g\u0142\u00f3wna","item":"https:\/\/tinesrail.com\/fr\/"},{"@type":"ListItem","position":2,"name":"Produits et syst\u00e8mes","item":"https:\/\/tinesrail.com\/fr\/produits-et-systemes\/"},{"@type":"ListItem","position":3,"name":"Pr\u00e9fabriqu\u00e9s","item":"https:\/\/tinesrail.com\/fr\/produits-et-systemes\/prefabriques\/"},{"@type":"ListItem","position":4,"name":"Dalles pr\u00e9fabriqu\u00e9es de rev\u00eatement ferroviaire-route int\u00e9gr\u00e9 TINES\u00ae LC-L"}]},{"@type":"WebSite","@id":"https:\/\/tinesrail.com\/fr\/#website","url":"https:\/\/tinesrail.com\/fr\/","name":"Tines Rail","description":"","publisher":{"@id":"https:\/\/tinesrail.com\/fr\/#organization"},"potentialAction":[{"@type":"SearchAction","target":{"@type":"EntryPoint","urlTemplate":"https:\/\/tinesrail.com\/fr\/?s={search_term_string}"},"query-input":{"@type":"PropertyValueSpecification","valueRequired":true,"valueName":"search_term_string"}}],"inLanguage":"fr-FR"},{"@type":"Organization","@id":"https:\/\/tinesrail.com\/fr\/#organization","name":"Tines Rail","url":"https:\/\/tinesrail.com\/fr\/","logo":{"@type":"ImageObject","inLanguage":"fr-FR","@id":"https:\/\/tinesrail.com\/fr\/#\/schema\/logo\/image\/","url":"https:\/\/tinesrail.com\/fr\/wp-content\/uploads\/2021\/04\/Tines-logo-1.png","contentUrl":"https:\/\/tinesrail.com\/fr\/wp-content\/uploads\/2021\/04\/Tines-logo-1.png","width":203,"height":58,"caption":"Tines Rail"},"image":{"@id":"https:\/\/tinesrail.com\/fr\/#\/schema\/logo\/image\/"}}]}},"_links":{"self":[{"href":"https:\/\/tinesrail.com\/fr\/wp-json\/wp\/v2\/pages\/2743","targetHints":{"allow":["GET"]}}],"collection":[{"href":"https:\/\/tinesrail.com\/fr\/wp-json\/wp\/v2\/pages"}],"about":[{"href":"https:\/\/tinesrail.com\/fr\/wp-json\/wp\/v2\/types\/page"}],"author":[{"embeddable":true,"href":"https:\/\/tinesrail.com\/fr\/wp-json\/wp\/v2\/users\/1"}],"replies":[{"embeddable":true,"href":"https:\/\/tinesrail.com\/fr\/wp-json\/wp\/v2\/comments?post=2743"}],"version-history":[{"count":9,"href":"https:\/\/tinesrail.com\/fr\/wp-json\/wp\/v2\/pages\/2743\/revisions"}],"predecessor-version":[{"id":6686,"href":"https:\/\/tinesrail.com\/fr\/wp-json\/wp\/v2\/pages\/2743\/revisions\/6686"}],"up":[{"embeddable":true,"href":"https:\/\/tinesrail.com\/fr\/wp-json\/wp\/v2\/pages\/2733"}],"wp:featuredmedia":[{"embeddable":true,"href":"https:\/\/tinesrail.com\/fr\/wp-json\/wp\/v2\/media\/3575"}],"wp:attachment":[{"href":"https:\/\/tinesrail.com\/fr\/wp-json\/wp\/v2\/media?parent=2743"}],"curies":[{"name":"wp","href":"https:\/\/api.w.org\/{rel}","templated":true}]}}