{"id":2740,"date":"2022-10-06T05:34:24","date_gmt":"2022-10-06T07:34:24","guid":{"rendered":"https:\/\/tinesrail.com\/fr\/?page_id=2740"},"modified":"2025-02-18T17:31:11","modified_gmt":"2025-02-18T19:31:11","slug":"dalles-prefabriquees-speciales-tines-tram-lc-lo-k-w-t","status":"publish","type":"page","link":"https:\/\/tinesrail.com\/fr\/produits-et-systemes\/prefabriques\/dalles-prefabriquees-speciales-tines-tram-lc-lo-k-w-t\/","title":{"rendered":"Dalles pr\u00e9fabriqu\u00e9es sp\u00e9ciales TINES\u00ae TRAM LC-LO\/K\/W\/T"},"content":{"rendered":"<div class=\"fusion-fullwidth fullwidth-box fusion-builder-row-1 fusion-flex-container has-pattern-background has-mask-background nonhundred-percent-fullwidth non-hundred-percent-height-scrolling\" style=\"--awb-border-radius-top-left:0px;--awb-border-radius-top-right:0px;--awb-border-radius-bottom-right:0px;--awb-border-radius-bottom-left:0px;--awb-padding-right-small:34px;--awb-padding-left-small:32px;--awb-flex-wrap:wrap;\" ><div class=\"fusion-builder-row fusion-row fusion-flex-align-items-flex-start fusion-flex-content-wrap\" style=\"max-width:1424.8px;margin-left: calc(-4% \/ 2 );margin-right: calc(-4% \/ 2 );\"><div class=\"fusion-layout-column fusion_builder_column fusion-builder-column-0 fusion_builder_column_1_1 1_1 fusion-flex-column\" style=\"--awb-bg-size:cover;--awb-width-large:100%;--awb-margin-top-large:0px;--awb-spacing-right-large:1.92%;--awb-margin-bottom-large:10%;--awb-spacing-left-large:1.92%;--awb-width-medium:100%;--awb-order-medium:0;--awb-spacing-right-medium:1.92%;--awb-spacing-left-medium:1.92%;--awb-width-small:100%;--awb-order-small:0;--awb-spacing-right-small:1.92%;--awb-spacing-left-small:1.92%;\"><div class=\"fusion-column-wrapper fusion-column-has-shadow fusion-flex-justify-content-flex-start fusion-content-layout-column\"><div class=\"fusion-text fusion-text-1\"><p>Les dalles pr\u00e9fabriqu\u00e9es voie-route TINES\u00ae TRAM LC-L destin\u00e9es aux r\u00e9seaux de tramway sont fabriqu\u00e9es selon des dimensions standards :<\/p>\n<ul>\n<li><strong>Largeur :<\/strong> 2,40 m ; 2,20 m ; 2,00 m ; 1,76 m<\/li>\n<li><strong>\u00c9paisseur :<\/strong> 0,35 m ou 0,40 m<\/li>\n<li><strong>Longueur :<\/strong> 1 m (TINES\u00ae TRAM LC-L1) ; 1,5 m (TINES\u00ae TRAM LC-L1.5) ; 3 m (TINES\u00ae TRAM LC-L3) ; 4 m (TINES\u00ae TRAM LC-L4)<\/li>\n<\/ul>\n<p>Selon l\u2019emplacement des dalles dans le r\u00e9seau et les fonctions qu\u2019elles remplissent, elles peuvent \u00eatre produites dans les variantes suivantes :<\/p>\n<p><strong>TINES\u00ae TRAM LC-LO<\/strong> \u2013 dalles de voie drainantes, avec un canal drainant int\u00e9gr\u00e9 permettant d\u2019\u00e9vacuer l\u2019eau de pluie des rainures des rails ainsi que de la surface du r\u00e9seau vers des regards de canalisation.<\/p>\n<p><img decoding=\"async\" class=\"lazyload wp-image-3604 size-full aligncenter\" src=\"https:\/\/tinesrail.com\/fr\/wp-content\/uploads\/2023\/05\/Specjalne-plyty-do-torowisk-Tines.jpg\" data-orig-src=\"https:\/\/tinesrail.com\/fr\/wp-content\/uploads\/2023\/05\/Specjalne-plyty-do-torowisk-Tines.jpg\" alt=\"TINES\u00ae TRAM LC-LO - p\u0142yta odwodnieniowa \" width=\"992\" height=\"605\" srcset=\"data:image\/svg+xml,%3Csvg%20xmlns%3D%27http%3A%2F%2Fwww.w3.org%2F2000%2Fsvg%27%20width%3D%27992%27%20height%3D%27605%27%20viewBox%3D%270%200%20992%20605%27%3E%3Crect%20width%3D%27992%27%20height%3D%27605%27%20fill-opacity%3D%220%22%2F%3E%3C%2Fsvg%3E\" data-srcset=\"https:\/\/tinesrail.com\/fr\/wp-content\/uploads\/2023\/05\/Specjalne-plyty-do-torowisk-Tines-200x122.jpg 200w, https:\/\/tinesrail.com\/fr\/wp-content\/uploads\/2023\/05\/Specjalne-plyty-do-torowisk-Tines-300x183.jpg 300w, https:\/\/tinesrail.com\/fr\/wp-content\/uploads\/2023\/05\/Specjalne-plyty-do-torowisk-Tines-400x244.jpg 400w, https:\/\/tinesrail.com\/fr\/wp-content\/uploads\/2023\/05\/Specjalne-plyty-do-torowisk-Tines-600x366.jpg 600w, https:\/\/tinesrail.com\/fr\/wp-content\/uploads\/2023\/05\/Specjalne-plyty-do-torowisk-Tines-768x468.jpg 768w, https:\/\/tinesrail.com\/fr\/wp-content\/uploads\/2023\/05\/Specjalne-plyty-do-torowisk-Tines-800x488.jpg 800w, https:\/\/tinesrail.com\/fr\/wp-content\/uploads\/2023\/05\/Specjalne-plyty-do-torowisk-Tines.jpg 992w\" data-sizes=\"auto\" data-orig-sizes=\"(max-width: 992px) 100vw, 992px\" \/><\/p>\n<p style=\"text-align: center;\"><span style=\"font-size: 10pt;\">TINES\u00ae TRAM LC-LO \u2013 dalle drainante<br \/>\n<\/span><\/p>\n<p><strong>TINES<sup>\u00ae<\/sup> TRAM LC-LK<\/strong> &#8211; dalles de voie c\u00e2bl\u00e9es, avec un conduit int\u00e9gr\u00e9 lors de la pr\u00e9fabrication, permettant le passage de c\u00e2bles techniques sous les rails pour les raccordements \u00e9lectriques et inter-stations.<\/p>\n<p style=\"text-align: center;\"><img decoding=\"async\" class=\"lazyload wp-image-3605 size-full aligncenter\" src=\"https:\/\/tinesrail.com\/fr\/wp-content\/uploads\/2023\/05\/Plyta-kablowa-Tines-LC-L.jpg\" data-orig-src=\"https:\/\/tinesrail.com\/fr\/wp-content\/uploads\/2023\/05\/Plyta-kablowa-Tines-LC-L.jpg\" alt=\"TINES\u00ae TRAM LC-LK \u2013 p\u0142yta kablowa\" width=\"992\" height=\"605\" srcset=\"data:image\/svg+xml,%3Csvg%20xmlns%3D%27http%3A%2F%2Fwww.w3.org%2F2000%2Fsvg%27%20width%3D%27992%27%20height%3D%27605%27%20viewBox%3D%270%200%20992%20605%27%3E%3Crect%20width%3D%27992%27%20height%3D%27605%27%20fill-opacity%3D%220%22%2F%3E%3C%2Fsvg%3E\" data-srcset=\"https:\/\/tinesrail.com\/fr\/wp-content\/uploads\/2023\/05\/Plyta-kablowa-Tines-LC-L-200x122.jpg 200w, https:\/\/tinesrail.com\/fr\/wp-content\/uploads\/2023\/05\/Plyta-kablowa-Tines-LC-L-300x183.jpg 300w, https:\/\/tinesrail.com\/fr\/wp-content\/uploads\/2023\/05\/Plyta-kablowa-Tines-LC-L-400x244.jpg 400w, https:\/\/tinesrail.com\/fr\/wp-content\/uploads\/2023\/05\/Plyta-kablowa-Tines-LC-L-600x366.jpg 600w, https:\/\/tinesrail.com\/fr\/wp-content\/uploads\/2023\/05\/Plyta-kablowa-Tines-LC-L-768x468.jpg 768w, https:\/\/tinesrail.com\/fr\/wp-content\/uploads\/2023\/05\/Plyta-kablowa-Tines-LC-L-800x488.jpg 800w, https:\/\/tinesrail.com\/fr\/wp-content\/uploads\/2023\/05\/Plyta-kablowa-Tines-LC-L.jpg 992w\" data-sizes=\"auto\" data-orig-sizes=\"(max-width: 992px) 100vw, 992px\" \/><\/p>\n<p style=\"text-align: center;\"><span style=\"font-size: 10pt;\">TINES\u00ae TRAM LC-LK \u2013 dalle c\u00e2bl\u00e9e<br \/>\n<\/span><\/p>\n<p><strong>TINES<sup>\u00ae<\/sup> TRAM LC-LW<\/strong> &#8211; dalles de voie \u00e0 trappe, avec un tube et une trappe int\u00e9gr\u00e9s, assurant l\u2019acc\u00e8s \u00e0 un regard de canalisation sous la dalle.<\/p>\n<p style=\"text-align: center;\"><img decoding=\"async\" class=\"lazyload wp-image-3606 size-full aligncenter\" src=\"https:\/\/tinesrail.com\/fr\/wp-content\/uploads\/2023\/05\/Plyta-wlazowa-Tines-LC-L.jpg\" data-orig-src=\"https:\/\/tinesrail.com\/fr\/wp-content\/uploads\/2023\/05\/Plyta-wlazowa-Tines-LC-L.jpg\" alt=\"TINES\u00ae TRAM LC-LW \u2013 p\u0142yta w\u0142azowa\" width=\"992\" height=\"605\" srcset=\"data:image\/svg+xml,%3Csvg%20xmlns%3D%27http%3A%2F%2Fwww.w3.org%2F2000%2Fsvg%27%20width%3D%27992%27%20height%3D%27605%27%20viewBox%3D%270%200%20992%20605%27%3E%3Crect%20width%3D%27992%27%20height%3D%27605%27%20fill-opacity%3D%220%22%2F%3E%3C%2Fsvg%3E\" data-srcset=\"https:\/\/tinesrail.com\/fr\/wp-content\/uploads\/2023\/05\/Plyta-wlazowa-Tines-LC-L-200x122.jpg 200w, https:\/\/tinesrail.com\/fr\/wp-content\/uploads\/2023\/05\/Plyta-wlazowa-Tines-LC-L-300x183.jpg 300w, https:\/\/tinesrail.com\/fr\/wp-content\/uploads\/2023\/05\/Plyta-wlazowa-Tines-LC-L-400x244.jpg 400w, https:\/\/tinesrail.com\/fr\/wp-content\/uploads\/2023\/05\/Plyta-wlazowa-Tines-LC-L-600x366.jpg 600w, https:\/\/tinesrail.com\/fr\/wp-content\/uploads\/2023\/05\/Plyta-wlazowa-Tines-LC-L-768x468.jpg 768w, https:\/\/tinesrail.com\/fr\/wp-content\/uploads\/2023\/05\/Plyta-wlazowa-Tines-LC-L-800x488.jpg 800w, https:\/\/tinesrail.com\/fr\/wp-content\/uploads\/2023\/05\/Plyta-wlazowa-Tines-LC-L.jpg 992w\" data-sizes=\"auto\" data-orig-sizes=\"(max-width: 992px) 100vw, 992px\" \/><\/p>\n<p style=\"text-align: center;\"><span style=\"font-size: 10pt;\">TINES\u00ae TRAM LC-LW \u2013 dalle \u00e0 trappe<br \/>\n<\/span><\/p>\n<p><strong>TINES<sup>\u00ae<\/sup>\u00a0TRAM\u00a0 LC-LT\u00a0<\/strong>\u2013 dalles de voie trap\u00e9zo\u00efdales, destin\u00e9es \u00e0 \u00eatre utilis\u00e9es dans des courbes de rayon \u2264 60 m, permettant de r\u00e9duire l\u2019\u00e9cart form\u00e9 entre les dalles pos\u00e9es sur une courbe horizontale de petit rayon, du c\u00f4t\u00e9 ext\u00e9rieur de la courbe.<br \/>\nLes dalles trap\u00e9zo\u00efdales sont fabriqu\u00e9es sous forme de dalles de 1000 mm de longueur, avec, selon le rayon de la courbe, une augmentation de 40 mm ou 80 mm de la longueur d\u2019un c\u00f4t\u00e9, formant ainsi, vue de dessus, un trap\u00e8ze isoc\u00e8le. Pour des courbes de rayon comprises entre 60 m et 30 m, des dalles trap\u00e9zo\u00efdales d\u2019un c\u00f4t\u00e9 de 1040 mm sont utilis\u00e9es. Pour des courbes de rayon comprises entre 30 m et 20 m, des dalles trap\u00e9zo\u00efdales d\u2019un c\u00f4t\u00e9 de 1080 mm sont utilis\u00e9es.<\/p>\n<p style=\"text-align: center;\"><img decoding=\"async\" class=\"lazyload wp-image-3607 size-full aligncenter\" src=\"https:\/\/tinesrail.com\/fr\/wp-content\/uploads\/2023\/05\/LC-L-plyta-trapezowa.jpg\" data-orig-src=\"https:\/\/tinesrail.com\/fr\/wp-content\/uploads\/2023\/05\/LC-L-plyta-trapezowa.jpg\" alt=\"TINES\u00ae TRAM LC-LT -p\u0142yta trapezowa\" width=\"992\" height=\"605\" srcset=\"data:image\/svg+xml,%3Csvg%20xmlns%3D%27http%3A%2F%2Fwww.w3.org%2F2000%2Fsvg%27%20width%3D%27992%27%20height%3D%27605%27%20viewBox%3D%270%200%20992%20605%27%3E%3Crect%20width%3D%27992%27%20height%3D%27605%27%20fill-opacity%3D%220%22%2F%3E%3C%2Fsvg%3E\" data-srcset=\"https:\/\/tinesrail.com\/fr\/wp-content\/uploads\/2023\/05\/LC-L-plyta-trapezowa-200x122.jpg 200w, https:\/\/tinesrail.com\/fr\/wp-content\/uploads\/2023\/05\/LC-L-plyta-trapezowa-300x183.jpg 300w, https:\/\/tinesrail.com\/fr\/wp-content\/uploads\/2023\/05\/LC-L-plyta-trapezowa-400x244.jpg 400w, https:\/\/tinesrail.com\/fr\/wp-content\/uploads\/2023\/05\/LC-L-plyta-trapezowa-600x366.jpg 600w, https:\/\/tinesrail.com\/fr\/wp-content\/uploads\/2023\/05\/LC-L-plyta-trapezowa-768x468.jpg 768w, https:\/\/tinesrail.com\/fr\/wp-content\/uploads\/2023\/05\/LC-L-plyta-trapezowa-800x488.jpg 800w, https:\/\/tinesrail.com\/fr\/wp-content\/uploads\/2023\/05\/LC-L-plyta-trapezowa.jpg 992w\" data-sizes=\"auto\" data-orig-sizes=\"(max-width: 992px) 100vw, 992px\" \/><\/p>\n<p style=\"text-align: center;\"><span style=\"font-size: 10pt;\">TINES\u00ae TRAM\u00a0 LC-LT &#8211; dalle trap\u00e9zo\u00efdale<br \/>\n<\/span><\/p>\n<p>Les canaux pour rails dans les dalles pr\u00e9fabriqu\u00e9es TINES\u00ae TRAM LC-L sont adapt\u00e9s pour la pose de rails de profil 49E1 ou 60R2 (Ri60N), pour des voies de largeur : 1000 mm ou 1435 mm.<\/p>\n<p>Le choix des dimensions des dalles d\u00e9pend de la configuration g\u00e9om\u00e9trique de la voie et il est possible de produire des dalles de toute longueur, adapt\u00e9es aux exigences du projet, en fonction du type de profil de rail pr\u00e9vu, de la forme de la section ou de la largeur de la voie.<\/p>\n<p><strong>Documents :<\/strong><\/p>\n<ul>\n<li>\u00c9valuation Technique Nationale n\u00b0 IK-KOT -2020\/0091 \u00e9dition 4<\/li>\n<li>Certificat de Conformit\u00e9 de Production d&rsquo;Usine n\u00b0 128-UWB-081<\/li>\n<li>D\u00e9clarations Nationales des Propri\u00e9t\u00e9s d\u2019Usage<\/li>\n<li>Fiches Techniques<\/li>\n<\/ul>\n<div class=\"flex max-w-full flex-col flex-grow\">\n<div class=\"min-h-8 text-message flex w-full flex-col items-end gap-2 whitespace-normal break-words text-start &#091;.text-message+&amp;&#093;:mt-5\" dir=\"auto\" data-message-author-role=\"assistant\" data-message-id=\"af9efa95-0ce5-4d1d-ac1d-e1eb68a8be65\" data-message-model-slug=\"o3-mini\">\n<div class=\"flex w-full flex-col gap-1 empty:hidden first:pt-&#091;3px&#093;\">\n<div class=\"markdown prose w-full break-words dark:prose-invert light\">\n<p data-start=\"221\" data-end=\"292\" data-is-last-node=\"\">Pour pr\u00e9parer une offre technique-commerciale, veuillez nous contacter :\u00a0<a href=\"mailto:handlowy@tinesrail.com\"><span style=\"text-decoration: underline;\"><span style=\"color: #00a3df; text-decoration: underline;\">handlowy@tinesrail.com<\/span><\/span><\/a><\/p>\n<\/div>\n<\/div>\n<\/div>\n<\/div>\n<\/div><\/div><\/div><\/div><\/div>\n","protected":false},"excerpt":{"rendered":"","protected":false},"author":1,"featured_media":0,"parent":2733,"menu_order":0,"comment_status":"closed","ping_status":"closed","template":"100-width.php","meta":{"footnotes":""},"class_list":["post-2740","page","type-page","status-publish","hentry"],"yoast_head":"<!-- This site is optimized with the Yoast SEO plugin v27.3 - https:\/\/yoast.com\/product\/yoast-seo-wordpress\/ -->\n<title>Dalles pr\u00e9fabriqu\u00e9es sp\u00e9ciales TINES\u00ae TRAM LC-LO\/K\/W\/T - Tines Rail<\/title>\n<meta name=\"robots\" content=\"index, follow, max-snippet:-1, max-image-preview:large, max-video-preview:-1\" \/>\n<link rel=\"canonical\" href=\"https:\/\/tinesrail.com\/fr\/produits-et-systemes\/prefabriques\/dalles-prefabriquees-speciales-tines-tram-lc-lo-k-w-t\/\" \/>\n<meta property=\"og:locale\" content=\"fr_FR\" \/>\n<meta property=\"og:type\" content=\"article\" \/>\n<meta property=\"og:title\" content=\"Dalles pr\u00e9fabriqu\u00e9es sp\u00e9ciales TINES\u00ae TRAM LC-LO\/K\/W\/T - Tines Rail\" \/>\n<meta property=\"og:url\" content=\"https:\/\/tinesrail.com\/fr\/produits-et-systemes\/prefabriques\/dalles-prefabriquees-speciales-tines-tram-lc-lo-k-w-t\/\" \/>\n<meta property=\"og:site_name\" content=\"Tines Rail\" \/>\n<meta property=\"article:modified_time\" content=\"2025-02-18T19:31:11+00:00\" \/>\n<meta property=\"og:image\" content=\"https:\/\/tinesrail.com\/fr\/wp-content\/uploads\/2023\/05\/Specjalne-plyty-do-torowisk-Tines.jpg\" \/>\n\t<meta property=\"og:image:width\" content=\"992\" \/>\n\t<meta property=\"og:image:height\" content=\"605\" \/>\n\t<meta property=\"og:image:type\" content=\"image\/jpeg\" \/>\n<meta name=\"twitter:card\" content=\"summary_large_image\" \/>\n<meta name=\"twitter:label1\" content=\"Dur\u00e9e de lecture estim\u00e9e\" \/>\n\t<meta name=\"twitter:data1\" content=\"4 minutes\" \/>\n<script type=\"application\/ld+json\" class=\"yoast-schema-graph\">{\"@context\":\"https:\\\/\\\/schema.org\",\"@graph\":[{\"@type\":\"WebPage\",\"@id\":\"https:\\\/\\\/tinesrail.com\\\/fr\\\/produits-et-systemes\\\/prefabriques\\\/dalles-prefabriquees-speciales-tines-tram-lc-lo-k-w-t\\\/\",\"url\":\"https:\\\/\\\/tinesrail.com\\\/fr\\\/produits-et-systemes\\\/prefabriques\\\/dalles-prefabriquees-speciales-tines-tram-lc-lo-k-w-t\\\/\",\"name\":\"Dalles pr\u00e9fabriqu\u00e9es sp\u00e9ciales TINES\u00ae TRAM LC-LO\\\/K\\\/W\\\/T - Tines Rail\",\"isPartOf\":{\"@id\":\"https:\\\/\\\/tinesrail.com\\\/fr\\\/#website\"},\"primaryImageOfPage\":{\"@id\":\"https:\\\/\\\/tinesrail.com\\\/fr\\\/produits-et-systemes\\\/prefabriques\\\/dalles-prefabriquees-speciales-tines-tram-lc-lo-k-w-t\\\/#primaryimage\"},\"image\":{\"@id\":\"https:\\\/\\\/tinesrail.com\\\/fr\\\/produits-et-systemes\\\/prefabriques\\\/dalles-prefabriquees-speciales-tines-tram-lc-lo-k-w-t\\\/#primaryimage\"},\"thumbnailUrl\":\"https:\\\/\\\/tinesrail.com\\\/fr\\\/wp-content\\\/uploads\\\/2023\\\/05\\\/Specjalne-plyty-do-torowisk-Tines.jpg\",\"datePublished\":\"2022-10-06T07:34:24+00:00\",\"dateModified\":\"2025-02-18T19:31:11+00:00\",\"breadcrumb\":{\"@id\":\"https:\\\/\\\/tinesrail.com\\\/fr\\\/produits-et-systemes\\\/prefabriques\\\/dalles-prefabriquees-speciales-tines-tram-lc-lo-k-w-t\\\/#breadcrumb\"},\"inLanguage\":\"fr-FR\",\"potentialAction\":[{\"@type\":\"ReadAction\",\"target\":[\"https:\\\/\\\/tinesrail.com\\\/fr\\\/produits-et-systemes\\\/prefabriques\\\/dalles-prefabriquees-speciales-tines-tram-lc-lo-k-w-t\\\/\"]}]},{\"@type\":\"ImageObject\",\"inLanguage\":\"fr-FR\",\"@id\":\"https:\\\/\\\/tinesrail.com\\\/fr\\\/produits-et-systemes\\\/prefabriques\\\/dalles-prefabriquees-speciales-tines-tram-lc-lo-k-w-t\\\/#primaryimage\",\"url\":\"https:\\\/\\\/tinesrail.com\\\/fr\\\/wp-content\\\/uploads\\\/2023\\\/05\\\/Specjalne-plyty-do-torowisk-Tines.jpg\",\"contentUrl\":\"https:\\\/\\\/tinesrail.com\\\/fr\\\/wp-content\\\/uploads\\\/2023\\\/05\\\/Specjalne-plyty-do-torowisk-Tines.jpg\",\"width\":992,\"height\":605,\"caption\":\"TINES\u00ae TRAM LC-LO - p\u0142yta odwodnieniowa\"},{\"@type\":\"BreadcrumbList\",\"@id\":\"https:\\\/\\\/tinesrail.com\\\/fr\\\/produits-et-systemes\\\/prefabriques\\\/dalles-prefabriquees-speciales-tines-tram-lc-lo-k-w-t\\\/#breadcrumb\",\"itemListElement\":[{\"@type\":\"ListItem\",\"position\":1,\"name\":\"Strona g\u0142\u00f3wna\",\"item\":\"https:\\\/\\\/tinesrail.com\\\/fr\\\/\"},{\"@type\":\"ListItem\",\"position\":2,\"name\":\"Produits et syst\u00e8mes\",\"item\":\"https:\\\/\\\/tinesrail.com\\\/fr\\\/produits-et-systemes\\\/\"},{\"@type\":\"ListItem\",\"position\":3,\"name\":\"Pr\u00e9fabriqu\u00e9s\",\"item\":\"https:\\\/\\\/tinesrail.com\\\/fr\\\/produits-et-systemes\\\/prefabriques\\\/\"},{\"@type\":\"ListItem\",\"position\":4,\"name\":\"Dalles pr\u00e9fabriqu\u00e9es sp\u00e9ciales TINES\u00ae TRAM LC-LO\\\/K\\\/W\\\/T\"}]},{\"@type\":\"WebSite\",\"@id\":\"https:\\\/\\\/tinesrail.com\\\/fr\\\/#website\",\"url\":\"https:\\\/\\\/tinesrail.com\\\/fr\\\/\",\"name\":\"Tines Rail\",\"description\":\"\",\"publisher\":{\"@id\":\"https:\\\/\\\/tinesrail.com\\\/fr\\\/#organization\"},\"potentialAction\":[{\"@type\":\"SearchAction\",\"target\":{\"@type\":\"EntryPoint\",\"urlTemplate\":\"https:\\\/\\\/tinesrail.com\\\/fr\\\/?s={search_term_string}\"},\"query-input\":{\"@type\":\"PropertyValueSpecification\",\"valueRequired\":true,\"valueName\":\"search_term_string\"}}],\"inLanguage\":\"fr-FR\"},{\"@type\":\"Organization\",\"@id\":\"https:\\\/\\\/tinesrail.com\\\/fr\\\/#organization\",\"name\":\"Tines Rail\",\"url\":\"https:\\\/\\\/tinesrail.com\\\/fr\\\/\",\"logo\":{\"@type\":\"ImageObject\",\"inLanguage\":\"fr-FR\",\"@id\":\"https:\\\/\\\/tinesrail.com\\\/fr\\\/#\\\/schema\\\/logo\\\/image\\\/\",\"url\":\"https:\\\/\\\/tinesrail.com\\\/fr\\\/wp-content\\\/uploads\\\/2021\\\/04\\\/Tines-logo-1.png\",\"contentUrl\":\"https:\\\/\\\/tinesrail.com\\\/fr\\\/wp-content\\\/uploads\\\/2021\\\/04\\\/Tines-logo-1.png\",\"width\":203,\"height\":58,\"caption\":\"Tines Rail\"},\"image\":{\"@id\":\"https:\\\/\\\/tinesrail.com\\\/fr\\\/#\\\/schema\\\/logo\\\/image\\\/\"}}]}<\/script>\n<!-- \/ Yoast SEO plugin. -->","yoast_head_json":{"title":"Dalles pr\u00e9fabriqu\u00e9es sp\u00e9ciales TINES\u00ae TRAM LC-LO\/K\/W\/T - Tines Rail","robots":{"index":"index","follow":"follow","max-snippet":"max-snippet:-1","max-image-preview":"max-image-preview:large","max-video-preview":"max-video-preview:-1"},"canonical":"https:\/\/tinesrail.com\/fr\/produits-et-systemes\/prefabriques\/dalles-prefabriquees-speciales-tines-tram-lc-lo-k-w-t\/","og_locale":"fr_FR","og_type":"article","og_title":"Dalles pr\u00e9fabriqu\u00e9es sp\u00e9ciales TINES\u00ae TRAM LC-LO\/K\/W\/T - Tines Rail","og_url":"https:\/\/tinesrail.com\/fr\/produits-et-systemes\/prefabriques\/dalles-prefabriquees-speciales-tines-tram-lc-lo-k-w-t\/","og_site_name":"Tines Rail","article_modified_time":"2025-02-18T19:31:11+00:00","og_image":[{"width":992,"height":605,"url":"https:\/\/tinesrail.com\/fr\/wp-content\/uploads\/2023\/05\/Specjalne-plyty-do-torowisk-Tines.jpg","type":"image\/jpeg"}],"twitter_card":"summary_large_image","twitter_misc":{"Dur\u00e9e de lecture estim\u00e9e":"4 minutes"},"schema":{"@context":"https:\/\/schema.org","@graph":[{"@type":"WebPage","@id":"https:\/\/tinesrail.com\/fr\/produits-et-systemes\/prefabriques\/dalles-prefabriquees-speciales-tines-tram-lc-lo-k-w-t\/","url":"https:\/\/tinesrail.com\/fr\/produits-et-systemes\/prefabriques\/dalles-prefabriquees-speciales-tines-tram-lc-lo-k-w-t\/","name":"Dalles pr\u00e9fabriqu\u00e9es sp\u00e9ciales TINES\u00ae TRAM LC-LO\/K\/W\/T - Tines Rail","isPartOf":{"@id":"https:\/\/tinesrail.com\/fr\/#website"},"primaryImageOfPage":{"@id":"https:\/\/tinesrail.com\/fr\/produits-et-systemes\/prefabriques\/dalles-prefabriquees-speciales-tines-tram-lc-lo-k-w-t\/#primaryimage"},"image":{"@id":"https:\/\/tinesrail.com\/fr\/produits-et-systemes\/prefabriques\/dalles-prefabriquees-speciales-tines-tram-lc-lo-k-w-t\/#primaryimage"},"thumbnailUrl":"https:\/\/tinesrail.com\/fr\/wp-content\/uploads\/2023\/05\/Specjalne-plyty-do-torowisk-Tines.jpg","datePublished":"2022-10-06T07:34:24+00:00","dateModified":"2025-02-18T19:31:11+00:00","breadcrumb":{"@id":"https:\/\/tinesrail.com\/fr\/produits-et-systemes\/prefabriques\/dalles-prefabriquees-speciales-tines-tram-lc-lo-k-w-t\/#breadcrumb"},"inLanguage":"fr-FR","potentialAction":[{"@type":"ReadAction","target":["https:\/\/tinesrail.com\/fr\/produits-et-systemes\/prefabriques\/dalles-prefabriquees-speciales-tines-tram-lc-lo-k-w-t\/"]}]},{"@type":"ImageObject","inLanguage":"fr-FR","@id":"https:\/\/tinesrail.com\/fr\/produits-et-systemes\/prefabriques\/dalles-prefabriquees-speciales-tines-tram-lc-lo-k-w-t\/#primaryimage","url":"https:\/\/tinesrail.com\/fr\/wp-content\/uploads\/2023\/05\/Specjalne-plyty-do-torowisk-Tines.jpg","contentUrl":"https:\/\/tinesrail.com\/fr\/wp-content\/uploads\/2023\/05\/Specjalne-plyty-do-torowisk-Tines.jpg","width":992,"height":605,"caption":"TINES\u00ae TRAM LC-LO - p\u0142yta odwodnieniowa"},{"@type":"BreadcrumbList","@id":"https:\/\/tinesrail.com\/fr\/produits-et-systemes\/prefabriques\/dalles-prefabriquees-speciales-tines-tram-lc-lo-k-w-t\/#breadcrumb","itemListElement":[{"@type":"ListItem","position":1,"name":"Strona g\u0142\u00f3wna","item":"https:\/\/tinesrail.com\/fr\/"},{"@type":"ListItem","position":2,"name":"Produits et syst\u00e8mes","item":"https:\/\/tinesrail.com\/fr\/produits-et-systemes\/"},{"@type":"ListItem","position":3,"name":"Pr\u00e9fabriqu\u00e9s","item":"https:\/\/tinesrail.com\/fr\/produits-et-systemes\/prefabriques\/"},{"@type":"ListItem","position":4,"name":"Dalles pr\u00e9fabriqu\u00e9es sp\u00e9ciales TINES\u00ae TRAM LC-LO\/K\/W\/T"}]},{"@type":"WebSite","@id":"https:\/\/tinesrail.com\/fr\/#website","url":"https:\/\/tinesrail.com\/fr\/","name":"Tines Rail","description":"","publisher":{"@id":"https:\/\/tinesrail.com\/fr\/#organization"},"potentialAction":[{"@type":"SearchAction","target":{"@type":"EntryPoint","urlTemplate":"https:\/\/tinesrail.com\/fr\/?s={search_term_string}"},"query-input":{"@type":"PropertyValueSpecification","valueRequired":true,"valueName":"search_term_string"}}],"inLanguage":"fr-FR"},{"@type":"Organization","@id":"https:\/\/tinesrail.com\/fr\/#organization","name":"Tines Rail","url":"https:\/\/tinesrail.com\/fr\/","logo":{"@type":"ImageObject","inLanguage":"fr-FR","@id":"https:\/\/tinesrail.com\/fr\/#\/schema\/logo\/image\/","url":"https:\/\/tinesrail.com\/fr\/wp-content\/uploads\/2021\/04\/Tines-logo-1.png","contentUrl":"https:\/\/tinesrail.com\/fr\/wp-content\/uploads\/2021\/04\/Tines-logo-1.png","width":203,"height":58,"caption":"Tines Rail"},"image":{"@id":"https:\/\/tinesrail.com\/fr\/#\/schema\/logo\/image\/"}}]}},"_links":{"self":[{"href":"https:\/\/tinesrail.com\/fr\/wp-json\/wp\/v2\/pages\/2740","targetHints":{"allow":["GET"]}}],"collection":[{"href":"https:\/\/tinesrail.com\/fr\/wp-json\/wp\/v2\/pages"}],"about":[{"href":"https:\/\/tinesrail.com\/fr\/wp-json\/wp\/v2\/types\/page"}],"author":[{"embeddable":true,"href":"https:\/\/tinesrail.com\/fr\/wp-json\/wp\/v2\/users\/1"}],"replies":[{"embeddable":true,"href":"https:\/\/tinesrail.com\/fr\/wp-json\/wp\/v2\/comments?post=2740"}],"version-history":[{"count":14,"href":"https:\/\/tinesrail.com\/fr\/wp-json\/wp\/v2\/pages\/2740\/revisions"}],"predecessor-version":[{"id":6684,"href":"https:\/\/tinesrail.com\/fr\/wp-json\/wp\/v2\/pages\/2740\/revisions\/6684"}],"up":[{"embeddable":true,"href":"https:\/\/tinesrail.com\/fr\/wp-json\/wp\/v2\/pages\/2733"}],"wp:attachment":[{"href":"https:\/\/tinesrail.com\/fr\/wp-json\/wp\/v2\/media?parent=2740"}],"curies":[{"name":"wp","href":"https:\/\/api.w.org\/{rel}","templated":true}]}}