{"id":2738,"date":"2022-10-06T05:31:28","date_gmt":"2022-10-06T07:31:28","guid":{"rendered":"https:\/\/tinesrail.com\/fr\/?page_id=2738"},"modified":"2025-02-18T17:25:50","modified_gmt":"2025-02-18T19:25:50","slug":"dalles-inter-voies-prefabriquees-tines-tram-lc-lm","status":"publish","type":"page","link":"https:\/\/tinesrail.com\/fr\/produits-et-systemes\/prefabriques\/dalles-inter-voies-prefabriquees-tines-tram-lc-lm\/","title":{"rendered":"Dalles inter-voies pr\u00e9fabriqu\u00e9es TINES\u00ae TRAM LC-LM"},"content":{"rendered":"<div class=\"fusion-fullwidth fullwidth-box fusion-builder-row-1 fusion-flex-container has-pattern-background has-mask-background nonhundred-percent-fullwidth non-hundred-percent-height-scrolling\" style=\"--awb-border-radius-top-left:0px;--awb-border-radius-top-right:0px;--awb-border-radius-bottom-right:0px;--awb-border-radius-bottom-left:0px;--awb-padding-right-small:25px;--awb-padding-left-small:32px;--awb-flex-wrap:wrap;\" ><div class=\"fusion-builder-row fusion-row fusion-flex-align-items-flex-start fusion-flex-content-wrap\" style=\"max-width:1424.8px;margin-left: calc(-4% \/ 2 );margin-right: calc(-4% \/ 2 );\"><div class=\"fusion-layout-column fusion_builder_column fusion-builder-column-0 fusion_builder_column_1_1 1_1 fusion-flex-column\" style=\"--awb-bg-size:cover;--awb-width-large:100%;--awb-margin-top-large:0px;--awb-spacing-right-large:1.92%;--awb-margin-bottom-large:10%;--awb-spacing-left-large:1.92%;--awb-width-medium:100%;--awb-order-medium:0;--awb-spacing-right-medium:1.92%;--awb-spacing-left-medium:1.92%;--awb-width-small:100%;--awb-order-small:0;--awb-spacing-right-small:1.92%;--awb-spacing-left-small:1.92%;\"><div class=\"fusion-column-wrapper fusion-column-has-shadow fusion-flex-justify-content-flex-start fusion-content-layout-column\"><div class=\"fusion-text fusion-text-1\"><p><strong>TINES<sup>\u00ae<\/sup> TRAM\u00a0 LC-LM<\/strong> &#8211; dalles inter-voies, destin\u00e9es \u00e0 \u00eatre utilis\u00e9es dans l&rsquo;inter-voie, avec des dimensions adapt\u00e9es \u00e0 sa largeur.<\/p>\n<p><img decoding=\"async\" class=\"lazyload aligncenter wp-image-3600 size-full\" src=\"https:\/\/tinesrail.com\/fr\/wp-content\/uploads\/2023\/05\/TINES-TRAM-LC-LM-plyta-miedzytorowa-1.jpg\" data-orig-src=\"https:\/\/tinesrail.com\/fr\/wp-content\/uploads\/2023\/05\/TINES-TRAM-LC-LM-plyta-miedzytorowa-1.jpg\" alt=\"TINES TRAM LC-LM \u2013 dalle inter-voies\" width=\"817\" height=\"504\" srcset=\"data:image\/svg+xml,%3Csvg%20xmlns%3D%27http%3A%2F%2Fwww.w3.org%2F2000%2Fsvg%27%20width%3D%27817%27%20height%3D%27504%27%20viewBox%3D%270%200%20817%20504%27%3E%3Crect%20width%3D%27817%27%20height%3D%27504%27%20fill-opacity%3D%220%22%2F%3E%3C%2Fsvg%3E\" data-srcset=\"https:\/\/tinesrail.com\/fr\/wp-content\/uploads\/2023\/05\/TINES-TRAM-LC-LM-plyta-miedzytorowa-1-200x123.jpg 200w, https:\/\/tinesrail.com\/fr\/wp-content\/uploads\/2023\/05\/TINES-TRAM-LC-LM-plyta-miedzytorowa-1-300x185.jpg 300w, https:\/\/tinesrail.com\/fr\/wp-content\/uploads\/2023\/05\/TINES-TRAM-LC-LM-plyta-miedzytorowa-1-400x247.jpg 400w, https:\/\/tinesrail.com\/fr\/wp-content\/uploads\/2023\/05\/TINES-TRAM-LC-LM-plyta-miedzytorowa-1-600x370.jpg 600w, https:\/\/tinesrail.com\/fr\/wp-content\/uploads\/2023\/05\/TINES-TRAM-LC-LM-plyta-miedzytorowa-1-768x474.jpg 768w, https:\/\/tinesrail.com\/fr\/wp-content\/uploads\/2023\/05\/TINES-TRAM-LC-LM-plyta-miedzytorowa-1-800x494.jpg 800w, https:\/\/tinesrail.com\/fr\/wp-content\/uploads\/2023\/05\/TINES-TRAM-LC-LM-plyta-miedzytorowa-1.jpg 817w\" data-sizes=\"auto\" data-orig-sizes=\"(max-width: 817px) 100vw, 817px\" \/><\/p>\n<p style=\"text-align: center;\">TINES TRAM LC-LM &#8211; dalle inter-voies<\/p>\n<p>Les dalles inter-voies pr\u00e9fabriqu\u00e9es TINES\u00ae TRAM LC-LM pour r\u00e9seaux de tramway sont fabriqu\u00e9es selon des dimensions standard :<\/p>\n<ul>\n<li><strong>Largeur :<\/strong> adapt\u00e9e \u00e0 la largeur de la voie.<\/li>\n<li><strong>\u00c9paisseur :<\/strong> 0,35 m ou 0,40 m.<\/li>\n<li><strong>Longueur :<\/strong> 1 m (TINES\u00ae TRAM LC-LM1) ; 1,5 m (TINES\u00ae TRAM LC-LM1.5) ; 3 m (TINES\u00ae TRAM LC-LM3) ; 4 m (TINES\u00ae TRAM LC-LM4).<\/li>\n<\/ul>\n<p>Le choix des dimensions des dalles inter-voies d\u00e9pend de la configuration g\u00e9om\u00e9trique de la voie et il est possible de produire des dalles de toute longueur, adapt\u00e9es aux exigences du projet, en fonction de la largeur pr\u00e9vue de la voie, de l&#8217;emplacement des dalles dans le r\u00e9seau et des fonctions qu&rsquo;elles remplissent \u2013 dalles inter-voies en version sp\u00e9ciale : drainantes, c\u00e2bl\u00e9es, ou avec trappe int\u00e9gr\u00e9e.<\/p>\n<p style=\"text-align: center;\">\u00a0<img decoding=\"async\" class=\"lazyload alignnone wp-image-3601 size-full\" src=\"https:\/\/tinesrail.com\/fr\/wp-content\/uploads\/2023\/05\/TINES-TRAM-LC-LM\u2013plyta-miedzytorowa.jpg\" data-orig-src=\"https:\/\/tinesrail.com\/fr\/wp-content\/uploads\/2023\/05\/TINES-TRAM-LC-LM\u2013plyta-miedzytorowa.jpg\" alt=\"TINES TRAM LC-LM p\u0142yta mi\u0119dzytorowa\" width=\"1134\" height=\"303\" srcset=\"data:image\/svg+xml,%3Csvg%20xmlns%3D%27http%3A%2F%2Fwww.w3.org%2F2000%2Fsvg%27%20width%3D%271134%27%20height%3D%27303%27%20viewBox%3D%270%200%201134%20303%27%3E%3Crect%20width%3D%271134%27%20height%3D%27303%27%20fill-opacity%3D%220%22%2F%3E%3C%2Fsvg%3E\" data-srcset=\"https:\/\/tinesrail.com\/fr\/wp-content\/uploads\/2023\/05\/TINES-TRAM-LC-LM\u2013plyta-miedzytorowa-200x53.jpg 200w, https:\/\/tinesrail.com\/fr\/wp-content\/uploads\/2023\/05\/TINES-TRAM-LC-LM\u2013plyta-miedzytorowa-300x80.jpg 300w, https:\/\/tinesrail.com\/fr\/wp-content\/uploads\/2023\/05\/TINES-TRAM-LC-LM\u2013plyta-miedzytorowa-400x107.jpg 400w, https:\/\/tinesrail.com\/fr\/wp-content\/uploads\/2023\/05\/TINES-TRAM-LC-LM\u2013plyta-miedzytorowa-600x160.jpg 600w, https:\/\/tinesrail.com\/fr\/wp-content\/uploads\/2023\/05\/TINES-TRAM-LC-LM\u2013plyta-miedzytorowa-768x205.jpg 768w, https:\/\/tinesrail.com\/fr\/wp-content\/uploads\/2023\/05\/TINES-TRAM-LC-LM\u2013plyta-miedzytorowa-800x214.jpg 800w, https:\/\/tinesrail.com\/fr\/wp-content\/uploads\/2023\/05\/TINES-TRAM-LC-LM\u2013plyta-miedzytorowa-1024x274.jpg 1024w, https:\/\/tinesrail.com\/fr\/wp-content\/uploads\/2023\/05\/TINES-TRAM-LC-LM\u2013plyta-miedzytorowa.jpg 1134w\" data-sizes=\"auto\" data-orig-sizes=\"(max-width: 1134px) 100vw, 1134px\" \/><\/p>\n<p style=\"text-align: center;\"><span style=\"font-size: 10pt;\">TINES\u00ae TRAM LC-LM &#8211; dalle inter-voies<br \/>\n<\/span><\/p>\n<p><strong>Documents :<\/strong><\/p>\n<ul>\n<li data-start=\"17\" data-end=\"82\">\u00c9valuation Technique Nationale n\u00b0 IK-KOT -2020\/0091 \u00e9dition 4<\/li>\n<li data-start=\"83\" data-end=\"148\">Certificat de Conformit\u00e9 de Production d&rsquo;Usine n\u00b0 128-UWB-081<\/li>\n<li data-start=\"149\" data-end=\"199\">D\u00e9clarations Nationales des Propri\u00e9t\u00e9s d\u2019Usage<\/li>\n<li data-start=\"200\" data-end=\"219\">Fiches Techniques<\/li>\n<\/ul>\n<p>Pour pr\u00e9parer une offre technique-commerciale, veuillez nous contacter\u00a0 <a href=\"mailto:handlowy@tinesrail.com\"><span style=\"text-decoration: underline; color: #00a3df;\">handlowy@tinesrail.com<\/span><\/a><\/p>\n<\/div><\/div><\/div><\/div><\/div>\n","protected":false},"excerpt":{"rendered":"","protected":false},"author":1,"featured_media":0,"parent":2733,"menu_order":0,"comment_status":"closed","ping_status":"closed","template":"100-width.php","meta":{"footnotes":""},"class_list":["post-2738","page","type-page","status-publish","hentry"],"yoast_head":"<!-- This site is optimized with the Yoast SEO plugin v27.3 - https:\/\/yoast.com\/product\/yoast-seo-wordpress\/ -->\n<title>Dalles inter-voies pr\u00e9fabriqu\u00e9es TINES\u00ae TRAM LC-LM - Tines Rail<\/title>\n<meta name=\"robots\" content=\"index, follow, max-snippet:-1, max-image-preview:large, max-video-preview:-1\" \/>\n<link rel=\"canonical\" href=\"https:\/\/tinesrail.com\/fr\/produits-et-systemes\/prefabriques\/dalles-inter-voies-prefabriquees-tines-tram-lc-lm\/\" \/>\n<meta property=\"og:locale\" content=\"fr_FR\" \/>\n<meta property=\"og:type\" content=\"article\" \/>\n<meta property=\"og:title\" content=\"Dalles inter-voies pr\u00e9fabriqu\u00e9es TINES\u00ae TRAM LC-LM - Tines Rail\" \/>\n<meta property=\"og:url\" content=\"https:\/\/tinesrail.com\/fr\/produits-et-systemes\/prefabriques\/dalles-inter-voies-prefabriquees-tines-tram-lc-lm\/\" \/>\n<meta property=\"og:site_name\" content=\"Tines Rail\" \/>\n<meta property=\"article:modified_time\" content=\"2025-02-18T19:25:50+00:00\" \/>\n<meta property=\"og:image\" content=\"https:\/\/tinesrail.com\/fr\/wp-content\/uploads\/2023\/05\/TINES-TRAM-LC-LM-plyta-miedzytorowa-1.jpg\" \/>\n\t<meta property=\"og:image:width\" content=\"817\" \/>\n\t<meta property=\"og:image:height\" content=\"504\" \/>\n\t<meta property=\"og:image:type\" content=\"image\/jpeg\" \/>\n<meta name=\"twitter:card\" content=\"summary_large_image\" \/>\n<meta name=\"twitter:label1\" content=\"Dur\u00e9e de lecture estim\u00e9e\" \/>\n\t<meta name=\"twitter:data1\" content=\"2 minutes\" \/>\n<script type=\"application\/ld+json\" class=\"yoast-schema-graph\">{\"@context\":\"https:\\\/\\\/schema.org\",\"@graph\":[{\"@type\":\"WebPage\",\"@id\":\"https:\\\/\\\/tinesrail.com\\\/fr\\\/produits-et-systemes\\\/prefabriques\\\/dalles-inter-voies-prefabriquees-tines-tram-lc-lm\\\/\",\"url\":\"https:\\\/\\\/tinesrail.com\\\/fr\\\/produits-et-systemes\\\/prefabriques\\\/dalles-inter-voies-prefabriquees-tines-tram-lc-lm\\\/\",\"name\":\"Dalles inter-voies pr\u00e9fabriqu\u00e9es TINES\u00ae TRAM LC-LM - Tines Rail\",\"isPartOf\":{\"@id\":\"https:\\\/\\\/tinesrail.com\\\/fr\\\/#website\"},\"primaryImageOfPage\":{\"@id\":\"https:\\\/\\\/tinesrail.com\\\/fr\\\/produits-et-systemes\\\/prefabriques\\\/dalles-inter-voies-prefabriquees-tines-tram-lc-lm\\\/#primaryimage\"},\"image\":{\"@id\":\"https:\\\/\\\/tinesrail.com\\\/fr\\\/produits-et-systemes\\\/prefabriques\\\/dalles-inter-voies-prefabriquees-tines-tram-lc-lm\\\/#primaryimage\"},\"thumbnailUrl\":\"https:\\\/\\\/tinesrail.com\\\/fr\\\/wp-content\\\/uploads\\\/2023\\\/05\\\/TINES-TRAM-LC-LM-plyta-miedzytorowa-1.jpg\",\"datePublished\":\"2022-10-06T07:31:28+00:00\",\"dateModified\":\"2025-02-18T19:25:50+00:00\",\"breadcrumb\":{\"@id\":\"https:\\\/\\\/tinesrail.com\\\/fr\\\/produits-et-systemes\\\/prefabriques\\\/dalles-inter-voies-prefabriquees-tines-tram-lc-lm\\\/#breadcrumb\"},\"inLanguage\":\"fr-FR\",\"potentialAction\":[{\"@type\":\"ReadAction\",\"target\":[\"https:\\\/\\\/tinesrail.com\\\/fr\\\/produits-et-systemes\\\/prefabriques\\\/dalles-inter-voies-prefabriquees-tines-tram-lc-lm\\\/\"]}]},{\"@type\":\"ImageObject\",\"inLanguage\":\"fr-FR\",\"@id\":\"https:\\\/\\\/tinesrail.com\\\/fr\\\/produits-et-systemes\\\/prefabriques\\\/dalles-inter-voies-prefabriquees-tines-tram-lc-lm\\\/#primaryimage\",\"url\":\"https:\\\/\\\/tinesrail.com\\\/fr\\\/wp-content\\\/uploads\\\/2023\\\/05\\\/TINES-TRAM-LC-LM-plyta-miedzytorowa-1.jpg\",\"contentUrl\":\"https:\\\/\\\/tinesrail.com\\\/fr\\\/wp-content\\\/uploads\\\/2023\\\/05\\\/TINES-TRAM-LC-LM-plyta-miedzytorowa-1.jpg\",\"width\":817,\"height\":504,\"caption\":\"TINES TRAM LC-LM - p\u0142yta mi\u0119dzytorowa\"},{\"@type\":\"BreadcrumbList\",\"@id\":\"https:\\\/\\\/tinesrail.com\\\/fr\\\/produits-et-systemes\\\/prefabriques\\\/dalles-inter-voies-prefabriquees-tines-tram-lc-lm\\\/#breadcrumb\",\"itemListElement\":[{\"@type\":\"ListItem\",\"position\":1,\"name\":\"Strona g\u0142\u00f3wna\",\"item\":\"https:\\\/\\\/tinesrail.com\\\/fr\\\/\"},{\"@type\":\"ListItem\",\"position\":2,\"name\":\"Produits et syst\u00e8mes\",\"item\":\"https:\\\/\\\/tinesrail.com\\\/fr\\\/produits-et-systemes\\\/\"},{\"@type\":\"ListItem\",\"position\":3,\"name\":\"Pr\u00e9fabriqu\u00e9s\",\"item\":\"https:\\\/\\\/tinesrail.com\\\/fr\\\/produits-et-systemes\\\/prefabriques\\\/\"},{\"@type\":\"ListItem\",\"position\":4,\"name\":\"Dalles inter-voies pr\u00e9fabriqu\u00e9es TINES\u00ae TRAM LC-LM\"}]},{\"@type\":\"WebSite\",\"@id\":\"https:\\\/\\\/tinesrail.com\\\/fr\\\/#website\",\"url\":\"https:\\\/\\\/tinesrail.com\\\/fr\\\/\",\"name\":\"Tines Rail\",\"description\":\"\",\"publisher\":{\"@id\":\"https:\\\/\\\/tinesrail.com\\\/fr\\\/#organization\"},\"potentialAction\":[{\"@type\":\"SearchAction\",\"target\":{\"@type\":\"EntryPoint\",\"urlTemplate\":\"https:\\\/\\\/tinesrail.com\\\/fr\\\/?s={search_term_string}\"},\"query-input\":{\"@type\":\"PropertyValueSpecification\",\"valueRequired\":true,\"valueName\":\"search_term_string\"}}],\"inLanguage\":\"fr-FR\"},{\"@type\":\"Organization\",\"@id\":\"https:\\\/\\\/tinesrail.com\\\/fr\\\/#organization\",\"name\":\"Tines Rail\",\"url\":\"https:\\\/\\\/tinesrail.com\\\/fr\\\/\",\"logo\":{\"@type\":\"ImageObject\",\"inLanguage\":\"fr-FR\",\"@id\":\"https:\\\/\\\/tinesrail.com\\\/fr\\\/#\\\/schema\\\/logo\\\/image\\\/\",\"url\":\"https:\\\/\\\/tinesrail.com\\\/fr\\\/wp-content\\\/uploads\\\/2021\\\/04\\\/Tines-logo-1.png\",\"contentUrl\":\"https:\\\/\\\/tinesrail.com\\\/fr\\\/wp-content\\\/uploads\\\/2021\\\/04\\\/Tines-logo-1.png\",\"width\":203,\"height\":58,\"caption\":\"Tines Rail\"},\"image\":{\"@id\":\"https:\\\/\\\/tinesrail.com\\\/fr\\\/#\\\/schema\\\/logo\\\/image\\\/\"}}]}<\/script>\n<!-- \/ Yoast SEO plugin. -->","yoast_head_json":{"title":"Dalles inter-voies pr\u00e9fabriqu\u00e9es TINES\u00ae TRAM LC-LM - Tines Rail","robots":{"index":"index","follow":"follow","max-snippet":"max-snippet:-1","max-image-preview":"max-image-preview:large","max-video-preview":"max-video-preview:-1"},"canonical":"https:\/\/tinesrail.com\/fr\/produits-et-systemes\/prefabriques\/dalles-inter-voies-prefabriquees-tines-tram-lc-lm\/","og_locale":"fr_FR","og_type":"article","og_title":"Dalles inter-voies pr\u00e9fabriqu\u00e9es TINES\u00ae TRAM LC-LM - Tines Rail","og_url":"https:\/\/tinesrail.com\/fr\/produits-et-systemes\/prefabriques\/dalles-inter-voies-prefabriquees-tines-tram-lc-lm\/","og_site_name":"Tines Rail","article_modified_time":"2025-02-18T19:25:50+00:00","og_image":[{"width":817,"height":504,"url":"https:\/\/tinesrail.com\/fr\/wp-content\/uploads\/2023\/05\/TINES-TRAM-LC-LM-plyta-miedzytorowa-1.jpg","type":"image\/jpeg"}],"twitter_card":"summary_large_image","twitter_misc":{"Dur\u00e9e de lecture estim\u00e9e":"2 minutes"},"schema":{"@context":"https:\/\/schema.org","@graph":[{"@type":"WebPage","@id":"https:\/\/tinesrail.com\/fr\/produits-et-systemes\/prefabriques\/dalles-inter-voies-prefabriquees-tines-tram-lc-lm\/","url":"https:\/\/tinesrail.com\/fr\/produits-et-systemes\/prefabriques\/dalles-inter-voies-prefabriquees-tines-tram-lc-lm\/","name":"Dalles inter-voies pr\u00e9fabriqu\u00e9es TINES\u00ae TRAM LC-LM - Tines Rail","isPartOf":{"@id":"https:\/\/tinesrail.com\/fr\/#website"},"primaryImageOfPage":{"@id":"https:\/\/tinesrail.com\/fr\/produits-et-systemes\/prefabriques\/dalles-inter-voies-prefabriquees-tines-tram-lc-lm\/#primaryimage"},"image":{"@id":"https:\/\/tinesrail.com\/fr\/produits-et-systemes\/prefabriques\/dalles-inter-voies-prefabriquees-tines-tram-lc-lm\/#primaryimage"},"thumbnailUrl":"https:\/\/tinesrail.com\/fr\/wp-content\/uploads\/2023\/05\/TINES-TRAM-LC-LM-plyta-miedzytorowa-1.jpg","datePublished":"2022-10-06T07:31:28+00:00","dateModified":"2025-02-18T19:25:50+00:00","breadcrumb":{"@id":"https:\/\/tinesrail.com\/fr\/produits-et-systemes\/prefabriques\/dalles-inter-voies-prefabriquees-tines-tram-lc-lm\/#breadcrumb"},"inLanguage":"fr-FR","potentialAction":[{"@type":"ReadAction","target":["https:\/\/tinesrail.com\/fr\/produits-et-systemes\/prefabriques\/dalles-inter-voies-prefabriquees-tines-tram-lc-lm\/"]}]},{"@type":"ImageObject","inLanguage":"fr-FR","@id":"https:\/\/tinesrail.com\/fr\/produits-et-systemes\/prefabriques\/dalles-inter-voies-prefabriquees-tines-tram-lc-lm\/#primaryimage","url":"https:\/\/tinesrail.com\/fr\/wp-content\/uploads\/2023\/05\/TINES-TRAM-LC-LM-plyta-miedzytorowa-1.jpg","contentUrl":"https:\/\/tinesrail.com\/fr\/wp-content\/uploads\/2023\/05\/TINES-TRAM-LC-LM-plyta-miedzytorowa-1.jpg","width":817,"height":504,"caption":"TINES TRAM LC-LM - p\u0142yta mi\u0119dzytorowa"},{"@type":"BreadcrumbList","@id":"https:\/\/tinesrail.com\/fr\/produits-et-systemes\/prefabriques\/dalles-inter-voies-prefabriquees-tines-tram-lc-lm\/#breadcrumb","itemListElement":[{"@type":"ListItem","position":1,"name":"Strona g\u0142\u00f3wna","item":"https:\/\/tinesrail.com\/fr\/"},{"@type":"ListItem","position":2,"name":"Produits et syst\u00e8mes","item":"https:\/\/tinesrail.com\/fr\/produits-et-systemes\/"},{"@type":"ListItem","position":3,"name":"Pr\u00e9fabriqu\u00e9s","item":"https:\/\/tinesrail.com\/fr\/produits-et-systemes\/prefabriques\/"},{"@type":"ListItem","position":4,"name":"Dalles inter-voies pr\u00e9fabriqu\u00e9es TINES\u00ae TRAM LC-LM"}]},{"@type":"WebSite","@id":"https:\/\/tinesrail.com\/fr\/#website","url":"https:\/\/tinesrail.com\/fr\/","name":"Tines Rail","description":"","publisher":{"@id":"https:\/\/tinesrail.com\/fr\/#organization"},"potentialAction":[{"@type":"SearchAction","target":{"@type":"EntryPoint","urlTemplate":"https:\/\/tinesrail.com\/fr\/?s={search_term_string}"},"query-input":{"@type":"PropertyValueSpecification","valueRequired":true,"valueName":"search_term_string"}}],"inLanguage":"fr-FR"},{"@type":"Organization","@id":"https:\/\/tinesrail.com\/fr\/#organization","name":"Tines Rail","url":"https:\/\/tinesrail.com\/fr\/","logo":{"@type":"ImageObject","inLanguage":"fr-FR","@id":"https:\/\/tinesrail.com\/fr\/#\/schema\/logo\/image\/","url":"https:\/\/tinesrail.com\/fr\/wp-content\/uploads\/2021\/04\/Tines-logo-1.png","contentUrl":"https:\/\/tinesrail.com\/fr\/wp-content\/uploads\/2021\/04\/Tines-logo-1.png","width":203,"height":58,"caption":"Tines Rail"},"image":{"@id":"https:\/\/tinesrail.com\/fr\/#\/schema\/logo\/image\/"}}]}},"_links":{"self":[{"href":"https:\/\/tinesrail.com\/fr\/wp-json\/wp\/v2\/pages\/2738","targetHints":{"allow":["GET"]}}],"collection":[{"href":"https:\/\/tinesrail.com\/fr\/wp-json\/wp\/v2\/pages"}],"about":[{"href":"https:\/\/tinesrail.com\/fr\/wp-json\/wp\/v2\/types\/page"}],"author":[{"embeddable":true,"href":"https:\/\/tinesrail.com\/fr\/wp-json\/wp\/v2\/users\/1"}],"replies":[{"embeddable":true,"href":"https:\/\/tinesrail.com\/fr\/wp-json\/wp\/v2\/comments?post=2738"}],"version-history":[{"count":11,"href":"https:\/\/tinesrail.com\/fr\/wp-json\/wp\/v2\/pages\/2738\/revisions"}],"predecessor-version":[{"id":6682,"href":"https:\/\/tinesrail.com\/fr\/wp-json\/wp\/v2\/pages\/2738\/revisions\/6682"}],"up":[{"embeddable":true,"href":"https:\/\/tinesrail.com\/fr\/wp-json\/wp\/v2\/pages\/2733"}],"wp:attachment":[{"href":"https:\/\/tinesrail.com\/fr\/wp-json\/wp\/v2\/media?parent=2738"}],"curies":[{"name":"wp","href":"https:\/\/api.w.org\/{rel}","templated":true}]}}