{"id":2732,"date":"2022-10-06T05:25:42","date_gmt":"2022-10-06T07:25:42","guid":{"rendered":"https:\/\/tinesrail.com\/fr\/?page_id=2732"},"modified":"2025-02-18T17:22:02","modified_gmt":"2025-02-18T19:22:02","slug":"dalles-prefabriquees-de-voie-route-tines-tram-lc-l","status":"publish","type":"page","link":"https:\/\/tinesrail.com\/fr\/produits-et-systemes\/prefabriques\/dalles-prefabriquees-de-voie-route-tines-tram-lc-l\/","title":{"rendered":"Dalles pr\u00e9fabriqu\u00e9es de voie-route TINES\u00ae TRAM LC-L"},"content":{"rendered":"<div class=\"fusion-fullwidth fullwidth-box fusion-builder-row-1 fusion-flex-container has-pattern-background has-mask-background nonhundred-percent-fullwidth non-hundred-percent-height-scrolling\" style=\"--awb-border-radius-top-left:0px;--awb-border-radius-top-right:0px;--awb-border-radius-bottom-right:0px;--awb-border-radius-bottom-left:0px;--awb-padding-top-small:63px;--awb-padding-right-small:27px;--awb-padding-left-small:26px;--awb-margin-top-small:2px;--awb-flex-wrap:wrap;\" ><div class=\"fusion-builder-row fusion-row fusion-flex-align-items-flex-start fusion-flex-content-wrap\" style=\"max-width:1424.8px;margin-left: calc(-4% \/ 2 );margin-right: calc(-4% \/ 2 );\"><div class=\"fusion-layout-column fusion_builder_column fusion-builder-column-0 fusion_builder_column_1_1 1_1 fusion-flex-column\" style=\"--awb-padding-bottom:20px;--awb-bg-size:cover;--awb-width-large:100%;--awb-margin-top-large:0px;--awb-spacing-right-large:1.92%;--awb-margin-bottom-large:10%;--awb-spacing-left-large:1.92%;--awb-width-medium:100%;--awb-order-medium:0;--awb-spacing-right-medium:1.92%;--awb-spacing-left-medium:1.92%;--awb-width-small:100%;--awb-order-small:0;--awb-spacing-right-small:1.92%;--awb-spacing-left-small:1.92%;\"><div class=\"fusion-column-wrapper fusion-column-has-shadow fusion-flex-justify-content-flex-start fusion-content-layout-column\"><div class=\"fusion-image-element \" style=\"text-align:center;--awb-caption-title-font-family:var(--h2_typography-font-family);--awb-caption-title-font-weight:var(--h2_typography-font-weight);--awb-caption-title-font-style:var(--h2_typography-font-style);--awb-caption-title-size:var(--h2_typography-font-size);--awb-caption-title-transform:var(--h2_typography-text-transform);--awb-caption-title-line-height:var(--h2_typography-line-height);--awb-caption-title-letter-spacing:var(--h2_typography-letter-spacing);\"><span class=\" fusion-imageframe imageframe-none imageframe-1 hover-type-none\"><img decoding=\"async\" width=\"817\" height=\"498\" alt=\"LC-L - prefabrykowana p\u0142yta torowa\" title=\"LC-L &#8211; prefabrykowana p\u0142yta torowa\" src=\"https:\/\/tinesrail.com\/fr\/wp-content\/uploads\/2023\/05\/LC-L-prefabrykowana-plyta-torowa.jpg\" data-orig-src=\"https:\/\/tinesrail.com\/fr\/wp-content\/uploads\/2023\/05\/LC-L-prefabrykowana-plyta-torowa.jpg\" class=\"lazyload img-responsive wp-image-3595\" srcset=\"data:image\/svg+xml,%3Csvg%20xmlns%3D%27http%3A%2F%2Fwww.w3.org%2F2000%2Fsvg%27%20width%3D%27817%27%20height%3D%27498%27%20viewBox%3D%270%200%20817%20498%27%3E%3Crect%20width%3D%27817%27%20height%3D%27498%27%20fill-opacity%3D%220%22%2F%3E%3C%2Fsvg%3E\" data-srcset=\"https:\/\/tinesrail.com\/fr\/wp-content\/uploads\/2023\/05\/LC-L-prefabrykowana-plyta-torowa-200x122.jpg 200w, https:\/\/tinesrail.com\/fr\/wp-content\/uploads\/2023\/05\/LC-L-prefabrykowana-plyta-torowa-400x244.jpg 400w, https:\/\/tinesrail.com\/fr\/wp-content\/uploads\/2023\/05\/LC-L-prefabrykowana-plyta-torowa-600x366.jpg 600w, https:\/\/tinesrail.com\/fr\/wp-content\/uploads\/2023\/05\/LC-L-prefabrykowana-plyta-torowa-800x488.jpg 800w, https:\/\/tinesrail.com\/fr\/wp-content\/uploads\/2023\/05\/LC-L-prefabrykowana-plyta-torowa.jpg 817w\" data-sizes=\"auto\" data-orig-sizes=\"(max-width: 640px) 100vw, 817px\" \/><\/span><\/div><div class=\"fusion-text fusion-text-1\" style=\"--awb-margin-top:20px;\"><p>Les dalles pr\u00e9fabriqu\u00e9es de voie-route TINES\u00ae TRAM LC-L constituent un \u00e9l\u00e9ment des constructions sans ballast des r\u00e9seaux de tramway dans les syst\u00e8mes de rev\u00eatement int\u00e9gr\u00e9 voie-route, que ce soit dans des r\u00e9seaux partag\u00e9s avec la chauss\u00e9e, dans des r\u00e9seaux d\u00e9di\u00e9s, aux passages et passages pour pi\u00e9tons.<\/p>\n<p>TINES\u00ae TRAM LC-L peut \u00eatre utilis\u00e9 dans des r\u00e9seaux de tramway monopistes et multipistes, sur des tron\u00e7ons droits et dans des courbes verticales et horizontales, avec tous les profils de rails.<\/p>\n<p>Les dalles pr\u00e9fabriqu\u00e9es TINES\u00ae TRAM LC-L destin\u00e9es aux r\u00e9seaux de tramway sont fabriqu\u00e9es selon des dimensions standard :<\/p>\n<ul>\n<li><strong>Largeur :<\/strong> 2,40 m ; 2,20 m ; 2,00 m ; 1,76 m<\/li>\n<li><strong>\u00c9paisseur :<\/strong> 0,35 m ou 0,40 m<\/li>\n<li><strong>Longueur :<\/strong> 1 m (TINES\u00ae TRAM LC-L1) ; 1,5 m (TINES\u00ae TRAM LC-L1.5) ; 3 m (TINES\u00ae TRAM LC-L3) ; 4 m (TINES\u00ae TRAM LC-L4)<\/li>\n<\/ul>\n<p>Les canaux pour rails dans les dalles TINES\u00ae TRAM LC-L sont adapt\u00e9s pour l\u2019installation de rails de profil 49E1 ou 60R2 (Ri60N), pour des voies de largeur 1000 mm ou 1435 mm.<\/p>\n<p>Le choix des dimensions des dalles d\u00e9pend de la configuration g\u00e9om\u00e9trique de la voie et il est possible de produire des dalles de toute longueur, adapt\u00e9es aux exigences du projet, en fonction du type de profil de rail pr\u00e9vu, de la forme de la section ou de la largeur de la voie.<\/p>\n<p>Les dalles pr\u00e9fabriqu\u00e9es TINES\u00ae TRAM LC-L sont fabriqu\u00e9es en diff\u00e9rentes variantes, en fonction de l\u2019emplacement des dalles dans le r\u00e9seau et des fonctions remplies &#8211; variantes sp\u00e9ciales : drainantes, c\u00e2bl\u00e9es, ou avec trappe int\u00e9gr\u00e9e.<\/p>\n<p><strong>Documents :<\/strong><\/p>\n<ul>\n<li data-start=\"17\" data-end=\"82\">\u00c9valuation Technique Nationale n\u00b0 IK-KOT -2020\/0091 \u00e9dition 4<\/li>\n<li data-start=\"83\" data-end=\"148\">Certificat de Conformit\u00e9 de Production d&rsquo;Usine n\u00b0 128-UWB-081<\/li>\n<li data-start=\"149\" data-end=\"199\">D\u00e9clarations Nationales des Propri\u00e9t\u00e9s d\u2019Usage<\/li>\n<li data-start=\"200\" data-end=\"219\" data-is-last-node=\"\">Fiches Techniques<\/li>\n<\/ul>\n<p>Pour pr\u00e9parer une offre technique-commerciale, veuillez contacter : <a href=\"mailto:handlowy@tinesrail.com\"><span style=\"text-decoration: underline; color: #00a3df;\">handlowy@tinesrail.com<\/span><\/a><\/p>\n<\/div><\/div><\/div><\/div><\/div>\n","protected":false},"excerpt":{"rendered":"","protected":false},"author":1,"featured_media":3595,"parent":2733,"menu_order":0,"comment_status":"closed","ping_status":"closed","template":"100-width.php","meta":{"footnotes":""},"class_list":["post-2732","page","type-page","status-publish","has-post-thumbnail","hentry"],"yoast_head":"<!-- This site is optimized with the Yoast SEO plugin v27.3 - https:\/\/yoast.com\/product\/yoast-seo-wordpress\/ -->\n<title>Dalles pr\u00e9fabriqu\u00e9es de voie-route TINES\u00ae TRAM LC-L - Tines Rail<\/title>\n<meta name=\"robots\" content=\"index, follow, max-snippet:-1, max-image-preview:large, max-video-preview:-1\" \/>\n<link rel=\"canonical\" href=\"https:\/\/tinesrail.com\/fr\/produits-et-systemes\/prefabriques\/dalles-prefabriquees-de-voie-route-tines-tram-lc-l\/\" \/>\n<meta property=\"og:locale\" content=\"fr_FR\" \/>\n<meta property=\"og:type\" content=\"article\" \/>\n<meta property=\"og:title\" content=\"Dalles pr\u00e9fabriqu\u00e9es de voie-route TINES\u00ae TRAM LC-L - Tines Rail\" \/>\n<meta property=\"og:url\" content=\"https:\/\/tinesrail.com\/fr\/produits-et-systemes\/prefabriques\/dalles-prefabriquees-de-voie-route-tines-tram-lc-l\/\" \/>\n<meta property=\"og:site_name\" content=\"Tines Rail\" \/>\n<meta property=\"article:modified_time\" content=\"2025-02-18T19:22:02+00:00\" \/>\n<meta property=\"og:image\" content=\"https:\/\/tinesrail.com\/fr\/wp-content\/uploads\/2023\/05\/LC-L-prefabrykowana-plyta-torowa.jpg\" \/>\n\t<meta property=\"og:image:width\" content=\"817\" \/>\n\t<meta property=\"og:image:height\" content=\"498\" \/>\n\t<meta property=\"og:image:type\" content=\"image\/jpeg\" \/>\n<meta name=\"twitter:card\" content=\"summary_large_image\" \/>\n<meta name=\"twitter:label1\" content=\"Dur\u00e9e de lecture estim\u00e9e\" \/>\n\t<meta name=\"twitter:data1\" content=\"2 minutes\" \/>\n<script type=\"application\/ld+json\" class=\"yoast-schema-graph\">{\"@context\":\"https:\\\/\\\/schema.org\",\"@graph\":[{\"@type\":\"WebPage\",\"@id\":\"https:\\\/\\\/tinesrail.com\\\/fr\\\/produits-et-systemes\\\/prefabriques\\\/dalles-prefabriquees-de-voie-route-tines-tram-lc-l\\\/\",\"url\":\"https:\\\/\\\/tinesrail.com\\\/fr\\\/produits-et-systemes\\\/prefabriques\\\/dalles-prefabriquees-de-voie-route-tines-tram-lc-l\\\/\",\"name\":\"Dalles pr\u00e9fabriqu\u00e9es de voie-route TINES\u00ae TRAM LC-L - Tines Rail\",\"isPartOf\":{\"@id\":\"https:\\\/\\\/tinesrail.com\\\/fr\\\/#website\"},\"primaryImageOfPage\":{\"@id\":\"https:\\\/\\\/tinesrail.com\\\/fr\\\/produits-et-systemes\\\/prefabriques\\\/dalles-prefabriquees-de-voie-route-tines-tram-lc-l\\\/#primaryimage\"},\"image\":{\"@id\":\"https:\\\/\\\/tinesrail.com\\\/fr\\\/produits-et-systemes\\\/prefabriques\\\/dalles-prefabriquees-de-voie-route-tines-tram-lc-l\\\/#primaryimage\"},\"thumbnailUrl\":\"https:\\\/\\\/tinesrail.com\\\/fr\\\/wp-content\\\/uploads\\\/2023\\\/05\\\/LC-L-prefabrykowana-plyta-torowa.jpg\",\"datePublished\":\"2022-10-06T07:25:42+00:00\",\"dateModified\":\"2025-02-18T19:22:02+00:00\",\"breadcrumb\":{\"@id\":\"https:\\\/\\\/tinesrail.com\\\/fr\\\/produits-et-systemes\\\/prefabriques\\\/dalles-prefabriquees-de-voie-route-tines-tram-lc-l\\\/#breadcrumb\"},\"inLanguage\":\"fr-FR\",\"potentialAction\":[{\"@type\":\"ReadAction\",\"target\":[\"https:\\\/\\\/tinesrail.com\\\/fr\\\/produits-et-systemes\\\/prefabriques\\\/dalles-prefabriquees-de-voie-route-tines-tram-lc-l\\\/\"]}]},{\"@type\":\"ImageObject\",\"inLanguage\":\"fr-FR\",\"@id\":\"https:\\\/\\\/tinesrail.com\\\/fr\\\/produits-et-systemes\\\/prefabriques\\\/dalles-prefabriquees-de-voie-route-tines-tram-lc-l\\\/#primaryimage\",\"url\":\"https:\\\/\\\/tinesrail.com\\\/fr\\\/wp-content\\\/uploads\\\/2023\\\/05\\\/LC-L-prefabrykowana-plyta-torowa.jpg\",\"contentUrl\":\"https:\\\/\\\/tinesrail.com\\\/fr\\\/wp-content\\\/uploads\\\/2023\\\/05\\\/LC-L-prefabrykowana-plyta-torowa.jpg\",\"width\":817,\"height\":498,\"caption\":\"LC-L - prefabrykowana p\u0142yta torowa\"},{\"@type\":\"BreadcrumbList\",\"@id\":\"https:\\\/\\\/tinesrail.com\\\/fr\\\/produits-et-systemes\\\/prefabriques\\\/dalles-prefabriquees-de-voie-route-tines-tram-lc-l\\\/#breadcrumb\",\"itemListElement\":[{\"@type\":\"ListItem\",\"position\":1,\"name\":\"Strona g\u0142\u00f3wna\",\"item\":\"https:\\\/\\\/tinesrail.com\\\/fr\\\/\"},{\"@type\":\"ListItem\",\"position\":2,\"name\":\"Produits et syst\u00e8mes\",\"item\":\"https:\\\/\\\/tinesrail.com\\\/fr\\\/produits-et-systemes\\\/\"},{\"@type\":\"ListItem\",\"position\":3,\"name\":\"Pr\u00e9fabriqu\u00e9s\",\"item\":\"https:\\\/\\\/tinesrail.com\\\/fr\\\/produits-et-systemes\\\/prefabriques\\\/\"},{\"@type\":\"ListItem\",\"position\":4,\"name\":\"Dalles pr\u00e9fabriqu\u00e9es de voie-route TINES\u00ae TRAM LC-L\"}]},{\"@type\":\"WebSite\",\"@id\":\"https:\\\/\\\/tinesrail.com\\\/fr\\\/#website\",\"url\":\"https:\\\/\\\/tinesrail.com\\\/fr\\\/\",\"name\":\"Tines Rail\",\"description\":\"\",\"publisher\":{\"@id\":\"https:\\\/\\\/tinesrail.com\\\/fr\\\/#organization\"},\"potentialAction\":[{\"@type\":\"SearchAction\",\"target\":{\"@type\":\"EntryPoint\",\"urlTemplate\":\"https:\\\/\\\/tinesrail.com\\\/fr\\\/?s={search_term_string}\"},\"query-input\":{\"@type\":\"PropertyValueSpecification\",\"valueRequired\":true,\"valueName\":\"search_term_string\"}}],\"inLanguage\":\"fr-FR\"},{\"@type\":\"Organization\",\"@id\":\"https:\\\/\\\/tinesrail.com\\\/fr\\\/#organization\",\"name\":\"Tines Rail\",\"url\":\"https:\\\/\\\/tinesrail.com\\\/fr\\\/\",\"logo\":{\"@type\":\"ImageObject\",\"inLanguage\":\"fr-FR\",\"@id\":\"https:\\\/\\\/tinesrail.com\\\/fr\\\/#\\\/schema\\\/logo\\\/image\\\/\",\"url\":\"https:\\\/\\\/tinesrail.com\\\/fr\\\/wp-content\\\/uploads\\\/2021\\\/04\\\/Tines-logo-1.png\",\"contentUrl\":\"https:\\\/\\\/tinesrail.com\\\/fr\\\/wp-content\\\/uploads\\\/2021\\\/04\\\/Tines-logo-1.png\",\"width\":203,\"height\":58,\"caption\":\"Tines Rail\"},\"image\":{\"@id\":\"https:\\\/\\\/tinesrail.com\\\/fr\\\/#\\\/schema\\\/logo\\\/image\\\/\"}}]}<\/script>\n<!-- \/ Yoast SEO plugin. -->","yoast_head_json":{"title":"Dalles pr\u00e9fabriqu\u00e9es de voie-route TINES\u00ae TRAM LC-L - Tines Rail","robots":{"index":"index","follow":"follow","max-snippet":"max-snippet:-1","max-image-preview":"max-image-preview:large","max-video-preview":"max-video-preview:-1"},"canonical":"https:\/\/tinesrail.com\/fr\/produits-et-systemes\/prefabriques\/dalles-prefabriquees-de-voie-route-tines-tram-lc-l\/","og_locale":"fr_FR","og_type":"article","og_title":"Dalles pr\u00e9fabriqu\u00e9es de voie-route TINES\u00ae TRAM LC-L - Tines Rail","og_url":"https:\/\/tinesrail.com\/fr\/produits-et-systemes\/prefabriques\/dalles-prefabriquees-de-voie-route-tines-tram-lc-l\/","og_site_name":"Tines Rail","article_modified_time":"2025-02-18T19:22:02+00:00","og_image":[{"width":817,"height":498,"url":"https:\/\/tinesrail.com\/fr\/wp-content\/uploads\/2023\/05\/LC-L-prefabrykowana-plyta-torowa.jpg","type":"image\/jpeg"}],"twitter_card":"summary_large_image","twitter_misc":{"Dur\u00e9e de lecture estim\u00e9e":"2 minutes"},"schema":{"@context":"https:\/\/schema.org","@graph":[{"@type":"WebPage","@id":"https:\/\/tinesrail.com\/fr\/produits-et-systemes\/prefabriques\/dalles-prefabriquees-de-voie-route-tines-tram-lc-l\/","url":"https:\/\/tinesrail.com\/fr\/produits-et-systemes\/prefabriques\/dalles-prefabriquees-de-voie-route-tines-tram-lc-l\/","name":"Dalles pr\u00e9fabriqu\u00e9es de voie-route TINES\u00ae TRAM LC-L - Tines Rail","isPartOf":{"@id":"https:\/\/tinesrail.com\/fr\/#website"},"primaryImageOfPage":{"@id":"https:\/\/tinesrail.com\/fr\/produits-et-systemes\/prefabriques\/dalles-prefabriquees-de-voie-route-tines-tram-lc-l\/#primaryimage"},"image":{"@id":"https:\/\/tinesrail.com\/fr\/produits-et-systemes\/prefabriques\/dalles-prefabriquees-de-voie-route-tines-tram-lc-l\/#primaryimage"},"thumbnailUrl":"https:\/\/tinesrail.com\/fr\/wp-content\/uploads\/2023\/05\/LC-L-prefabrykowana-plyta-torowa.jpg","datePublished":"2022-10-06T07:25:42+00:00","dateModified":"2025-02-18T19:22:02+00:00","breadcrumb":{"@id":"https:\/\/tinesrail.com\/fr\/produits-et-systemes\/prefabriques\/dalles-prefabriquees-de-voie-route-tines-tram-lc-l\/#breadcrumb"},"inLanguage":"fr-FR","potentialAction":[{"@type":"ReadAction","target":["https:\/\/tinesrail.com\/fr\/produits-et-systemes\/prefabriques\/dalles-prefabriquees-de-voie-route-tines-tram-lc-l\/"]}]},{"@type":"ImageObject","inLanguage":"fr-FR","@id":"https:\/\/tinesrail.com\/fr\/produits-et-systemes\/prefabriques\/dalles-prefabriquees-de-voie-route-tines-tram-lc-l\/#primaryimage","url":"https:\/\/tinesrail.com\/fr\/wp-content\/uploads\/2023\/05\/LC-L-prefabrykowana-plyta-torowa.jpg","contentUrl":"https:\/\/tinesrail.com\/fr\/wp-content\/uploads\/2023\/05\/LC-L-prefabrykowana-plyta-torowa.jpg","width":817,"height":498,"caption":"LC-L - prefabrykowana p\u0142yta torowa"},{"@type":"BreadcrumbList","@id":"https:\/\/tinesrail.com\/fr\/produits-et-systemes\/prefabriques\/dalles-prefabriquees-de-voie-route-tines-tram-lc-l\/#breadcrumb","itemListElement":[{"@type":"ListItem","position":1,"name":"Strona g\u0142\u00f3wna","item":"https:\/\/tinesrail.com\/fr\/"},{"@type":"ListItem","position":2,"name":"Produits et syst\u00e8mes","item":"https:\/\/tinesrail.com\/fr\/produits-et-systemes\/"},{"@type":"ListItem","position":3,"name":"Pr\u00e9fabriqu\u00e9s","item":"https:\/\/tinesrail.com\/fr\/produits-et-systemes\/prefabriques\/"},{"@type":"ListItem","position":4,"name":"Dalles pr\u00e9fabriqu\u00e9es de voie-route TINES\u00ae TRAM LC-L"}]},{"@type":"WebSite","@id":"https:\/\/tinesrail.com\/fr\/#website","url":"https:\/\/tinesrail.com\/fr\/","name":"Tines Rail","description":"","publisher":{"@id":"https:\/\/tinesrail.com\/fr\/#organization"},"potentialAction":[{"@type":"SearchAction","target":{"@type":"EntryPoint","urlTemplate":"https:\/\/tinesrail.com\/fr\/?s={search_term_string}"},"query-input":{"@type":"PropertyValueSpecification","valueRequired":true,"valueName":"search_term_string"}}],"inLanguage":"fr-FR"},{"@type":"Organization","@id":"https:\/\/tinesrail.com\/fr\/#organization","name":"Tines Rail","url":"https:\/\/tinesrail.com\/fr\/","logo":{"@type":"ImageObject","inLanguage":"fr-FR","@id":"https:\/\/tinesrail.com\/fr\/#\/schema\/logo\/image\/","url":"https:\/\/tinesrail.com\/fr\/wp-content\/uploads\/2021\/04\/Tines-logo-1.png","contentUrl":"https:\/\/tinesrail.com\/fr\/wp-content\/uploads\/2021\/04\/Tines-logo-1.png","width":203,"height":58,"caption":"Tines Rail"},"image":{"@id":"https:\/\/tinesrail.com\/fr\/#\/schema\/logo\/image\/"}}]}},"_links":{"self":[{"href":"https:\/\/tinesrail.com\/fr\/wp-json\/wp\/v2\/pages\/2732","targetHints":{"allow":["GET"]}}],"collection":[{"href":"https:\/\/tinesrail.com\/fr\/wp-json\/wp\/v2\/pages"}],"about":[{"href":"https:\/\/tinesrail.com\/fr\/wp-json\/wp\/v2\/types\/page"}],"author":[{"embeddable":true,"href":"https:\/\/tinesrail.com\/fr\/wp-json\/wp\/v2\/users\/1"}],"replies":[{"embeddable":true,"href":"https:\/\/tinesrail.com\/fr\/wp-json\/wp\/v2\/comments?post=2732"}],"version-history":[{"count":12,"href":"https:\/\/tinesrail.com\/fr\/wp-json\/wp\/v2\/pages\/2732\/revisions"}],"predecessor-version":[{"id":6680,"href":"https:\/\/tinesrail.com\/fr\/wp-json\/wp\/v2\/pages\/2732\/revisions\/6680"}],"up":[{"embeddable":true,"href":"https:\/\/tinesrail.com\/fr\/wp-json\/wp\/v2\/pages\/2733"}],"wp:featuredmedia":[{"embeddable":true,"href":"https:\/\/tinesrail.com\/fr\/wp-json\/wp\/v2\/media\/3595"}],"wp:attachment":[{"href":"https:\/\/tinesrail.com\/fr\/wp-json\/wp\/v2\/media?parent=2732"}],"curies":[{"name":"wp","href":"https:\/\/api.w.org\/{rel}","templated":true}]}}