{"id":2727,"date":"2022-10-06T05:16:42","date_gmt":"2022-10-06T07:16:42","guid":{"rendered":"https:\/\/tinesrail.com\/fr\/?page_id=2727"},"modified":"2025-02-18T17:08:01","modified_gmt":"2025-02-18T19:08:01","slug":"tines-rubbermat-stm","status":"publish","type":"page","link":"https:\/\/tinesrail.com\/fr\/produits-et-systemes\/tapis-antivibratoires-tines\/tines-rubbermat-stm\/","title":{"rendered":"TINES\u00ae Rubbermat STM"},"content":{"rendered":"<div class=\"fusion-fullwidth fullwidth-box fusion-builder-row-1 fusion-flex-container has-pattern-background has-mask-background nonhundred-percent-fullwidth non-hundred-percent-height-scrolling\" style=\"--awb-border-radius-top-left:0px;--awb-border-radius-top-right:0px;--awb-border-radius-bottom-right:0px;--awb-border-radius-bottom-left:0px;--awb-padding-right-small:30px;--awb-padding-left-small:30px;--awb-flex-wrap:wrap;\" ><div class=\"fusion-builder-row fusion-row fusion-flex-align-items-flex-start fusion-flex-content-wrap\" style=\"max-width:1424.8px;margin-left: calc(-4% \/ 2 );margin-right: calc(-4% \/ 2 );\"><div class=\"fusion-layout-column fusion_builder_column fusion-builder-column-0 fusion_builder_column_1_1 1_1 fusion-flex-column\" style=\"--awb-bg-size:cover;--awb-width-large:100%;--awb-margin-top-large:0px;--awb-spacing-right-large:1.92%;--awb-margin-bottom-large:10%;--awb-spacing-left-large:1.92%;--awb-width-medium:100%;--awb-order-medium:0;--awb-spacing-right-medium:1.92%;--awb-spacing-left-medium:1.92%;--awb-width-small:100%;--awb-order-small:0;--awb-spacing-right-small:1.92%;--awb-spacing-left-small:1.92%;\"><div class=\"fusion-column-wrapper fusion-column-has-shadow fusion-flex-justify-content-flex-start fusion-content-layout-column\"><div class=\"fusion-text fusion-text-1 fusion-no-small-visibility\"><h4 style=\"text-align: left;\">Tapis sous-dalle STM (STM \u2013 Slab-Track Mats) destin\u00e9s aux rev\u00eatements de voies sans ballast, \u00e0 poser sous une dalle de voie en b\u00e9ton<\/h4>\n<\/div><div class=\"fusion-text fusion-text-2 fusion-no-medium-visibility fusion-no-large-visibility\"><h5 style=\"text-align: left;\"><strong>Tapis sous-dalle STM (STM \u2013 Slab-Track Mats) destin\u00e9s aux rev\u00eatements de voies sans ballast, \u00e0 poser sous une dalle de voie en b\u00e9ton<\/strong><\/h5>\n<\/div><div class=\"fusion-image-element \" style=\"text-align:center;--awb-caption-title-font-family:var(--h2_typography-font-family);--awb-caption-title-font-weight:var(--h2_typography-font-weight);--awb-caption-title-font-style:var(--h2_typography-font-style);--awb-caption-title-size:var(--h2_typography-font-size);--awb-caption-title-transform:var(--h2_typography-text-transform);--awb-caption-title-line-height:var(--h2_typography-line-height);--awb-caption-title-letter-spacing:var(--h2_typography-letter-spacing);\"><span class=\" fusion-imageframe imageframe-none imageframe-1 hover-type-none\"><img decoding=\"async\" width=\"832\" height=\"499\" alt=\"Maty wibroizolacyjne podt\u0142uczniowe\/podpodsypkowe SBM uk\u0142adane na pod\u0142o\u017cu betonowym\" title=\"Maty wibroizolacyjne podt\u0142uczniowe\/podpodsypkowe SBM uk\u0142adane na pod\u0142o\u017cu betonowym\" src=\"https:\/\/tinesrail.com\/fr\/wp-content\/uploads\/2023\/03\/Maty-wibroizolacyjne-podloze-betonowe.jpg\" data-orig-src=\"https:\/\/tinesrail.com\/fr\/wp-content\/uploads\/2023\/03\/Maty-wibroizolacyjne-podloze-betonowe.jpg\" class=\"lazyload img-responsive wp-image-3350\" srcset=\"data:image\/svg+xml,%3Csvg%20xmlns%3D%27http%3A%2F%2Fwww.w3.org%2F2000%2Fsvg%27%20width%3D%27832%27%20height%3D%27499%27%20viewBox%3D%270%200%20832%20499%27%3E%3Crect%20width%3D%27832%27%20height%3D%27499%27%20fill-opacity%3D%220%22%2F%3E%3C%2Fsvg%3E\" data-srcset=\"https:\/\/tinesrail.com\/fr\/wp-content\/uploads\/2023\/03\/Maty-wibroizolacyjne-podloze-betonowe-200x120.jpg 200w, https:\/\/tinesrail.com\/fr\/wp-content\/uploads\/2023\/03\/Maty-wibroizolacyjne-podloze-betonowe-400x240.jpg 400w, https:\/\/tinesrail.com\/fr\/wp-content\/uploads\/2023\/03\/Maty-wibroizolacyjne-podloze-betonowe-600x360.jpg 600w, https:\/\/tinesrail.com\/fr\/wp-content\/uploads\/2023\/03\/Maty-wibroizolacyjne-podloze-betonowe-800x480.jpg 800w, https:\/\/tinesrail.com\/fr\/wp-content\/uploads\/2023\/03\/Maty-wibroizolacyjne-podloze-betonowe.jpg 832w\" data-sizes=\"auto\" data-orig-sizes=\"(max-width: 640px) 100vw, 832px\" \/><\/span><\/div><div class=\"fusion-text fusion-text-3\"><p style=\"text-align: center;\"><strong>Tapis antivibratoires sous-dalle STM pos\u00e9s sous une dalle de voie en b\u00e9ton pr\u00e9fabriqu\u00e9e<\/strong><\/p>\n<p><img decoding=\"async\" class=\"lazyload wp-image-3352 size-full aligncenter\" src=\"https:\/\/tinesrail.com\/fr\/wp-content\/uploads\/2023\/03\/Maty-podpory-blokowe-tunel.jpg\" data-orig-src=\"https:\/\/tinesrail.com\/fr\/wp-content\/uploads\/2023\/03\/Maty-podpory-blokowe-tunel.jpg\" alt=\"Maty podpory blokowe tunel\" width=\"992\" height=\"565\" srcset=\"data:image\/svg+xml,%3Csvg%20xmlns%3D%27http%3A%2F%2Fwww.w3.org%2F2000%2Fsvg%27%20width%3D%27992%27%20height%3D%27565%27%20viewBox%3D%270%200%20992%20565%27%3E%3Crect%20width%3D%27992%27%20height%3D%27565%27%20fill-opacity%3D%220%22%2F%3E%3C%2Fsvg%3E\" data-srcset=\"https:\/\/tinesrail.com\/fr\/wp-content\/uploads\/2023\/03\/Maty-podpory-blokowe-tunel-200x114.jpg 200w, https:\/\/tinesrail.com\/fr\/wp-content\/uploads\/2023\/03\/Maty-podpory-blokowe-tunel-300x171.jpg 300w, https:\/\/tinesrail.com\/fr\/wp-content\/uploads\/2023\/03\/Maty-podpory-blokowe-tunel-400x228.jpg 400w, https:\/\/tinesrail.com\/fr\/wp-content\/uploads\/2023\/03\/Maty-podpory-blokowe-tunel-600x342.jpg 600w, https:\/\/tinesrail.com\/fr\/wp-content\/uploads\/2023\/03\/Maty-podpory-blokowe-tunel-768x437.jpg 768w, https:\/\/tinesrail.com\/fr\/wp-content\/uploads\/2023\/03\/Maty-podpory-blokowe-tunel-800x456.jpg 800w, https:\/\/tinesrail.com\/fr\/wp-content\/uploads\/2023\/03\/Maty-podpory-blokowe-tunel.jpg 992w\" data-sizes=\"auto\" data-orig-sizes=\"(max-width: 992px) 100vw, 992px\" \/><\/p>\n<p style=\"text-align: center;\"><strong>Tapis antivibratoires sous-dalle STM pos\u00e9s sous une dalle de voie en b\u00e9ton coul\u00e9e \u00ab\u00a0in situ\u00a0\u00bb<\/strong><\/p>\n<\/div><div class=\"fusion-text fusion-text-4\"><p>Les tapis antivibratoires TINES\u00ae Rubbermat STM sont fabriqu\u00e9s \u00e0 partir de granulats de caoutchouc li\u00e9s par du polyur\u00e9thane et sont destin\u00e9s aux rev\u00eatements sans ballast, \u00e0 poser sous une dalle de voie en b\u00e9ton.<\/p>\n<p><strong>Variantes de base :<\/strong><\/p>\n<ul>\n<li>TINES<sup>\u00ae<\/sup> Rubbermat STM 700<\/li>\n<li>TINES<sup>\u00ae<\/sup> Rubbermat STM 600<\/li>\n<li>TINES<sup>\u00ae<\/sup> Rubbermat STM 500<\/li>\n<\/ul>\n<p><strong>Dimensions des feuilles :<\/strong> 1000\u202fmm x 2000\u202fmm ou 1200\u202fmm x 2000\u202fmm<br \/>\n<strong>\u00c9paisseurs disponibles :<\/strong> 15\u202fmm, 20\u202fmm, 25\u202fmm, 30\u202fmm<\/p>\n<p><strong>Documents :<\/strong><\/p>\n<ul>\n<li>\u00c9valuation Technique Nationale n\u00b0 IK \u2013 KOT -2021\/0137, \u00e9dition 2, d\u00e9livr\u00e9e par l&rsquo;Institut Ferroviaire<\/li>\n<li>Certificat National de Conformit\u00e9 de Production d\u2019Usine n\u00b0 202-UWB-523, d\u00e9livr\u00e9 par le CWB<\/li>\n<li>D\u00e9clarations Nationales des Propri\u00e9t\u00e9s d\u2019Usage<\/li>\n<li>Fiches Techniques<\/li>\n<\/ul>\n<p>Pour pr\u00e9parer une offre technique-commerciale, veuillez contacter : <a href=\"mailto:handlowy@tinesrail.com\"><span style=\"text-decoration: underline;\"><span style=\"color: #00a3df; text-decoration: underline;\">handlowy@tinesrail.com<\/span><\/span><\/a><\/p>\n<\/div><\/div><\/div><\/div><\/div>\n","protected":false},"excerpt":{"rendered":"","protected":false},"author":1,"featured_media":0,"parent":2712,"menu_order":0,"comment_status":"closed","ping_status":"closed","template":"100-width.php","meta":{"footnotes":""},"class_list":["post-2727","page","type-page","status-publish","hentry"],"yoast_head":"<!-- This site is optimized with the Yoast SEO plugin v27.3 - https:\/\/yoast.com\/product\/yoast-seo-wordpress\/ -->\n<title>TINES\u00ae Rubbermat STM przeznaczone do bezpodsypkowych nawierzchni torowych, do uk\u0142adania pod betonow\u0105 p\u0142yt\u0105 nawierzchni szynowej. - Tines Rail<\/title>\n<meta name=\"description\" content=\"Maty wibroizolacyjne s\u0105 wykonane s\u0105 z granulatu gumowego ze spoiwem poliuretanowym, przeznaczone s\u0105 do bezpodsypkowych nawierzchni, do uk\u0142adania pod betonow\u0105 p\u0142yt\u0105 torow\u0105 nawierzchni szynowej.\" \/>\n<meta name=\"robots\" content=\"index, follow, max-snippet:-1, max-image-preview:large, max-video-preview:-1\" \/>\n<link rel=\"canonical\" href=\"https:\/\/tinesrail.com\/fr\/produits-et-systemes\/tapis-antivibratoires-tines\/tines-rubbermat-stm\/\" \/>\n<meta property=\"og:locale\" content=\"fr_FR\" \/>\n<meta property=\"og:type\" content=\"article\" \/>\n<meta property=\"og:title\" content=\"TINES\u00ae Rubbermat STM przeznaczone do bezpodsypkowych nawierzchni torowych, do uk\u0142adania pod betonow\u0105 p\u0142yt\u0105 nawierzchni szynowej. - Tines Rail\" \/>\n<meta property=\"og:description\" content=\"Maty wibroizolacyjne s\u0105 wykonane s\u0105 z granulatu gumowego ze spoiwem poliuretanowym, przeznaczone s\u0105 do bezpodsypkowych nawierzchni, do uk\u0142adania pod betonow\u0105 p\u0142yt\u0105 torow\u0105 nawierzchni szynowej.\" \/>\n<meta property=\"og:url\" content=\"https:\/\/tinesrail.com\/fr\/produits-et-systemes\/tapis-antivibratoires-tines\/tines-rubbermat-stm\/\" \/>\n<meta property=\"og:site_name\" content=\"Tines Rail\" \/>\n<meta property=\"article:modified_time\" content=\"2025-02-18T19:08:01+00:00\" \/>\n<meta property=\"og:image\" content=\"https:\/\/tinesrail.com\/fr\/wp-content\/uploads\/2023\/03\/Maty-podpory-blokowe-tunel.jpg\" \/>\n<meta name=\"twitter:card\" content=\"summary_large_image\" \/>\n<meta name=\"twitter:label1\" content=\"Dur\u00e9e de lecture estim\u00e9e\" \/>\n\t<meta name=\"twitter:data1\" content=\"2 minutes\" \/>\n<script type=\"application\/ld+json\" class=\"yoast-schema-graph\">{\"@context\":\"https:\\\/\\\/schema.org\",\"@graph\":[{\"@type\":\"WebPage\",\"@id\":\"https:\\\/\\\/tinesrail.com\\\/fr\\\/produits-et-systemes\\\/tapis-antivibratoires-tines\\\/tines-rubbermat-stm\\\/\",\"url\":\"https:\\\/\\\/tinesrail.com\\\/fr\\\/produits-et-systemes\\\/tapis-antivibratoires-tines\\\/tines-rubbermat-stm\\\/\",\"name\":\"TINES\u00ae Rubbermat STM przeznaczone do bezpodsypkowych nawierzchni torowych, do uk\u0142adania pod betonow\u0105 p\u0142yt\u0105 nawierzchni szynowej. - Tines Rail\",\"isPartOf\":{\"@id\":\"https:\\\/\\\/tinesrail.com\\\/fr\\\/#website\"},\"primaryImageOfPage\":{\"@id\":\"https:\\\/\\\/tinesrail.com\\\/fr\\\/produits-et-systemes\\\/tapis-antivibratoires-tines\\\/tines-rubbermat-stm\\\/#primaryimage\"},\"image\":{\"@id\":\"https:\\\/\\\/tinesrail.com\\\/fr\\\/produits-et-systemes\\\/tapis-antivibratoires-tines\\\/tines-rubbermat-stm\\\/#primaryimage\"},\"thumbnailUrl\":\"https:\\\/\\\/tinesrail.com\\\/fr\\\/wp-content\\\/uploads\\\/2023\\\/03\\\/Maty-podpory-blokowe-tunel.jpg\",\"datePublished\":\"2022-10-06T07:16:42+00:00\",\"dateModified\":\"2025-02-18T19:08:01+00:00\",\"description\":\"Maty wibroizolacyjne s\u0105 wykonane s\u0105 z granulatu gumowego ze spoiwem poliuretanowym, przeznaczone s\u0105 do bezpodsypkowych nawierzchni, do uk\u0142adania pod betonow\u0105 p\u0142yt\u0105 torow\u0105 nawierzchni szynowej.\",\"breadcrumb\":{\"@id\":\"https:\\\/\\\/tinesrail.com\\\/fr\\\/produits-et-systemes\\\/tapis-antivibratoires-tines\\\/tines-rubbermat-stm\\\/#breadcrumb\"},\"inLanguage\":\"fr-FR\",\"potentialAction\":[{\"@type\":\"ReadAction\",\"target\":[\"https:\\\/\\\/tinesrail.com\\\/fr\\\/produits-et-systemes\\\/tapis-antivibratoires-tines\\\/tines-rubbermat-stm\\\/\"]}]},{\"@type\":\"ImageObject\",\"inLanguage\":\"fr-FR\",\"@id\":\"https:\\\/\\\/tinesrail.com\\\/fr\\\/produits-et-systemes\\\/tapis-antivibratoires-tines\\\/tines-rubbermat-stm\\\/#primaryimage\",\"url\":\"https:\\\/\\\/tinesrail.com\\\/fr\\\/wp-content\\\/uploads\\\/2023\\\/03\\\/Maty-podpory-blokowe-tunel.jpg\",\"contentUrl\":\"https:\\\/\\\/tinesrail.com\\\/fr\\\/wp-content\\\/uploads\\\/2023\\\/03\\\/Maty-podpory-blokowe-tunel.jpg\",\"width\":992,\"height\":565,\"caption\":\"Maty podpory blokowe tunel\"},{\"@type\":\"BreadcrumbList\",\"@id\":\"https:\\\/\\\/tinesrail.com\\\/fr\\\/produits-et-systemes\\\/tapis-antivibratoires-tines\\\/tines-rubbermat-stm\\\/#breadcrumb\",\"itemListElement\":[{\"@type\":\"ListItem\",\"position\":1,\"name\":\"Strona g\u0142\u00f3wna\",\"item\":\"https:\\\/\\\/tinesrail.com\\\/fr\\\/\"},{\"@type\":\"ListItem\",\"position\":2,\"name\":\"Produits et syst\u00e8mes\",\"item\":\"https:\\\/\\\/tinesrail.com\\\/fr\\\/produits-et-systemes\\\/\"},{\"@type\":\"ListItem\",\"position\":3,\"name\":\"Tapis antivibratoires TINES\u00ae\",\"item\":\"https:\\\/\\\/tinesrail.com\\\/fr\\\/produits-et-systemes\\\/tapis-antivibratoires-tines\\\/\"},{\"@type\":\"ListItem\",\"position\":4,\"name\":\"TINES\u00ae Rubbermat STM\"}]},{\"@type\":\"WebSite\",\"@id\":\"https:\\\/\\\/tinesrail.com\\\/fr\\\/#website\",\"url\":\"https:\\\/\\\/tinesrail.com\\\/fr\\\/\",\"name\":\"Tines Rail\",\"description\":\"\",\"publisher\":{\"@id\":\"https:\\\/\\\/tinesrail.com\\\/fr\\\/#organization\"},\"potentialAction\":[{\"@type\":\"SearchAction\",\"target\":{\"@type\":\"EntryPoint\",\"urlTemplate\":\"https:\\\/\\\/tinesrail.com\\\/fr\\\/?s={search_term_string}\"},\"query-input\":{\"@type\":\"PropertyValueSpecification\",\"valueRequired\":true,\"valueName\":\"search_term_string\"}}],\"inLanguage\":\"fr-FR\"},{\"@type\":\"Organization\",\"@id\":\"https:\\\/\\\/tinesrail.com\\\/fr\\\/#organization\",\"name\":\"Tines Rail\",\"url\":\"https:\\\/\\\/tinesrail.com\\\/fr\\\/\",\"logo\":{\"@type\":\"ImageObject\",\"inLanguage\":\"fr-FR\",\"@id\":\"https:\\\/\\\/tinesrail.com\\\/fr\\\/#\\\/schema\\\/logo\\\/image\\\/\",\"url\":\"https:\\\/\\\/tinesrail.com\\\/fr\\\/wp-content\\\/uploads\\\/2021\\\/04\\\/Tines-logo-1.png\",\"contentUrl\":\"https:\\\/\\\/tinesrail.com\\\/fr\\\/wp-content\\\/uploads\\\/2021\\\/04\\\/Tines-logo-1.png\",\"width\":203,\"height\":58,\"caption\":\"Tines Rail\"},\"image\":{\"@id\":\"https:\\\/\\\/tinesrail.com\\\/fr\\\/#\\\/schema\\\/logo\\\/image\\\/\"}}]}<\/script>\n<!-- \/ Yoast SEO plugin. -->","yoast_head_json":{"title":"TINES\u00ae Rubbermat STM przeznaczone do bezpodsypkowych nawierzchni torowych, do uk\u0142adania pod betonow\u0105 p\u0142yt\u0105 nawierzchni szynowej. - Tines Rail","description":"Maty wibroizolacyjne s\u0105 wykonane s\u0105 z granulatu gumowego ze spoiwem poliuretanowym, przeznaczone s\u0105 do bezpodsypkowych nawierzchni, do uk\u0142adania pod betonow\u0105 p\u0142yt\u0105 torow\u0105 nawierzchni szynowej.","robots":{"index":"index","follow":"follow","max-snippet":"max-snippet:-1","max-image-preview":"max-image-preview:large","max-video-preview":"max-video-preview:-1"},"canonical":"https:\/\/tinesrail.com\/fr\/produits-et-systemes\/tapis-antivibratoires-tines\/tines-rubbermat-stm\/","og_locale":"fr_FR","og_type":"article","og_title":"TINES\u00ae Rubbermat STM przeznaczone do bezpodsypkowych nawierzchni torowych, do uk\u0142adania pod betonow\u0105 p\u0142yt\u0105 nawierzchni szynowej. - Tines Rail","og_description":"Maty wibroizolacyjne s\u0105 wykonane s\u0105 z granulatu gumowego ze spoiwem poliuretanowym, przeznaczone s\u0105 do bezpodsypkowych nawierzchni, do uk\u0142adania pod betonow\u0105 p\u0142yt\u0105 torow\u0105 nawierzchni szynowej.","og_url":"https:\/\/tinesrail.com\/fr\/produits-et-systemes\/tapis-antivibratoires-tines\/tines-rubbermat-stm\/","og_site_name":"Tines Rail","article_modified_time":"2025-02-18T19:08:01+00:00","og_image":[{"url":"https:\/\/tinesrail.com\/fr\/wp-content\/uploads\/2023\/03\/Maty-podpory-blokowe-tunel.jpg","type":"","width":"","height":""}],"twitter_card":"summary_large_image","twitter_misc":{"Dur\u00e9e de lecture estim\u00e9e":"2 minutes"},"schema":{"@context":"https:\/\/schema.org","@graph":[{"@type":"WebPage","@id":"https:\/\/tinesrail.com\/fr\/produits-et-systemes\/tapis-antivibratoires-tines\/tines-rubbermat-stm\/","url":"https:\/\/tinesrail.com\/fr\/produits-et-systemes\/tapis-antivibratoires-tines\/tines-rubbermat-stm\/","name":"TINES\u00ae Rubbermat STM przeznaczone do bezpodsypkowych nawierzchni torowych, do uk\u0142adania pod betonow\u0105 p\u0142yt\u0105 nawierzchni szynowej. - Tines Rail","isPartOf":{"@id":"https:\/\/tinesrail.com\/fr\/#website"},"primaryImageOfPage":{"@id":"https:\/\/tinesrail.com\/fr\/produits-et-systemes\/tapis-antivibratoires-tines\/tines-rubbermat-stm\/#primaryimage"},"image":{"@id":"https:\/\/tinesrail.com\/fr\/produits-et-systemes\/tapis-antivibratoires-tines\/tines-rubbermat-stm\/#primaryimage"},"thumbnailUrl":"https:\/\/tinesrail.com\/fr\/wp-content\/uploads\/2023\/03\/Maty-podpory-blokowe-tunel.jpg","datePublished":"2022-10-06T07:16:42+00:00","dateModified":"2025-02-18T19:08:01+00:00","description":"Maty wibroizolacyjne s\u0105 wykonane s\u0105 z granulatu gumowego ze spoiwem poliuretanowym, przeznaczone s\u0105 do bezpodsypkowych nawierzchni, do uk\u0142adania pod betonow\u0105 p\u0142yt\u0105 torow\u0105 nawierzchni szynowej.","breadcrumb":{"@id":"https:\/\/tinesrail.com\/fr\/produits-et-systemes\/tapis-antivibratoires-tines\/tines-rubbermat-stm\/#breadcrumb"},"inLanguage":"fr-FR","potentialAction":[{"@type":"ReadAction","target":["https:\/\/tinesrail.com\/fr\/produits-et-systemes\/tapis-antivibratoires-tines\/tines-rubbermat-stm\/"]}]},{"@type":"ImageObject","inLanguage":"fr-FR","@id":"https:\/\/tinesrail.com\/fr\/produits-et-systemes\/tapis-antivibratoires-tines\/tines-rubbermat-stm\/#primaryimage","url":"https:\/\/tinesrail.com\/fr\/wp-content\/uploads\/2023\/03\/Maty-podpory-blokowe-tunel.jpg","contentUrl":"https:\/\/tinesrail.com\/fr\/wp-content\/uploads\/2023\/03\/Maty-podpory-blokowe-tunel.jpg","width":992,"height":565,"caption":"Maty podpory blokowe tunel"},{"@type":"BreadcrumbList","@id":"https:\/\/tinesrail.com\/fr\/produits-et-systemes\/tapis-antivibratoires-tines\/tines-rubbermat-stm\/#breadcrumb","itemListElement":[{"@type":"ListItem","position":1,"name":"Strona g\u0142\u00f3wna","item":"https:\/\/tinesrail.com\/fr\/"},{"@type":"ListItem","position":2,"name":"Produits et syst\u00e8mes","item":"https:\/\/tinesrail.com\/fr\/produits-et-systemes\/"},{"@type":"ListItem","position":3,"name":"Tapis antivibratoires TINES\u00ae","item":"https:\/\/tinesrail.com\/fr\/produits-et-systemes\/tapis-antivibratoires-tines\/"},{"@type":"ListItem","position":4,"name":"TINES\u00ae Rubbermat STM"}]},{"@type":"WebSite","@id":"https:\/\/tinesrail.com\/fr\/#website","url":"https:\/\/tinesrail.com\/fr\/","name":"Tines Rail","description":"","publisher":{"@id":"https:\/\/tinesrail.com\/fr\/#organization"},"potentialAction":[{"@type":"SearchAction","target":{"@type":"EntryPoint","urlTemplate":"https:\/\/tinesrail.com\/fr\/?s={search_term_string}"},"query-input":{"@type":"PropertyValueSpecification","valueRequired":true,"valueName":"search_term_string"}}],"inLanguage":"fr-FR"},{"@type":"Organization","@id":"https:\/\/tinesrail.com\/fr\/#organization","name":"Tines Rail","url":"https:\/\/tinesrail.com\/fr\/","logo":{"@type":"ImageObject","inLanguage":"fr-FR","@id":"https:\/\/tinesrail.com\/fr\/#\/schema\/logo\/image\/","url":"https:\/\/tinesrail.com\/fr\/wp-content\/uploads\/2021\/04\/Tines-logo-1.png","contentUrl":"https:\/\/tinesrail.com\/fr\/wp-content\/uploads\/2021\/04\/Tines-logo-1.png","width":203,"height":58,"caption":"Tines Rail"},"image":{"@id":"https:\/\/tinesrail.com\/fr\/#\/schema\/logo\/image\/"}}]}},"_links":{"self":[{"href":"https:\/\/tinesrail.com\/fr\/wp-json\/wp\/v2\/pages\/2727","targetHints":{"allow":["GET"]}}],"collection":[{"href":"https:\/\/tinesrail.com\/fr\/wp-json\/wp\/v2\/pages"}],"about":[{"href":"https:\/\/tinesrail.com\/fr\/wp-json\/wp\/v2\/types\/page"}],"author":[{"embeddable":true,"href":"https:\/\/tinesrail.com\/fr\/wp-json\/wp\/v2\/users\/1"}],"replies":[{"embeddable":true,"href":"https:\/\/tinesrail.com\/fr\/wp-json\/wp\/v2\/comments?post=2727"}],"version-history":[{"count":15,"href":"https:\/\/tinesrail.com\/fr\/wp-json\/wp\/v2\/pages\/2727\/revisions"}],"predecessor-version":[{"id":6674,"href":"https:\/\/tinesrail.com\/fr\/wp-json\/wp\/v2\/pages\/2727\/revisions\/6674"}],"up":[{"embeddable":true,"href":"https:\/\/tinesrail.com\/fr\/wp-json\/wp\/v2\/pages\/2712"}],"wp:attachment":[{"href":"https:\/\/tinesrail.com\/fr\/wp-json\/wp\/v2\/media?parent=2727"}],"curies":[{"name":"wp","href":"https:\/\/api.w.org\/{rel}","templated":true}]}}