{"id":2722,"date":"2022-10-06T05:13:23","date_gmt":"2022-10-06T07:13:23","guid":{"rendered":"https:\/\/tinesrail.com\/fr\/?page_id=2722"},"modified":"2025-02-18T17:02:12","modified_gmt":"2025-02-18T19:02:12","slug":"tines-polymat-sbm","status":"publish","type":"page","link":"https:\/\/tinesrail.com\/fr\/produits-et-systemes\/tapis-antivibratoires-tines\/tines-polymat-sbm\/","title":{"rendered":"TINES\u00ae Polymat SBM"},"content":{"rendered":"<div class=\"fusion-fullwidth fullwidth-box fusion-builder-row-1 fusion-flex-container has-pattern-background has-mask-background nonhundred-percent-fullwidth non-hundred-percent-height-scrolling\" style=\"--awb-border-radius-top-left:0px;--awb-border-radius-top-right:0px;--awb-border-radius-bottom-right:0px;--awb-border-radius-bottom-left:0px;--awb-padding-right-small:37px;--awb-padding-left-small:37px;--awb-flex-wrap:wrap;\" ><div class=\"fusion-builder-row fusion-row fusion-flex-align-items-flex-start fusion-flex-content-wrap\" style=\"max-width:1424.8px;margin-left: calc(-4% \/ 2 );margin-right: calc(-4% \/ 2 );\"><div class=\"fusion-layout-column fusion_builder_column fusion-builder-column-0 fusion_builder_column_1_1 1_1 fusion-flex-column\" style=\"--awb-bg-size:cover;--awb-width-large:100%;--awb-margin-top-large:0px;--awb-spacing-right-large:1.92%;--awb-margin-bottom-large:10%;--awb-spacing-left-large:1.92%;--awb-width-medium:100%;--awb-order-medium:0;--awb-spacing-right-medium:1.92%;--awb-spacing-left-medium:1.92%;--awb-width-small:100%;--awb-order-small:0;--awb-spacing-right-small:1.92%;--awb-spacing-left-small:1.92%;\"><div class=\"fusion-column-wrapper fusion-column-has-shadow fusion-flex-justify-content-flex-start fusion-content-layout-column\"><div class=\"fusion-text fusion-text-1 fusion-no-small-visibility\"><h4 class=\"fusion-responsive-typography-calculated\" data-fontsize=\"20\" data-lineheight=\"28px\"><strong>Tapis sous-tarmac\/sous-ballast (SBM \u2013 Sub-Ballast Mats) destin\u00e9s aux rev\u00eatements de voies \u00e0 ballast, \u00e0 poser sous la couche de ballast concass\u00e9.<\/strong><\/h4>\n<\/div><div class=\"fusion-text fusion-text-2 fusion-no-medium-visibility fusion-no-large-visibility\"><h5 class=\"fusion-responsive-typography-calculated\" data-fontsize=\"20\" data-lineheight=\"28px\"><strong>Tapis sous-tarmac\/sous-ballast (SBM \u2013 Sub-Ballast Mats) destin\u00e9s aux rev\u00eatements de voies \u00e0 ballast, \u00e0 poser sous la couche de ballast concass\u00e9.<\/strong><\/h5>\n<\/div><div class=\"fusion-text fusion-text-3\"><p><img decoding=\"async\" class=\"lazyload wp-image-3349 size-full aligncenter\" src=\"https:\/\/tinesrail.com\/fr\/wp-content\/uploads\/2023\/03\/Maty-wibroizolacyjne-podtluczniowe-podpodsypkowe-SBM.jpg\" data-orig-src=\"https:\/\/tinesrail.com\/fr\/wp-content\/uploads\/2023\/03\/Maty-wibroizolacyjne-podtluczniowe-podpodsypkowe-SBM.jpg\" alt=\"\" width=\"832\" height=\"499\" srcset=\"data:image\/svg+xml,%3Csvg%20xmlns%3D%27http%3A%2F%2Fwww.w3.org%2F2000%2Fsvg%27%20width%3D%27832%27%20height%3D%27499%27%20viewBox%3D%270%200%20832%20499%27%3E%3Crect%20width%3D%27832%27%20height%3D%27499%27%20fill-opacity%3D%220%22%2F%3E%3C%2Fsvg%3E\" data-srcset=\"https:\/\/tinesrail.com\/fr\/wp-content\/uploads\/2023\/03\/Maty-wibroizolacyjne-podtluczniowe-podpodsypkowe-SBM-200x120.jpg 200w, https:\/\/tinesrail.com\/fr\/wp-content\/uploads\/2023\/03\/Maty-wibroizolacyjne-podtluczniowe-podpodsypkowe-SBM-300x180.jpg 300w, https:\/\/tinesrail.com\/fr\/wp-content\/uploads\/2023\/03\/Maty-wibroizolacyjne-podtluczniowe-podpodsypkowe-SBM-400x240.jpg 400w, https:\/\/tinesrail.com\/fr\/wp-content\/uploads\/2023\/03\/Maty-wibroizolacyjne-podtluczniowe-podpodsypkowe-SBM-600x360.jpg 600w, https:\/\/tinesrail.com\/fr\/wp-content\/uploads\/2023\/03\/Maty-wibroizolacyjne-podtluczniowe-podpodsypkowe-SBM-768x461.jpg 768w, https:\/\/tinesrail.com\/fr\/wp-content\/uploads\/2023\/03\/Maty-wibroizolacyjne-podtluczniowe-podpodsypkowe-SBM-800x480.jpg 800w, https:\/\/tinesrail.com\/fr\/wp-content\/uploads\/2023\/03\/Maty-wibroizolacyjne-podtluczniowe-podpodsypkowe-SBM.jpg 832w\" data-sizes=\"auto\" data-orig-sizes=\"(max-width: 832px) 100vw, 832px\" \/><\/p>\n<p style=\"text-align: center;\"><strong>Tapis antivibratoires sous-tarmac\/SBM pos\u00e9s sur sol naturel<\/strong><\/p>\n<div class=\"wpb_text_column wpb_content_element \">\n<p><img decoding=\"async\" class=\"lazyload aligncenter wp-image-3385 size-full\" src=\"https:\/\/tinesrail.com\/fr\/wp-content\/uploads\/2023\/03\/Maty-wibroizolacyjne-na-podlozu-betonowym-Tines.jpg\" data-orig-src=\"https:\/\/tinesrail.com\/fr\/wp-content\/uploads\/2023\/03\/Maty-wibroizolacyjne-na-podlozu-betonowym-Tines.jpg\" alt=\"Tapis antivibratoires sur support en b\u00e9ton \u2013 Tines\" width=\"832\" height=\"499\" srcset=\"data:image\/svg+xml,%3Csvg%20xmlns%3D%27http%3A%2F%2Fwww.w3.org%2F2000%2Fsvg%27%20width%3D%27832%27%20height%3D%27499%27%20viewBox%3D%270%200%20832%20499%27%3E%3Crect%20width%3D%27832%27%20height%3D%27499%27%20fill-opacity%3D%220%22%2F%3E%3C%2Fsvg%3E\" data-srcset=\"https:\/\/tinesrail.com\/fr\/wp-content\/uploads\/2023\/03\/Maty-wibroizolacyjne-na-podlozu-betonowym-Tines-200x120.jpg 200w, https:\/\/tinesrail.com\/fr\/wp-content\/uploads\/2023\/03\/Maty-wibroizolacyjne-na-podlozu-betonowym-Tines-300x180.jpg 300w, https:\/\/tinesrail.com\/fr\/wp-content\/uploads\/2023\/03\/Maty-wibroizolacyjne-na-podlozu-betonowym-Tines-400x240.jpg 400w, https:\/\/tinesrail.com\/fr\/wp-content\/uploads\/2023\/03\/Maty-wibroizolacyjne-na-podlozu-betonowym-Tines-600x360.jpg 600w, https:\/\/tinesrail.com\/fr\/wp-content\/uploads\/2023\/03\/Maty-wibroizolacyjne-na-podlozu-betonowym-Tines-768x461.jpg 768w, https:\/\/tinesrail.com\/fr\/wp-content\/uploads\/2023\/03\/Maty-wibroizolacyjne-na-podlozu-betonowym-Tines-800x480.jpg 800w, https:\/\/tinesrail.com\/fr\/wp-content\/uploads\/2023\/03\/Maty-wibroizolacyjne-na-podlozu-betonowym-Tines.jpg 832w\" data-sizes=\"auto\" data-orig-sizes=\"(max-width: 832px) 100vw, 832px\" \/><\/p>\n<div class=\"wpb_wrapper\">\n<p style=\"text-align: center;\"><strong>Tapis antivibratoires sous-tarmac\/SBM pos\u00e9s sur support en b\u00e9ton<\/strong><\/p>\n<\/div>\n<\/div>\n<\/div><div class=\"fusion-text fusion-text-4\"><p>Les tapis antivibratoires TINES\u00ae Polymat SBM, fabriqu\u00e9s en composite polyur\u00e9thane, sont utilis\u00e9s dans les rev\u00eatements de voies \u00e0 structure \u00e0 ballast, o\u00f9 une couche de gravier concass\u00e9 est pos\u00e9e sur leur surface.<\/p>\n<p><strong>Variantes de base :<\/strong><\/p>\n<ul>\n<li>TINES<sup>\u00ae<\/sup> Polymat SBM 180<\/li>\n<li>TINES<sup>\u00ae<\/sup> Polymat SBM 160<\/li>\n<li>TINES<sup>\u00ae<\/sup> Polymat SBM 150<\/li>\n<\/ul>\n<p><strong>Dimensions des feuilles :<\/strong> 1000\u202fmm x 2000\u202fmm<br \/><strong>\u00c9paisseurs disponibles :<\/strong> 15\u202fmm, 20\u202fmm, 25\u202fmm<\/p>\n<p><strong>Documents :<\/strong><\/p>\n<ul>\n<li>\u00c9valuation Technique Nationale n\u00b0 IK \u2013 KOT -2021\/0137, \u00e9dition 2, d\u00e9livr\u00e9e par l&rsquo;Institut Ferroviaire<\/li>\n<li>Certificat National de Conformit\u00e9 de Production d\u2019Usine n\u00b0 202-UWB-523, d\u00e9livr\u00e9 par le CWB<\/li>\n<li>D\u00e9clarations Nationales des Propri\u00e9t\u00e9s d\u2019Usage<\/li>\n<li>Fiches Techniques<\/li>\n<\/ul>\n<p>Pour pr\u00e9parer une offre technique-commerciale, veuillez contacter : <a href=\"mailto:handlowy@tinesrail.com\"><span style=\"text-decoration: underline;\"><span style=\"color: #00a3df; text-decoration: underline;\">handlowy@tinesrail.com<\/span><\/span><\/a><\/p>\n<\/div><\/div><\/div><\/div><\/div>\n","protected":false},"excerpt":{"rendered":"","protected":false},"author":1,"featured_media":0,"parent":2712,"menu_order":0,"comment_status":"closed","ping_status":"closed","template":"100-width.php","meta":{"footnotes":""},"class_list":["post-2722","page","type-page","status-publish","hentry"],"yoast_head":"<!-- This site is optimized with the Yoast SEO plugin v27.3 - https:\/\/yoast.com\/product\/yoast-seo-wordpress\/ -->\n<title>TINES\u00ae Polymat SBM przeznaczone do podsypkowych nawierzchni torowych, do uk\u0142adania pod warstw\u0105 podsypki t\u0142uczniowej. - Tines Rail<\/title>\n<meta name=\"description\" content=\"Maty wykonane s\u0105 z kompozytu poliuretanowego, znajduj\u0105 zastosowanie w nawierzchniach o konstrukcji podsypkowej, gdzie na powierzchni maty uk\u0142adany jest t\u0142ucze\u0144 kamienny.\" \/>\n<meta name=\"robots\" content=\"index, follow, max-snippet:-1, max-image-preview:large, max-video-preview:-1\" \/>\n<link rel=\"canonical\" href=\"https:\/\/tinesrail.com\/fr\/produits-et-systemes\/tapis-antivibratoires-tines\/tines-polymat-sbm\/\" \/>\n<meta property=\"og:locale\" content=\"fr_FR\" \/>\n<meta property=\"og:type\" content=\"article\" \/>\n<meta property=\"og:title\" content=\"TINES\u00ae Polymat SBM przeznaczone do podsypkowych nawierzchni torowych, do uk\u0142adania pod warstw\u0105 podsypki t\u0142uczniowej. - Tines Rail\" \/>\n<meta property=\"og:description\" content=\"Maty wykonane s\u0105 z kompozytu poliuretanowego, znajduj\u0105 zastosowanie w nawierzchniach o konstrukcji podsypkowej, gdzie na powierzchni maty uk\u0142adany jest t\u0142ucze\u0144 kamienny.\" \/>\n<meta property=\"og:url\" content=\"https:\/\/tinesrail.com\/fr\/produits-et-systemes\/tapis-antivibratoires-tines\/tines-polymat-sbm\/\" \/>\n<meta property=\"og:site_name\" content=\"Tines Rail\" \/>\n<meta property=\"article:modified_time\" content=\"2025-02-18T19:02:12+00:00\" \/>\n<meta property=\"og:image\" content=\"https:\/\/tinesrail.com\/fr\/wp-content\/uploads\/2023\/03\/Maty-wibroizolacyjne-podtluczniowe-podpodsypkowe-SBM.jpg\" \/>\n\t<meta property=\"og:image:width\" content=\"832\" \/>\n\t<meta property=\"og:image:height\" content=\"499\" \/>\n\t<meta property=\"og:image:type\" content=\"image\/jpeg\" \/>\n<meta name=\"twitter:card\" content=\"summary_large_image\" \/>\n<meta name=\"twitter:label1\" content=\"Dur\u00e9e de lecture estim\u00e9e\" \/>\n\t<meta name=\"twitter:data1\" content=\"2 minutes\" \/>\n<script type=\"application\/ld+json\" class=\"yoast-schema-graph\">{\"@context\":\"https:\\\/\\\/schema.org\",\"@graph\":[{\"@type\":\"WebPage\",\"@id\":\"https:\\\/\\\/tinesrail.com\\\/fr\\\/produits-et-systemes\\\/tapis-antivibratoires-tines\\\/tines-polymat-sbm\\\/\",\"url\":\"https:\\\/\\\/tinesrail.com\\\/fr\\\/produits-et-systemes\\\/tapis-antivibratoires-tines\\\/tines-polymat-sbm\\\/\",\"name\":\"TINES\u00ae Polymat SBM przeznaczone do podsypkowych nawierzchni torowych, do uk\u0142adania pod warstw\u0105 podsypki t\u0142uczniowej. - Tines Rail\",\"isPartOf\":{\"@id\":\"https:\\\/\\\/tinesrail.com\\\/fr\\\/#website\"},\"primaryImageOfPage\":{\"@id\":\"https:\\\/\\\/tinesrail.com\\\/fr\\\/produits-et-systemes\\\/tapis-antivibratoires-tines\\\/tines-polymat-sbm\\\/#primaryimage\"},\"image\":{\"@id\":\"https:\\\/\\\/tinesrail.com\\\/fr\\\/produits-et-systemes\\\/tapis-antivibratoires-tines\\\/tines-polymat-sbm\\\/#primaryimage\"},\"thumbnailUrl\":\"https:\\\/\\\/tinesrail.com\\\/fr\\\/wp-content\\\/uploads\\\/2023\\\/03\\\/Maty-wibroizolacyjne-podtluczniowe-podpodsypkowe-SBM.jpg\",\"datePublished\":\"2022-10-06T07:13:23+00:00\",\"dateModified\":\"2025-02-18T19:02:12+00:00\",\"description\":\"Maty wykonane s\u0105 z kompozytu poliuretanowego, znajduj\u0105 zastosowanie w nawierzchniach o konstrukcji podsypkowej, gdzie na powierzchni maty uk\u0142adany jest t\u0142ucze\u0144 kamienny.\",\"breadcrumb\":{\"@id\":\"https:\\\/\\\/tinesrail.com\\\/fr\\\/produits-et-systemes\\\/tapis-antivibratoires-tines\\\/tines-polymat-sbm\\\/#breadcrumb\"},\"inLanguage\":\"fr-FR\",\"potentialAction\":[{\"@type\":\"ReadAction\",\"target\":[\"https:\\\/\\\/tinesrail.com\\\/fr\\\/produits-et-systemes\\\/tapis-antivibratoires-tines\\\/tines-polymat-sbm\\\/\"]}]},{\"@type\":\"ImageObject\",\"inLanguage\":\"fr-FR\",\"@id\":\"https:\\\/\\\/tinesrail.com\\\/fr\\\/produits-et-systemes\\\/tapis-antivibratoires-tines\\\/tines-polymat-sbm\\\/#primaryimage\",\"url\":\"https:\\\/\\\/tinesrail.com\\\/fr\\\/wp-content\\\/uploads\\\/2023\\\/03\\\/Maty-wibroizolacyjne-podtluczniowe-podpodsypkowe-SBM.jpg\",\"contentUrl\":\"https:\\\/\\\/tinesrail.com\\\/fr\\\/wp-content\\\/uploads\\\/2023\\\/03\\\/Maty-wibroizolacyjne-podtluczniowe-podpodsypkowe-SBM.jpg\",\"width\":832,\"height\":499},{\"@type\":\"BreadcrumbList\",\"@id\":\"https:\\\/\\\/tinesrail.com\\\/fr\\\/produits-et-systemes\\\/tapis-antivibratoires-tines\\\/tines-polymat-sbm\\\/#breadcrumb\",\"itemListElement\":[{\"@type\":\"ListItem\",\"position\":1,\"name\":\"Strona g\u0142\u00f3wna\",\"item\":\"https:\\\/\\\/tinesrail.com\\\/fr\\\/\"},{\"@type\":\"ListItem\",\"position\":2,\"name\":\"Produits et syst\u00e8mes\",\"item\":\"https:\\\/\\\/tinesrail.com\\\/fr\\\/produits-et-systemes\\\/\"},{\"@type\":\"ListItem\",\"position\":3,\"name\":\"Tapis antivibratoires TINES\u00ae\",\"item\":\"https:\\\/\\\/tinesrail.com\\\/fr\\\/produits-et-systemes\\\/tapis-antivibratoires-tines\\\/\"},{\"@type\":\"ListItem\",\"position\":4,\"name\":\"TINES\u00ae Polymat SBM\"}]},{\"@type\":\"WebSite\",\"@id\":\"https:\\\/\\\/tinesrail.com\\\/fr\\\/#website\",\"url\":\"https:\\\/\\\/tinesrail.com\\\/fr\\\/\",\"name\":\"Tines Rail\",\"description\":\"\",\"publisher\":{\"@id\":\"https:\\\/\\\/tinesrail.com\\\/fr\\\/#organization\"},\"potentialAction\":[{\"@type\":\"SearchAction\",\"target\":{\"@type\":\"EntryPoint\",\"urlTemplate\":\"https:\\\/\\\/tinesrail.com\\\/fr\\\/?s={search_term_string}\"},\"query-input\":{\"@type\":\"PropertyValueSpecification\",\"valueRequired\":true,\"valueName\":\"search_term_string\"}}],\"inLanguage\":\"fr-FR\"},{\"@type\":\"Organization\",\"@id\":\"https:\\\/\\\/tinesrail.com\\\/fr\\\/#organization\",\"name\":\"Tines Rail\",\"url\":\"https:\\\/\\\/tinesrail.com\\\/fr\\\/\",\"logo\":{\"@type\":\"ImageObject\",\"inLanguage\":\"fr-FR\",\"@id\":\"https:\\\/\\\/tinesrail.com\\\/fr\\\/#\\\/schema\\\/logo\\\/image\\\/\",\"url\":\"https:\\\/\\\/tinesrail.com\\\/fr\\\/wp-content\\\/uploads\\\/2021\\\/04\\\/Tines-logo-1.png\",\"contentUrl\":\"https:\\\/\\\/tinesrail.com\\\/fr\\\/wp-content\\\/uploads\\\/2021\\\/04\\\/Tines-logo-1.png\",\"width\":203,\"height\":58,\"caption\":\"Tines Rail\"},\"image\":{\"@id\":\"https:\\\/\\\/tinesrail.com\\\/fr\\\/#\\\/schema\\\/logo\\\/image\\\/\"}}]}<\/script>\n<!-- \/ Yoast SEO plugin. -->","yoast_head_json":{"title":"TINES\u00ae Polymat SBM przeznaczone do podsypkowych nawierzchni torowych, do uk\u0142adania pod warstw\u0105 podsypki t\u0142uczniowej. - Tines Rail","description":"Maty wykonane s\u0105 z kompozytu poliuretanowego, znajduj\u0105 zastosowanie w nawierzchniach o konstrukcji podsypkowej, gdzie na powierzchni maty uk\u0142adany jest t\u0142ucze\u0144 kamienny.","robots":{"index":"index","follow":"follow","max-snippet":"max-snippet:-1","max-image-preview":"max-image-preview:large","max-video-preview":"max-video-preview:-1"},"canonical":"https:\/\/tinesrail.com\/fr\/produits-et-systemes\/tapis-antivibratoires-tines\/tines-polymat-sbm\/","og_locale":"fr_FR","og_type":"article","og_title":"TINES\u00ae Polymat SBM przeznaczone do podsypkowych nawierzchni torowych, do uk\u0142adania pod warstw\u0105 podsypki t\u0142uczniowej. - Tines Rail","og_description":"Maty wykonane s\u0105 z kompozytu poliuretanowego, znajduj\u0105 zastosowanie w nawierzchniach o konstrukcji podsypkowej, gdzie na powierzchni maty uk\u0142adany jest t\u0142ucze\u0144 kamienny.","og_url":"https:\/\/tinesrail.com\/fr\/produits-et-systemes\/tapis-antivibratoires-tines\/tines-polymat-sbm\/","og_site_name":"Tines Rail","article_modified_time":"2025-02-18T19:02:12+00:00","og_image":[{"width":832,"height":499,"url":"https:\/\/tinesrail.com\/fr\/wp-content\/uploads\/2023\/03\/Maty-wibroizolacyjne-podtluczniowe-podpodsypkowe-SBM.jpg","type":"image\/jpeg"}],"twitter_card":"summary_large_image","twitter_misc":{"Dur\u00e9e de lecture estim\u00e9e":"2 minutes"},"schema":{"@context":"https:\/\/schema.org","@graph":[{"@type":"WebPage","@id":"https:\/\/tinesrail.com\/fr\/produits-et-systemes\/tapis-antivibratoires-tines\/tines-polymat-sbm\/","url":"https:\/\/tinesrail.com\/fr\/produits-et-systemes\/tapis-antivibratoires-tines\/tines-polymat-sbm\/","name":"TINES\u00ae Polymat SBM przeznaczone do podsypkowych nawierzchni torowych, do uk\u0142adania pod warstw\u0105 podsypki t\u0142uczniowej. - Tines Rail","isPartOf":{"@id":"https:\/\/tinesrail.com\/fr\/#website"},"primaryImageOfPage":{"@id":"https:\/\/tinesrail.com\/fr\/produits-et-systemes\/tapis-antivibratoires-tines\/tines-polymat-sbm\/#primaryimage"},"image":{"@id":"https:\/\/tinesrail.com\/fr\/produits-et-systemes\/tapis-antivibratoires-tines\/tines-polymat-sbm\/#primaryimage"},"thumbnailUrl":"https:\/\/tinesrail.com\/fr\/wp-content\/uploads\/2023\/03\/Maty-wibroizolacyjne-podtluczniowe-podpodsypkowe-SBM.jpg","datePublished":"2022-10-06T07:13:23+00:00","dateModified":"2025-02-18T19:02:12+00:00","description":"Maty wykonane s\u0105 z kompozytu poliuretanowego, znajduj\u0105 zastosowanie w nawierzchniach o konstrukcji podsypkowej, gdzie na powierzchni maty uk\u0142adany jest t\u0142ucze\u0144 kamienny.","breadcrumb":{"@id":"https:\/\/tinesrail.com\/fr\/produits-et-systemes\/tapis-antivibratoires-tines\/tines-polymat-sbm\/#breadcrumb"},"inLanguage":"fr-FR","potentialAction":[{"@type":"ReadAction","target":["https:\/\/tinesrail.com\/fr\/produits-et-systemes\/tapis-antivibratoires-tines\/tines-polymat-sbm\/"]}]},{"@type":"ImageObject","inLanguage":"fr-FR","@id":"https:\/\/tinesrail.com\/fr\/produits-et-systemes\/tapis-antivibratoires-tines\/tines-polymat-sbm\/#primaryimage","url":"https:\/\/tinesrail.com\/fr\/wp-content\/uploads\/2023\/03\/Maty-wibroizolacyjne-podtluczniowe-podpodsypkowe-SBM.jpg","contentUrl":"https:\/\/tinesrail.com\/fr\/wp-content\/uploads\/2023\/03\/Maty-wibroizolacyjne-podtluczniowe-podpodsypkowe-SBM.jpg","width":832,"height":499},{"@type":"BreadcrumbList","@id":"https:\/\/tinesrail.com\/fr\/produits-et-systemes\/tapis-antivibratoires-tines\/tines-polymat-sbm\/#breadcrumb","itemListElement":[{"@type":"ListItem","position":1,"name":"Strona g\u0142\u00f3wna","item":"https:\/\/tinesrail.com\/fr\/"},{"@type":"ListItem","position":2,"name":"Produits et syst\u00e8mes","item":"https:\/\/tinesrail.com\/fr\/produits-et-systemes\/"},{"@type":"ListItem","position":3,"name":"Tapis antivibratoires TINES\u00ae","item":"https:\/\/tinesrail.com\/fr\/produits-et-systemes\/tapis-antivibratoires-tines\/"},{"@type":"ListItem","position":4,"name":"TINES\u00ae Polymat SBM"}]},{"@type":"WebSite","@id":"https:\/\/tinesrail.com\/fr\/#website","url":"https:\/\/tinesrail.com\/fr\/","name":"Tines Rail","description":"","publisher":{"@id":"https:\/\/tinesrail.com\/fr\/#organization"},"potentialAction":[{"@type":"SearchAction","target":{"@type":"EntryPoint","urlTemplate":"https:\/\/tinesrail.com\/fr\/?s={search_term_string}"},"query-input":{"@type":"PropertyValueSpecification","valueRequired":true,"valueName":"search_term_string"}}],"inLanguage":"fr-FR"},{"@type":"Organization","@id":"https:\/\/tinesrail.com\/fr\/#organization","name":"Tines Rail","url":"https:\/\/tinesrail.com\/fr\/","logo":{"@type":"ImageObject","inLanguage":"fr-FR","@id":"https:\/\/tinesrail.com\/fr\/#\/schema\/logo\/image\/","url":"https:\/\/tinesrail.com\/fr\/wp-content\/uploads\/2021\/04\/Tines-logo-1.png","contentUrl":"https:\/\/tinesrail.com\/fr\/wp-content\/uploads\/2021\/04\/Tines-logo-1.png","width":203,"height":58,"caption":"Tines Rail"},"image":{"@id":"https:\/\/tinesrail.com\/fr\/#\/schema\/logo\/image\/"}}]}},"_links":{"self":[{"href":"https:\/\/tinesrail.com\/fr\/wp-json\/wp\/v2\/pages\/2722","targetHints":{"allow":["GET"]}}],"collection":[{"href":"https:\/\/tinesrail.com\/fr\/wp-json\/wp\/v2\/pages"}],"about":[{"href":"https:\/\/tinesrail.com\/fr\/wp-json\/wp\/v2\/types\/page"}],"author":[{"embeddable":true,"href":"https:\/\/tinesrail.com\/fr\/wp-json\/wp\/v2\/users\/1"}],"replies":[{"embeddable":true,"href":"https:\/\/tinesrail.com\/fr\/wp-json\/wp\/v2\/comments?post=2722"}],"version-history":[{"count":17,"href":"https:\/\/tinesrail.com\/fr\/wp-json\/wp\/v2\/pages\/2722\/revisions"}],"predecessor-version":[{"id":6673,"href":"https:\/\/tinesrail.com\/fr\/wp-json\/wp\/v2\/pages\/2722\/revisions\/6673"}],"up":[{"embeddable":true,"href":"https:\/\/tinesrail.com\/fr\/wp-json\/wp\/v2\/pages\/2712"}],"wp:attachment":[{"href":"https:\/\/tinesrail.com\/fr\/wp-json\/wp\/v2\/media?parent=2722"}],"curies":[{"name":"wp","href":"https:\/\/api.w.org\/{rel}","templated":true}]}}