{"id":2712,"date":"2022-10-06T05:02:16","date_gmt":"2022-10-06T07:02:16","guid":{"rendered":"https:\/\/tinesrail.com\/fr\/?page_id=2712"},"modified":"2025-02-18T17:13:10","modified_gmt":"2025-02-18T19:13:10","slug":"tapis-antivibratoires-tines","status":"publish","type":"page","link":"https:\/\/tinesrail.com\/fr\/produits-et-systemes\/tapis-antivibratoires-tines\/","title":{"rendered":"Tapis antivibratoires TINES\u00ae"},"content":{"rendered":"<p><div class=\"fusion-fullwidth fullwidth-box fusion-builder-row-1 fusion-flex-container has-pattern-background has-mask-background nonhundred-percent-fullwidth non-hundred-percent-height-scrolling\" style=\"--awb-border-radius-top-left:0px;--awb-border-radius-top-right:0px;--awb-border-radius-bottom-right:0px;--awb-border-radius-bottom-left:0px;--awb-padding-right:0px;--awb-padding-left:0px;--awb-padding-right-medium:60px;--awb-padding-left-medium:60px;--awb-padding-right-small:35px;--awb-padding-left-small:35px;--awb-flex-wrap:wrap;\" ><div class=\"fusion-builder-row fusion-row fusion-flex-align-items-stretch fusion-flex-content-wrap\" style=\"max-width:calc( 1370px + 60px );margin-left: calc(-60px \/ 2 );margin-right: calc(-60px \/ 2 );\"><div class=\"fusion-layout-column fusion_builder_column fusion-builder-column-0 fusion_builder_column_1_1 1_1 fusion-flex-column\" style=\"--awb-bg-size:cover;--awb-width-large:100%;--awb-margin-top-large:0px;--awb-spacing-right-large:30px;--awb-margin-bottom-large:20px;--awb-spacing-left-large:30px;--awb-width-medium:100%;--awb-order-medium:0;--awb-spacing-right-medium:30px;--awb-spacing-left-medium:30px;--awb-width-small:100%;--awb-order-small:0;--awb-spacing-right-small:30px;--awb-spacing-left-small:30px;\"><div class=\"fusion-column-wrapper fusion-column-has-shadow fusion-flex-justify-content-flex-start fusion-content-layout-column\"><nav aria-label=\"breadcrumbs\">\n            <div class=\"breadcrumb-container theme1\">\n                <ol>\n                                    <\/ol>\n            <\/div>\n        <\/nav>    <script type=\"application\/ld+json\">\n        {\n            \"@context\": \"http:\/\/schema.org\",\n            \"@type\": \"BreadcrumbList\",\n            \"itemListElement\": [\n                            ]\n        }\n    <\/script>\n   \n    <script>\n            <\/script>\n<div class=\"fusion-separator fusion-full-width-sep\" style=\"align-self: center;margin-left: auto;margin-right: auto;margin-bottom:10px;width:100%;\"><div class=\"fusion-separator-border sep-double\" style=\"--awb-height:20px;--awb-amount:20px;--awb-sep-color:rgba(255,255,255,0);border-color:rgba(255,255,255,0);border-top-width:1px;border-bottom-width:1px;\"><\/div><\/div><div class=\"fusion-separator fusion-full-width-sep\" style=\"align-self: flex-start;margin-right:auto;width:100%;\"><div class=\"fusion-separator-border sep-single sep-solid\" style=\"--awb-height:20px;--awb-amount:20px;border-color:#e2e2e2;border-top-width:1px;\"><\/div><\/div><div class=\"fusion-separator fusion-full-width-sep\" style=\"align-self: center;margin-left: auto;margin-right: auto;margin-bottom:40px;width:100%;\"><div class=\"fusion-separator-border sep-double\" style=\"--awb-height:20px;--awb-amount:20px;--awb-sep-color:rgba(255,255,255,0);border-color:rgba(255,255,255,0);border-top-width:1px;border-bottom-width:1px;\"><\/div><\/div><\/div><\/div><\/div><\/div><div class=\"fusion-fullwidth fullwidth-box fusion-builder-row-2 fusion-flex-container has-pattern-background has-mask-background nonhundred-percent-fullwidth non-hundred-percent-height-scrolling\" style=\"--awb-border-radius-top-left:0px;--awb-border-radius-top-right:0px;--awb-border-radius-bottom-right:0px;--awb-border-radius-bottom-left:0px;--awb-padding-right:30px;--awb-padding-left:30px;--awb-flex-wrap:wrap;\" ><div class=\"fusion-builder-row fusion-row fusion-flex-align-items-flex-start fusion-flex-content-wrap\" style=\"max-width:1424.8px;margin-left: calc(-4% \/ 2 );margin-right: calc(-4% \/ 2 );\"><div class=\"fusion-layout-column fusion_builder_column fusion-builder-column-1 fusion_builder_column_1_1 1_1 fusion-flex-column\" style=\"--awb-bg-size:cover;--awb-width-large:100%;--awb-margin-top-large:0px;--awb-spacing-right-large:1.92%;--awb-margin-bottom-large:0px;--awb-spacing-left-large:1.92%;--awb-width-medium:100%;--awb-order-medium:0;--awb-spacing-right-medium:1.92%;--awb-margin-bottom-medium:60px;--awb-spacing-left-medium:1.92%;--awb-width-small:100%;--awb-order-small:0;--awb-spacing-right-small:1.92%;--awb-margin-bottom-small:40px;--awb-spacing-left-small:1.92%;\"><div class=\"fusion-column-wrapper fusion-column-has-shadow fusion-flex-justify-content-flex-start fusion-content-layout-column\"><div class=\"fusion-title title fusion-title-1 fusion-sep-none fusion-title-text fusion-title-size-one\" style=\"--awb-margin-top:0px;--awb-margin-top-small:10px;--awb-margin-right-small:0px;--awb-margin-bottom-small:10px;--awb-margin-left-small:0px;\"><h1 class=\"fusion-title-heading title-heading-left fusion-responsive-typography-calculated\" style=\"margin:0;--fontSize:60;line-height:1.16;\">Tapis antivibratoires TINES\u00ae<\/h1><\/div><\/div><\/div><div class=\"fusion-layout-column fusion_builder_column fusion-builder-column-2 fusion_builder_column_1_1 1_1 fusion-flex-column\" style=\"--awb-bg-size:cover;--awb-width-large:100%;--awb-margin-top-large:0px;--awb-spacing-right-large:1.92%;--awb-margin-bottom-large:20px;--awb-spacing-left-large:1.92%;--awb-width-medium:100%;--awb-order-medium:0;--awb-spacing-right-medium:1.92%;--awb-spacing-left-medium:1.92%;--awb-width-small:100%;--awb-order-small:0;--awb-spacing-right-small:1.92%;--awb-spacing-left-small:1.92%;\"><div class=\"fusion-column-wrapper fusion-column-has-shadow fusion-flex-justify-content-flex-start fusion-content-layout-column\"><div class=\"fusion-text fusion-text-1\"><p>L&rsquo;offre de tapis antivibratoires TINES\u00ae comprend des tapis en composite polyur\u00e9thane (TINES\u00ae Polymat) ainsi que des tapis en granulats de caoutchouc (TINES\u00ae Rubbermat), destin\u00e9s aux rev\u00eatements de voies sans ballast (STM) ou aux tapis sous-tarmac (SBM).<\/p>\n<ul>\n<li>\n<h4><a href=\"https:\/\/tinesrail.com\/fr\/produits-et-systemes\/tapis-antivibratoires-tines\/tines-polymat-stm\/\"><span style=\"text-decoration: underline;\">TINES\u00ae Polymat STM<\/span><\/a><\/h4>\n<\/li>\n<li>\n<h4><a href=\"https:\/\/tinesrail.com\/fr\/produits-et-systemes\/tapis-antivibratoires-tines\/tines-rubbermat-stm\/\"><span style=\"text-decoration: underline;\">TINES\u00ae Rubbermat STM<\/span><\/a><\/h4>\n<\/li>\n<\/ul>\n<\/div><div class=\"fusion-text fusion-text-2\"><div style=\"position: relative; width: 100%; padding-top: 75%; overflow: hidden;\"><iframe style=\"position: absolute; top: 0; left: 0; width: 100%; height: 100%;\" title=\"Maty podt\u0142uczniowe\" src=\"https:\/\/sketchfab.com\/3d-models\/maty-podpytowe-d1b1b24ba0ed47d983ce9763a40e120d\/embed?dnt=1\" frameborder=\"0\" allowfullscreen=\"allowfullscreen\"><br \/>\n<\/iframe><\/div>\n<\/div><div class=\"fusion-text fusion-text-3\"><ul>\n<li>\n<h4><span style=\"text-decoration: underline;\"><a href=\"https:\/\/tinesrail.com\/fr\/produits-et-systemes\/tapis-antivibratoires-tines\/tines-polymat-sbm\/\">TINES\u00ae Polymat SBM<\/a><\/span><\/h4>\n<\/li>\n<li>\n<h4><span style=\"text-decoration: underline;\"><a href=\"https:\/\/tinesrail.com\/fr\/produits-et-systemes\/tapis-antivibratoires-tines\/tines-rubbermat-sbm\/\">TINES\u00ae Rubbermat SBM<\/a><\/span><\/h4>\n<\/li>\n<\/ul>\n<\/div><div class=\"fusion-text fusion-text-4\"><div style=\"position: relative; width: 100%; padding-top: 75%; overflow: hidden;\"><iframe style=\"position: absolute; top: 0; left: 0; width: 100%; height: 100%;\" title=\"Maty podt\u0142uczniowe\" src=\"https:\/\/sketchfab.com\/3d-models\/maty-podtuczniowe-b98a0c87d0a84b5f99dd6bf3ef29a4c6\/embed?dnt=1\" frameborder=\"0\" allowfullscreen=\"allowfullscreen\"><br \/>\n<\/iframe><\/div>\n<\/div><\/div><\/div><\/div><\/div><div class=\"fusion-fullwidth fullwidth-box fusion-builder-row-3 fusion-flex-container has-pattern-background has-mask-background nonhundred-percent-fullwidth non-hundred-percent-height-scrolling\" style=\"--awb-border-radius-top-left:0px;--awb-border-radius-top-right:0px;--awb-border-radius-bottom-right:0px;--awb-border-radius-bottom-left:0px;--awb-margin-top:3%;--awb-margin-bottom:3%;--awb-flex-wrap:wrap;\" ><div class=\"fusion-builder-row fusion-row fusion-flex-align-items-flex-start fusion-flex-content-wrap\" style=\"max-width:1424.8px;margin-left: calc(-4% \/ 2 );margin-right: calc(-4% \/ 2 );\"><div class=\"fusion-layout-column fusion_builder_column fusion-builder-column-3 fusion_builder_column_1_1 1_1 fusion-flex-column\" style=\"--awb-bg-size:cover;--awb-width-large:100%;--awb-margin-top-large:0px;--awb-spacing-right-large:1.92%;--awb-margin-bottom-large:20px;--awb-spacing-left-large:1.92%;--awb-width-medium:100%;--awb-order-medium:0;--awb-spacing-right-medium:1.92%;--awb-spacing-left-medium:1.92%;--awb-width-small:100%;--awb-order-small:0;--awb-spacing-right-small:1.92%;--awb-spacing-left-small:1.92%;\"><div class=\"fusion-column-wrapper fusion-column-has-shadow fusion-flex-justify-content-flex-start fusion-content-layout-column\"><div class=\"fusion-separator fusion-full-width-sep\" style=\"align-self: center;margin-left: auto;margin-right: auto;margin-top:1px;margin-bottom:1px;width:100%;\"><div class=\"fusion-separator-border sep-single sep-solid\" style=\"--awb-height:20px;--awb-amount:20px;border-color:#e2e2e2;border-top-width:1px;\"><\/div><\/div><\/div><\/div><\/div><\/div><div class=\"fusion-fullwidth fullwidth-box fusion-builder-row-4 fusion-flex-container has-pattern-background has-mask-background nonhundred-percent-fullwidth non-hundred-percent-height-scrolling\" style=\"--awb-border-radius-top-left:0px;--awb-border-radius-top-right:0px;--awb-border-radius-bottom-right:0px;--awb-border-radius-bottom-left:0px;--awb-padding-right:30px;--awb-padding-left:30px;--awb-margin-bottom:2%;--awb-flex-wrap:wrap;\" ><div class=\"fusion-builder-row fusion-row fusion-flex-align-items-flex-start fusion-flex-content-wrap\" style=\"max-width:1424.8px;margin-left: calc(-4% \/ 2 );margin-right: calc(-4% \/ 2 );\"><div class=\"fusion-layout-column fusion_builder_column fusion-builder-column-4 fusion_builder_column_1_1 1_1 fusion-flex-column\" style=\"--awb-bg-size:cover;--awb-width-large:100%;--awb-margin-top-large:0px;--awb-spacing-right-large:1.92%;--awb-margin-bottom-large:20px;--awb-spacing-left-large:1.92%;--awb-width-medium:100%;--awb-order-medium:0;--awb-spacing-right-medium:1.92%;--awb-spacing-left-medium:1.92%;--awb-width-small:100%;--awb-order-small:0;--awb-spacing-right-small:1.92%;--awb-spacing-left-small:1.92%;\"><div class=\"fusion-column-wrapper fusion-column-has-shadow fusion-flex-justify-content-flex-start fusion-content-layout-column\"><div class=\"fusion-text fusion-text-5\"><p data-start=\"0\" data-end=\"222\">La prise de conscience croissante de la soci\u00e9t\u00e9 en mati\u00e8re d\u2019\u00e9cologie et de protection de l\u2019environnement a permis de reconna\u00eetre l\u2019importance de prot\u00e9ger l\u2019environnement contre l\u2019impact n\u00e9gatif du bruit et des vibrations.<\/p>\n<p data-start=\"224\" data-end=\"619\">Dans les rev\u00eatements des voies ferr\u00e9es, les vibrations et le bruit sont g\u00e9n\u00e9r\u00e9s par le passage des v\u00e9hicules au niveau du contact roue-rail et rail-sous-structure. Les vibrations ainsi produites ont des effets n\u00e9fastes sur l\u2019environnement, notamment sur les b\u00e2timents situ\u00e9s \u00e0 proximit\u00e9 des lignes ferroviaires, de tramway et de m\u00e9tro en exploitation, ainsi que sur les personnes qui y r\u00e9sident.<\/p>\n<p data-start=\"621\" data-end=\"1089\">L\u2019intensit\u00e9 des vibrations ressenties et le niveau de bruit dans les b\u00e2timents d\u00e9pendent principalement de la distance entre le b\u00e2timent et la voie, mais aussi des conditions du sol : rigidit\u00e9 du sol, densit\u00e9, type de couches de sols et de roches qui le composent, ainsi que de la pr\u00e9sence d\u2019eaux souterraines. Cela d\u00e9pend \u00e9galement de l\u2019\u00e9tat de la structure du b\u00e2timent, de ses dimensions, de la profondeur de fondation, de l\u2019\u00e9tat technique des murs et des planchers.<\/p>\n<p data-start=\"1091\" data-end=\"1726\">Le probl\u00e8me des vibrations est particuli\u00e8rement pr\u00e9gnant dans les villes, dans les zones dens\u00e9ment b\u00e2ties, souvent historiques, dont la construction peut \u00eatre tr\u00e8s sensible aux effets destructeurs des vibrations. Les vibrations constituent une charge suppl\u00e9mentaire pour la structure des ouvrages d\u2019ing\u00e9nierie \u2013 tunnels, ponts, viaducs \u2013 et contribuent \u00e0 la d\u00e9t\u00e9rioration des rev\u00eatements de voies, par exemple en provoquant la d\u00e9gradation de la couche de ballast et une usure acc\u00e9l\u00e9r\u00e9e des rails. En int\u00e9grant des \u00e9l\u00e9ments antivibratoires dans la construction du rev\u00eatement de voie, il est possible de r\u00e9duire efficacement ces impacts.<\/p>\n<p data-start=\"1728\" data-end=\"2212\">Dans une voie classique, l\u2019isolation antivibratoire est assur\u00e9e par les propri\u00e9t\u00e9s absorbantes de la couche de ballast concass\u00e9. Un ballast correctement compact\u00e9 absorbe les vibrations gr\u00e2ce \u00e0 sa masse propre ainsi qu\u2019\u00e0 sa composition h\u00e9t\u00e9rog\u00e8ne et \u00e0 la taille des grains de gravier. Dans le cas d\u2019une construction avec ballast, si l\u2019amortissement offert par la couche de ballast s\u2019av\u00e8re insuffisant, on ajoute en dessous une couche antivibratoire sous forme de tapis de sous-ballast.<\/p>\n<p data-start=\"2214\" data-end=\"2389\">Dans les rev\u00eatements sans ballast, en raison de leur grande rigidit\u00e9, il est n\u00e9cessaire d\u2019utiliser des \u00e9l\u00e9ments antivibratoires, tels que les tapis antivibratoires sous-dalle.<\/p>\n<p data-start=\"2391\" data-end=\"2654\">Les tapis antivibratoires sous-dalle et sous-ballast sont utilis\u00e9s pour r\u00e9duire les vibrations g\u00e9n\u00e9r\u00e9es par le passage des v\u00e9hicules ferroviaires, en augmentant l\u2019\u00e9lasticit\u00e9 du support et en diminuant le niveau de bruit secondaire dans les b\u00e2timents environnants.<\/p>\n<p data-start=\"2656\" data-end=\"3165\">La couche vibroacoustique, sous forme de tapis flexibles int\u00e9gr\u00e9s dans les rev\u00eatements avec ou sans ballast, r\u00e9duit la nuisance des vibrations et du bruit produits par le passage des v\u00e9hicules ferroviaires. L\u2019\u00e9lasticit\u00e9 de ces mat\u00e9riaux augmente la capacit\u00e9 d\u2019absorption du rev\u00eatement, de sorte que les vibrations sont att\u00e9nu\u00e9es d\u00e8s leur origine \u2013 au niveau du contact roue-rail. La couche \u00e9lastique s\u00e9pare les couches rigides, ce qui permet d\u2019interrompre et de perturber le transfert de l\u2019\u00e9nergie vibratoire.<\/p>\n<p data-start=\"3167\" data-end=\"3872\">La couche vibroacoustique peut \u00eatre appliqu\u00e9e \u00e0 plusieurs points de contact des masses. L\u2019augmentation de la masse et la r\u00e9duction de la rigidit\u00e9 des voies constituent ce que l\u2019on appelle un \u00ab syst\u00e8me masse-ressort \u00bb, c\u2019est-\u00e0-dire un syst\u00e8me de masse amortie. Plus l\u2019\u00e9l\u00e9ment \u00e9lastique est plac\u00e9 en profondeur et plus il y a de masse au-dessus, plus l\u2019effet d\u2019amortissement est important. La quantit\u00e9 de masse amortie a une influence d\u00e9terminante sur l\u2019efficacit\u00e9 de l\u2019amortissement des vibrations et du bruit. Le fait de placer un tapis antivibratoire entre le support du rail et les fondations permet que la masse amortie soit constitu\u00e9e par la masse du mat\u00e9riel roulant, des rails et du support de rail.<\/p>\n<p data-start=\"3874\" data-end=\"4497\">Le placement d\u2019un tapis entre la fondation et la sous-structure fait que la masse amortie est constitu\u00e9e par la masse du mat\u00e9riel roulant, des rails, du support de rail et des fondations. Les tapis antivibratoires pos\u00e9s sous la structure du rev\u00eatement de voie augmentent la masse amortie, ce qui am\u00e9liore l\u2019amortissement des vibrations dans les mat\u00e9riaux. L\u2019utilisation de tapis antivibratoires a donc un impact positif sur le confort des passagers voyageant dans les v\u00e9hicules ferroviaires, en r\u00e9duisant les secousses et le bruit, ce qui am\u00e9liore la qualit\u00e9 de vie des habitants vivant \u00e0 proximit\u00e9 des lignes ferroviaires.<\/p>\n<p data-start=\"4499\" data-end=\"5176\" data-is-last-node=\"\">La conception de l\u2019isolation vibratoire des ouvrages d\u2019ing\u00e9nierie n\u00e9cessite la r\u00e9alisation de mesures de vibrations ainsi que des simulations de l\u2019efficacit\u00e9 des solutions propos\u00e9es, accompagn\u00e9es d\u2019une analyse de l\u2019impact des vibrations g\u00e9n\u00e9r\u00e9es par le passage des v\u00e9hicules ferroviaires sur les b\u00e2timents et les personnes qui y r\u00e9sident. Ces analyses, sp\u00e9cifiques \u00e0 chaque ouvrage, confirment leur efficacit\u00e9. Dans ce domaine, une collaboration avec des centres sp\u00e9cialis\u00e9s dans ce type d\u2019analyses est n\u00e9cessaire. Quel que soit le type de rev\u00eatement, la couche antivibratoire doit \u00eatre correctement choisie afin de ne pas augmenter les vibrations, mais plut\u00f4t de les r\u00e9duire.\u00a0\u00bb<\/p>\n<\/div><\/div><\/div><\/div><\/div><\/p>\n","protected":false},"excerpt":{"rendered":"","protected":false},"author":1,"featured_media":1924,"parent":2685,"menu_order":0,"comment_status":"closed","ping_status":"closed","template":"100-width.php","meta":{"footnotes":""},"class_list":["post-2712","page","type-page","status-publish","has-post-thumbnail","hentry"],"yoast_head":"<!-- This site is optimized with the Yoast SEO plugin v27.3 - https:\/\/yoast.com\/product\/yoast-seo-wordpress\/ -->\n<title>Tapis antivibratoires TINES\u00ae - Tines Rail<\/title>\n<meta name=\"robots\" content=\"index, follow, max-snippet:-1, max-image-preview:large, max-video-preview:-1\" \/>\n<link rel=\"canonical\" href=\"https:\/\/tinesrail.com\/fr\/produits-et-systemes\/tapis-antivibratoires-tines\/\" \/>\n<meta property=\"og:locale\" content=\"fr_FR\" \/>\n<meta property=\"og:type\" content=\"article\" \/>\n<meta property=\"og:title\" content=\"Tapis antivibratoires TINES\u00ae - Tines Rail\" \/>\n<meta property=\"og:url\" content=\"https:\/\/tinesrail.com\/fr\/produits-et-systemes\/tapis-antivibratoires-tines\/\" \/>\n<meta property=\"og:site_name\" content=\"Tines Rail\" \/>\n<meta property=\"article:modified_time\" content=\"2025-02-18T19:13:10+00:00\" \/>\n<meta property=\"og:image\" content=\"https:\/\/tinesrail.com\/fr\/wp-content\/uploads\/2021\/05\/mata.png\" \/>\n\t<meta property=\"og:image:width\" content=\"420\" \/>\n\t<meta property=\"og:image:height\" content=\"209\" \/>\n\t<meta property=\"og:image:type\" content=\"image\/png\" \/>\n<meta name=\"twitter:card\" content=\"summary_large_image\" \/>\n<meta name=\"twitter:label1\" content=\"Dur\u00e9e de lecture estim\u00e9e\" \/>\n\t<meta name=\"twitter:data1\" content=\"6 minutes\" \/>\n<script type=\"application\/ld+json\" class=\"yoast-schema-graph\">{\"@context\":\"https:\\\/\\\/schema.org\",\"@graph\":[{\"@type\":\"WebPage\",\"@id\":\"https:\\\/\\\/tinesrail.com\\\/fr\\\/produits-et-systemes\\\/tapis-antivibratoires-tines\\\/\",\"url\":\"https:\\\/\\\/tinesrail.com\\\/fr\\\/produits-et-systemes\\\/tapis-antivibratoires-tines\\\/\",\"name\":\"Tapis antivibratoires TINES\u00ae - Tines Rail\",\"isPartOf\":{\"@id\":\"https:\\\/\\\/tinesrail.com\\\/fr\\\/#website\"},\"primaryImageOfPage\":{\"@id\":\"https:\\\/\\\/tinesrail.com\\\/fr\\\/produits-et-systemes\\\/tapis-antivibratoires-tines\\\/#primaryimage\"},\"image\":{\"@id\":\"https:\\\/\\\/tinesrail.com\\\/fr\\\/produits-et-systemes\\\/tapis-antivibratoires-tines\\\/#primaryimage\"},\"thumbnailUrl\":\"https:\\\/\\\/tinesrail.com\\\/fr\\\/wp-content\\\/uploads\\\/2021\\\/05\\\/mata.png\",\"datePublished\":\"2022-10-06T07:02:16+00:00\",\"dateModified\":\"2025-02-18T19:13:10+00:00\",\"breadcrumb\":{\"@id\":\"https:\\\/\\\/tinesrail.com\\\/fr\\\/produits-et-systemes\\\/tapis-antivibratoires-tines\\\/#breadcrumb\"},\"inLanguage\":\"fr-FR\",\"potentialAction\":[{\"@type\":\"ReadAction\",\"target\":[\"https:\\\/\\\/tinesrail.com\\\/fr\\\/produits-et-systemes\\\/tapis-antivibratoires-tines\\\/\"]}]},{\"@type\":\"ImageObject\",\"inLanguage\":\"fr-FR\",\"@id\":\"https:\\\/\\\/tinesrail.com\\\/fr\\\/produits-et-systemes\\\/tapis-antivibratoires-tines\\\/#primaryimage\",\"url\":\"https:\\\/\\\/tinesrail.com\\\/fr\\\/wp-content\\\/uploads\\\/2021\\\/05\\\/mata.png\",\"contentUrl\":\"https:\\\/\\\/tinesrail.com\\\/fr\\\/wp-content\\\/uploads\\\/2021\\\/05\\\/mata.png\",\"width\":420,\"height\":209},{\"@type\":\"BreadcrumbList\",\"@id\":\"https:\\\/\\\/tinesrail.com\\\/fr\\\/produits-et-systemes\\\/tapis-antivibratoires-tines\\\/#breadcrumb\",\"itemListElement\":[{\"@type\":\"ListItem\",\"position\":1,\"name\":\"Strona g\u0142\u00f3wna\",\"item\":\"https:\\\/\\\/tinesrail.com\\\/fr\\\/\"},{\"@type\":\"ListItem\",\"position\":2,\"name\":\"Produits et syst\u00e8mes\",\"item\":\"https:\\\/\\\/tinesrail.com\\\/fr\\\/produits-et-systemes\\\/\"},{\"@type\":\"ListItem\",\"position\":3,\"name\":\"Tapis antivibratoires TINES\u00ae\"}]},{\"@type\":\"WebSite\",\"@id\":\"https:\\\/\\\/tinesrail.com\\\/fr\\\/#website\",\"url\":\"https:\\\/\\\/tinesrail.com\\\/fr\\\/\",\"name\":\"Tines Rail\",\"description\":\"\",\"publisher\":{\"@id\":\"https:\\\/\\\/tinesrail.com\\\/fr\\\/#organization\"},\"potentialAction\":[{\"@type\":\"SearchAction\",\"target\":{\"@type\":\"EntryPoint\",\"urlTemplate\":\"https:\\\/\\\/tinesrail.com\\\/fr\\\/?s={search_term_string}\"},\"query-input\":{\"@type\":\"PropertyValueSpecification\",\"valueRequired\":true,\"valueName\":\"search_term_string\"}}],\"inLanguage\":\"fr-FR\"},{\"@type\":\"Organization\",\"@id\":\"https:\\\/\\\/tinesrail.com\\\/fr\\\/#organization\",\"name\":\"Tines Rail\",\"url\":\"https:\\\/\\\/tinesrail.com\\\/fr\\\/\",\"logo\":{\"@type\":\"ImageObject\",\"inLanguage\":\"fr-FR\",\"@id\":\"https:\\\/\\\/tinesrail.com\\\/fr\\\/#\\\/schema\\\/logo\\\/image\\\/\",\"url\":\"https:\\\/\\\/tinesrail.com\\\/fr\\\/wp-content\\\/uploads\\\/2021\\\/04\\\/Tines-logo-1.png\",\"contentUrl\":\"https:\\\/\\\/tinesrail.com\\\/fr\\\/wp-content\\\/uploads\\\/2021\\\/04\\\/Tines-logo-1.png\",\"width\":203,\"height\":58,\"caption\":\"Tines Rail\"},\"image\":{\"@id\":\"https:\\\/\\\/tinesrail.com\\\/fr\\\/#\\\/schema\\\/logo\\\/image\\\/\"}}]}<\/script>\n<!-- \/ Yoast SEO plugin. -->","yoast_head_json":{"title":"Tapis antivibratoires TINES\u00ae - Tines Rail","robots":{"index":"index","follow":"follow","max-snippet":"max-snippet:-1","max-image-preview":"max-image-preview:large","max-video-preview":"max-video-preview:-1"},"canonical":"https:\/\/tinesrail.com\/fr\/produits-et-systemes\/tapis-antivibratoires-tines\/","og_locale":"fr_FR","og_type":"article","og_title":"Tapis antivibratoires TINES\u00ae - Tines Rail","og_url":"https:\/\/tinesrail.com\/fr\/produits-et-systemes\/tapis-antivibratoires-tines\/","og_site_name":"Tines Rail","article_modified_time":"2025-02-18T19:13:10+00:00","og_image":[{"width":420,"height":209,"url":"https:\/\/tinesrail.com\/fr\/wp-content\/uploads\/2021\/05\/mata.png","type":"image\/png"}],"twitter_card":"summary_large_image","twitter_misc":{"Dur\u00e9e de lecture estim\u00e9e":"6 minutes"},"schema":{"@context":"https:\/\/schema.org","@graph":[{"@type":"WebPage","@id":"https:\/\/tinesrail.com\/fr\/produits-et-systemes\/tapis-antivibratoires-tines\/","url":"https:\/\/tinesrail.com\/fr\/produits-et-systemes\/tapis-antivibratoires-tines\/","name":"Tapis antivibratoires TINES\u00ae - Tines Rail","isPartOf":{"@id":"https:\/\/tinesrail.com\/fr\/#website"},"primaryImageOfPage":{"@id":"https:\/\/tinesrail.com\/fr\/produits-et-systemes\/tapis-antivibratoires-tines\/#primaryimage"},"image":{"@id":"https:\/\/tinesrail.com\/fr\/produits-et-systemes\/tapis-antivibratoires-tines\/#primaryimage"},"thumbnailUrl":"https:\/\/tinesrail.com\/fr\/wp-content\/uploads\/2021\/05\/mata.png","datePublished":"2022-10-06T07:02:16+00:00","dateModified":"2025-02-18T19:13:10+00:00","breadcrumb":{"@id":"https:\/\/tinesrail.com\/fr\/produits-et-systemes\/tapis-antivibratoires-tines\/#breadcrumb"},"inLanguage":"fr-FR","potentialAction":[{"@type":"ReadAction","target":["https:\/\/tinesrail.com\/fr\/produits-et-systemes\/tapis-antivibratoires-tines\/"]}]},{"@type":"ImageObject","inLanguage":"fr-FR","@id":"https:\/\/tinesrail.com\/fr\/produits-et-systemes\/tapis-antivibratoires-tines\/#primaryimage","url":"https:\/\/tinesrail.com\/fr\/wp-content\/uploads\/2021\/05\/mata.png","contentUrl":"https:\/\/tinesrail.com\/fr\/wp-content\/uploads\/2021\/05\/mata.png","width":420,"height":209},{"@type":"BreadcrumbList","@id":"https:\/\/tinesrail.com\/fr\/produits-et-systemes\/tapis-antivibratoires-tines\/#breadcrumb","itemListElement":[{"@type":"ListItem","position":1,"name":"Strona g\u0142\u00f3wna","item":"https:\/\/tinesrail.com\/fr\/"},{"@type":"ListItem","position":2,"name":"Produits et syst\u00e8mes","item":"https:\/\/tinesrail.com\/fr\/produits-et-systemes\/"},{"@type":"ListItem","position":3,"name":"Tapis antivibratoires TINES\u00ae"}]},{"@type":"WebSite","@id":"https:\/\/tinesrail.com\/fr\/#website","url":"https:\/\/tinesrail.com\/fr\/","name":"Tines Rail","description":"","publisher":{"@id":"https:\/\/tinesrail.com\/fr\/#organization"},"potentialAction":[{"@type":"SearchAction","target":{"@type":"EntryPoint","urlTemplate":"https:\/\/tinesrail.com\/fr\/?s={search_term_string}"},"query-input":{"@type":"PropertyValueSpecification","valueRequired":true,"valueName":"search_term_string"}}],"inLanguage":"fr-FR"},{"@type":"Organization","@id":"https:\/\/tinesrail.com\/fr\/#organization","name":"Tines Rail","url":"https:\/\/tinesrail.com\/fr\/","logo":{"@type":"ImageObject","inLanguage":"fr-FR","@id":"https:\/\/tinesrail.com\/fr\/#\/schema\/logo\/image\/","url":"https:\/\/tinesrail.com\/fr\/wp-content\/uploads\/2021\/04\/Tines-logo-1.png","contentUrl":"https:\/\/tinesrail.com\/fr\/wp-content\/uploads\/2021\/04\/Tines-logo-1.png","width":203,"height":58,"caption":"Tines Rail"},"image":{"@id":"https:\/\/tinesrail.com\/fr\/#\/schema\/logo\/image\/"}}]}},"_links":{"self":[{"href":"https:\/\/tinesrail.com\/fr\/wp-json\/wp\/v2\/pages\/2712","targetHints":{"allow":["GET"]}}],"collection":[{"href":"https:\/\/tinesrail.com\/fr\/wp-json\/wp\/v2\/pages"}],"about":[{"href":"https:\/\/tinesrail.com\/fr\/wp-json\/wp\/v2\/types\/page"}],"author":[{"embeddable":true,"href":"https:\/\/tinesrail.com\/fr\/wp-json\/wp\/v2\/users\/1"}],"replies":[{"embeddable":true,"href":"https:\/\/tinesrail.com\/fr\/wp-json\/wp\/v2\/comments?post=2712"}],"version-history":[{"count":43,"href":"https:\/\/tinesrail.com\/fr\/wp-json\/wp\/v2\/pages\/2712\/revisions"}],"predecessor-version":[{"id":6676,"href":"https:\/\/tinesrail.com\/fr\/wp-json\/wp\/v2\/pages\/2712\/revisions\/6676"}],"up":[{"embeddable":true,"href":"https:\/\/tinesrail.com\/fr\/wp-json\/wp\/v2\/pages\/2685"}],"wp:featuredmedia":[{"embeddable":true,"href":"https:\/\/tinesrail.com\/fr\/wp-json\/wp\/v2\/media\/1924"}],"wp:attachment":[{"href":"https:\/\/tinesrail.com\/fr\/wp-json\/wp\/v2\/media?parent=2712"}],"curies":[{"name":"wp","href":"https:\/\/api.w.org\/{rel}","templated":true}]}}