{"id":2124,"date":"2021-05-12T07:10:32","date_gmt":"2021-05-12T07:10:32","guid":{"rendered":"https:\/\/tinesrail.com\/fr\/?page_id=2124"},"modified":"2025-02-19T15:35:53","modified_gmt":"2025-02-19T17:35:53","slug":"vibrofloor-ii","status":"publish","type":"page","link":"https:\/\/tinesrail.com\/fr\/innovations\/vibrofloor-ii\/","title":{"rendered":"Vibrofloor II"},"content":{"rendered":"<p><div class=\"fusion-fullwidth fullwidth-box fusion-builder-row-1 fusion-flex-container nonhundred-percent-fullwidth non-hundred-percent-height-scrolling\" style=\"--awb-border-radius-top-left:0px;--awb-border-radius-top-right:0px;--awb-border-radius-bottom-right:0px;--awb-border-radius-bottom-left:0px;--awb-padding-top:10px;--awb-padding-bottom:155px;--awb-padding-top-medium:80px;--awb-padding-right-medium:80px;--awb-padding-bottom-medium:80px;--awb-padding-left-medium:80px;--awb-padding-top-small:55px;--awb-padding-right-small:35px;--awb-padding-bottom-small:55px;--awb-padding-left-small:35px;--awb-background-color:#ffffff;--awb-flex-wrap:wrap;\" ><div class=\"fusion-builder-row fusion-row fusion-flex-align-items-stretch fusion-flex-content-wrap\" style=\"max-width:1424.8px;margin-left: calc(-4% \/ 2 );margin-right: calc(-4% \/ 2 );\"><div class=\"fusion-layout-column fusion_builder_column fusion-builder-column-0 fusion_builder_column_1_2 1_2 fusion-flex-column\" style=\"--awb-bg-size:cover;--awb-width-large:50%;--awb-margin-top-large:0px;--awb-spacing-right-large:0px;--awb-margin-bottom-large:0px;--awb-spacing-left-large:3.84%;--awb-width-medium:40%;--awb-order-medium:0;--awb-spacing-right-medium:0px;--awb-spacing-left-medium:4.8%;--awb-width-small:100%;--awb-order-small:0;--awb-spacing-right-small:1.92%;--awb-spacing-left-small:1.92%;\"><div class=\"fusion-column-wrapper lazyload fusion-column-has-shadow fusion-flex-justify-content-flex-start fusion-content-layout-column fusion-empty-column-bg-image fusion-column-has-bg-image\" data-bg-url=\"https:\/\/tinesrail.com\/fr\/wp-content\/uploads\/2021\/05\/posadzka-w-budynku-przemyslowym.jpg\" data-bg=\"https:\/\/tinesrail.com\/fr\/wp-content\/uploads\/2021\/05\/posadzka-w-budynku-przemyslowym.jpg\"><img decoding=\"async\" class=\"fusion-empty-dims-img-placeholder fusion-no-large-visibility fusion-no-medium-visibility\" aria-label=\"posadzka w budynku przemys\u0142owym\" src=\"data:image\/svg+xml,%3Csvg%20xmlns%3D%27http%3A%2F%2Fwww.w3.org%2F2000%2Fsvg%27%20width%3D%271054%27%20height%3D%271134%27%20viewBox%3D%270%200%201054%201134%27%3E%3Crect%20width%3D%271054%27%20height%3D%271134%27%20fill-opacity%3D%220%22%2F%3E%3C%2Fsvg%3E\"><\/div><\/div><div class=\"fusion-layout-column fusion_builder_column fusion-builder-column-1 fusion_builder_column_1_2 1_2 fusion-flex-column info\" style=\"--awb-padding-top:140px;--awb-padding-bottom:140px;--awb-padding-left:150px;--awb-padding-top-medium:40px;--awb-padding-bottom-medium:40px;--awb-padding-left-medium:40px;--awb-padding-top-small:40px;--awb-padding-right-small:40px;--awb-padding-bottom-small:40px;--awb-padding-left-small:40px;--awb-bg-color:#ffffff;--awb-bg-color-hover:#ffffff;--awb-bg-size:cover;--awb-width-large:50%;--awb-margin-top-large:0px;--awb-spacing-right-large:3.84%;--awb-margin-bottom-large:0px;--awb-spacing-left-large:-45px;--awb-width-medium:60%;--awb-order-medium:0;--awb-spacing-right-medium:3.2%;--awb-spacing-left-medium:40px;--awb-width-small:100%;--awb-order-small:0;--awb-spacing-right-small:1.92%;--awb-spacing-left-small:40px;\"><div class=\"fusion-column-wrapper fusion-column-has-shadow fusion-flex-justify-content-flex-start fusion-content-layout-column\"><div class=\"fusion-title title fusion-title-1 fusion-sep-none fusion-title-text fusion-title-size-two\" style=\"--awb-text-color:var(--awb-color5);--awb-margin-top-small:10px;--awb-margin-right-small:0px;--awb-margin-bottom-small:10px;--awb-margin-left-small:0px;--awb-font-size:21px;\"><h2 class=\"fusion-title-heading title-heading-left fusion-responsive-typography-calculated\" style=\"margin:0;font-size:1em;--fontSize:21;--minFontSize:21;line-height:1.2;\">Innovations<\/h2><\/div><div class=\"fusion-title title fusion-title-2 fusion-sep-none fusion-title-text fusion-title-size-three\" style=\"--awb-margin-bottom:30px;--awb-margin-top-small:20px;--awb-margin-right-small:0px;--awb-margin-bottom-small:30px;--awb-margin-left-small:0px;--awb-font-size:57px;\"><h3 class=\"fusion-title-heading title-heading-left fusion-responsive-typography-calculated\" style=\"font-family:&quot;Manrope&quot;;font-style:normal;font-weight:600;margin:0;font-size:1em;--fontSize:57;line-height:1.2;\">Projet Vibrofloor II<\/h3><\/div><div ><a class=\"fusion-button button-flat fusion-button-default-size button-custom fusion-button-default button-1 fusion-button-default-span fusion-button-default-type fusion-no-small-visibility\" style=\"--awb-margin-top:35px;--button_accent_color:#ffffff;--button_accent_hover_color:#ffffff;--button_border_hover_color:#ffffff;--button_gradient_top_color:var(--awb-color5);--button_gradient_bottom_color:var(--awb-color5);--button_gradient_top_color_hover:#000000;--button_gradient_bottom_color_hover:#000000;\" target=\"_self\" href=\"#cel\"><span class=\"fusion-button-text awb-button__text awb-button__text--default\">Voir plus<\/span><i class=\"builder-arrow awb-button__icon awb-button__icon--default button-icon-right\" aria-hidden=\"true\"><\/i><\/a><\/div><\/div><\/div><\/div><\/div><div id=\"cel\" class=\"fusion-container-anchor\"><div class=\"fusion-fullwidth fullwidth-box fusion-builder-row-2 fusion-flex-container has-pattern-background has-mask-background nonhundred-percent-fullwidth non-hundred-percent-height-scrolling\" style=\"--awb-border-radius-top-left:0px;--awb-border-radius-top-right:0px;--awb-border-radius-bottom-right:0px;--awb-border-radius-bottom-left:0px;--awb-padding-right-small:25px;--awb-padding-left-small:25px;--awb-flex-wrap:wrap;\" ><div class=\"fusion-builder-row fusion-row fusion-flex-align-items-flex-start fusion-flex-content-wrap\" style=\"max-width:1424.8px;margin-left: calc(-4% \/ 2 );margin-right: calc(-4% \/ 2 );\"><div class=\"fusion-layout-column fusion_builder_column fusion-builder-column-2 fusion_builder_column_1_1 1_1 fusion-flex-column\" style=\"--awb-bg-size:cover;--awb-width-large:100%;--awb-margin-top-large:0px;--awb-spacing-right-large:1.92%;--awb-margin-bottom-large:20px;--awb-spacing-left-large:1.92%;--awb-width-medium:100%;--awb-order-medium:0;--awb-spacing-right-medium:1.92%;--awb-spacing-left-medium:1.92%;--awb-width-small:100%;--awb-order-small:0;--awb-spacing-right-small:1.92%;--awb-spacing-left-small:1.92%;\"><div class=\"fusion-column-wrapper fusion-column-has-shadow fusion-flex-justify-content-flex-start fusion-content-layout-column\"><div class=\"fusion-text fusion-text-1\"><p><strong>Titre du projet :<\/strong><br \/>\nSyst\u00e8me anti-vibratoire pour sols industriels<\/p>\n<p>Le projet est r\u00e9alis\u00e9 sur la base du contrat POIR.01.01.01-00-1671\/20 dans le cadre du Programme Op\u00e9rationnel \u00ab\u202fD\u00e9veloppement Intelligent 2014-2020\u202f\u00bb, Action 1.1 : Projets de R&amp;D des entreprises, Sous-action 1.1.1 : Recherches industrielles et travaux de d\u00e9veloppement r\u00e9alis\u00e9s par les entreprises.<\/p>\n<p><strong>Objectif du projet :<\/strong><br \/>\nD\u00e9velopper et mettre en \u0153uvre un produit \u2013 des sols industriels \u2013 qui auront la capacit\u00e9 d&rsquo;att\u00e9nuer simultan\u00e9ment les vibrations provenant de sources ext\u00e9rieures (par exemple, tramways, chemins de fer, etc.) et int\u00e9rieures (par exemple, machines).<br \/>\nEn \u00e9liminant les \u00e9missions de vibrations, le produit sous forme de sols industriels sera contr\u00f4l\u00e9 en termes de fl\u00e9chissements admissibles.<\/p>\n<p>Le principal destinataire du projet sera les propri\u00e9taires\/locataires de halls industriels situ\u00e9s \u00e0 proximit\u00e9 des r\u00e9seaux de transport.<\/p>\n<p>Le projet est r\u00e9alis\u00e9 par un consortium scientifique-industriel, compos\u00e9 de :<\/p>\n<ul>\n<li><strong>TINES Rail S.A.<\/strong> \u2013 Leader du consortium<\/li>\n<li><strong>Politechnika Krakowska<\/strong> \u2013 Partenaire scientifique<\/li>\n<\/ul>\n<p><strong>P\u00e9riode de r\u00e9alisation :<\/strong><br \/>\n01.01.2022 \u2013 31.12.2023<\/p>\n<\/div><\/div><\/div><\/div><\/div><\/div><div id=\"aktualnosci\" class=\"fusion-container-anchor\"><div class=\"fusion-fullwidth fullwidth-box fusion-builder-row-3 fusion-flex-container nonhundred-percent-fullwidth non-hundred-percent-height-scrolling\" style=\"--link_hover_color: #00a3df;--link_color: #000000;--awb-border-radius-top-left:0px;--awb-border-radius-top-right:0px;--awb-border-radius-bottom-right:0px;--awb-border-radius-bottom-left:0px;--awb-padding-right-small:22px;--awb-padding-left-small:23px;--awb-flex-wrap:wrap;\" ><div class=\"fusion-builder-row fusion-row fusion-flex-align-items-flex-start fusion-flex-content-wrap\" style=\"max-width:1424.8px;margin-left: calc(-4% \/ 2 );margin-right: calc(-4% \/ 2 );\"><div class=\"fusion-layout-column fusion_builder_column fusion-builder-column-3 fusion_builder_column_1_1 1_1 fusion-flex-column\" style=\"--awb-bg-size:cover;--awb-width-large:100%;--awb-margin-top-large:0px;--awb-spacing-right-large:1.92%;--awb-margin-bottom-large:80px;--awb-spacing-left-large:1.92%;--awb-width-medium:100%;--awb-order-medium:0;--awb-spacing-right-medium:1.92%;--awb-spacing-left-medium:1.92%;--awb-width-small:100%;--awb-order-small:0;--awb-spacing-right-small:1.92%;--awb-spacing-left-small:1.92%;\"><div class=\"fusion-column-wrapper fusion-column-has-shadow fusion-flex-justify-content-flex-start fusion-content-layout-column\"><div class=\"fusion-title title fusion-title-3 fusion-sep-none fusion-title-text fusion-title-size-three\" style=\"--awb-margin-top-small:10px;--awb-margin-right-small:0px;--awb-margin-bottom-small:10px;--awb-margin-left-small:0px;\"><h3 class=\"fusion-title-heading title-heading-left fusion-responsive-typography-calculated\" style=\"margin:0;--fontSize:30;line-height:1.3;\">Actualit\u00e9s<\/h3><\/div><div class=\"fusion-separator fusion-full-width-sep\" style=\"align-self: center;margin-left: auto;margin-right: auto;margin-bottom:10px;width:100%;\"><div class=\"fusion-separator-border sep-double\" style=\"--awb-height:20px;--awb-amount:20px;--awb-sep-color:rgba(255,255,255,0);border-color:rgba(255,255,255,0);border-top-width:1px;border-bottom-width:1px;\"><\/div><\/div><div class=\"fusion-blog-shortcode fusion-blog-shortcode-1 fusion-blog-archive fusion-blog-layout-grid-wrapper fusion-blog-pagination\"><style type=\"text\/css\">.fusion-blog-shortcode-1 .fusion-blog-layout-grid .fusion-post-grid{padding:30px;}.fusion-blog-shortcode-1 .fusion-posts-container{margin-left: -30px !important; margin-right:-30px !important;}<\/style><div class=\"fusion-posts-container fusion-posts-container-pagination fusion-blog-rollover fusion-blog-layout-grid fusion-blog-layout-grid-2 isotope fusion-blog-equal-heights\" data-pages=\"1\" data-grid-col-space=\"60\" style=\"margin: -30px -30px 0;min-height:500px;\"><article id=\"blog-1-post-2133\" class=\"fusion-post-grid post-2133 post type-post status-publish format-standard has-post-thumbnail hentry category-innovations category-vibrafloor-2\">\n<div class=\"fusion-post-wrapper\" style=\"background-color:rgba(255,255,255,1);border:none;\">\n\n\t\t\t<div class=\"fusion-flexslider flexslider fusion-flexslider-loading fusion-post-slideshow\" style=\"border-color:rgba(255,255,255,0);\">\n\t\t<ul class=\"slides\">\n\t\t\t\n\t\t\t\t\t\t\t\t\t\t\t\t\t\t<li><div  class=\"fusion-image-wrapper\" aria-haspopup=\"true\">\n\t\t\t\t<img decoding=\"async\" width=\"1920\" height=\"884\" src=\"https:\/\/tinesrail.com\/fr\/wp-content\/uploads\/2021\/05\/23795463432.jpg\" class=\"attachment-full size-full lazyload wp-post-image\" alt=\"\" srcset=\"data:image\/svg+xml,%3Csvg%20xmlns%3D%27http%3A%2F%2Fwww.w3.org%2F2000%2Fsvg%27%20width%3D%271920%27%20height%3D%27884%27%20viewBox%3D%270%200%201920%20884%27%3E%3Crect%20width%3D%271920%27%20height%3D%27884%27%20fill-opacity%3D%220%22%2F%3E%3C%2Fsvg%3E\" data-orig-src=\"https:\/\/tinesrail.com\/fr\/wp-content\/uploads\/2021\/05\/23795463432.jpg\" data-srcset=\"https:\/\/tinesrail.com\/fr\/wp-content\/uploads\/2021\/05\/23795463432-200x92.jpg 200w, https:\/\/tinesrail.com\/fr\/wp-content\/uploads\/2021\/05\/23795463432-400x184.jpg 400w, https:\/\/tinesrail.com\/fr\/wp-content\/uploads\/2021\/05\/23795463432-600x276.jpg 600w, https:\/\/tinesrail.com\/fr\/wp-content\/uploads\/2021\/05\/23795463432-800x368.jpg 800w, https:\/\/tinesrail.com\/fr\/wp-content\/uploads\/2021\/05\/23795463432-1200x553.jpg 1200w, https:\/\/tinesrail.com\/fr\/wp-content\/uploads\/2021\/05\/23795463432.jpg 1920w\" data-sizes=\"auto\" \/><div class=\"fusion-rollover\">\n\t<div class=\"fusion-rollover-content\">\n\n\t\t\t\t\t\t\t\t\t\t\t\t\t\t<a class=\"fusion-rollover-link\" href=\"https:\/\/tinesrail.com\/fr\/obiekty-przemyslowe-zabezpieczone-innowacyjna-podloga\/\">B\u00e2timents industriels prot\u00e9g\u00e9s par un sol innovant<\/a>\n\t\t\t\n\t\t\t\t\t\t\t\t\t\t\t\t\t\t\n\t\t\t\t\t\t\t\t\n\t\t\t\t\t\t\t\t\t\t\t\t\t<div class=\"fusion-rollover-sep\"><\/div>\n\t\t\t\t\n\t\t\t\t\t\t\t\t\t\t\t\t\t\t\t\t\t\t<a class=\"fusion-rollover-gallery\" href=\"https:\/\/tinesrail.com\/fr\/wp-content\/uploads\/2021\/05\/23795463432.jpg\" data-options=\"\" data-id=\"2133\" data-rel=\"iLightbox[gallery]\" data-title=\"\" data-caption=\"\">\n\t\t\t\t\t\tGallery\t\t\t\t\t<\/a>\n\t\t\t\t\t\t\t\t\t\t\t\t\t\t\n\t\t\n\t\t\t\t\t\t\t\t\n\t\t\t\t\t\t\t\t\n\t\t\n\t\t\t\t\t\t<a class=\"fusion-link-wrapper\" href=\"https:\/\/tinesrail.com\/fr\/obiekty-przemyslowe-zabezpieczone-innowacyjna-podloga\/\" aria-label=\"B\u00e2timents industriels prot\u00e9g\u00e9s par un sol innovant\"><\/a>\n\t<\/div>\n<\/div>\n<\/div>\n<\/li>\n\t\t\t\n\t\t\t\n\t\t\t\t\t\t\t\t\t\t\t\t\t\t\t\t\t\t\t\t\t\t\t\t\t\t\t\t\t\t\t\t\t\t\t\t\t\t\t\t\t\t\t\t\t\t\t\t\t\t\t\t\t\t\t\t\t\t\t\t\t\t\t\t\t\t\t\t<\/ul>\n\t<\/div>\n\t<div class=\"fusion-post-content-wrapper\" style=\"padding:50px 30px 50px 30px;\"><div class=\"fusion-post-content post-content\"><h2 class=\"blog-shortcode-post-title entry-title\"><a href=\"https:\/\/tinesrail.com\/fr\/obiekty-przemyslowe-zabezpieczone-innowacyjna-podloga\/\">B\u00e2timents industriels prot\u00e9g\u00e9s par un sol innovant<\/a><\/h2><p class=\"fusion-single-line-meta\"><span class=\"updated\" style=\"display:none;\">2025-02-19T15:48:04-02:00<\/span><span>10 mars, 2021<\/span><span class=\"fusion-inline-sep\">|<\/span><\/p><div class=\"fusion-content-sep sep-none\"><\/div><div class=\"fusion-post-content-container\"><p> La protection suppl\u00e9mentaire des b\u00e2timents industriels et de leurs [...]<\/p><\/div><\/div><\/div><div class=\"fusion-clearfix\"><\/div><\/div>\n<\/article>\n<div class=\"fusion-clearfix\"><\/div><\/div><\/div><\/div><\/div><\/div><\/div><\/div><div class=\"fusion-fullwidth fullwidth-box fusion-builder-row-4 fusion-flex-container has-pattern-background has-mask-background nonhundred-percent-fullwidth non-hundred-percent-height-scrolling\" style=\"--awb-border-radius-top-left:0px;--awb-border-radius-top-right:0px;--awb-border-radius-bottom-right:0px;--awb-border-radius-bottom-left:0px;--awb-margin-bottom:4%;--awb-background-color:#ffffff;--awb-flex-wrap:wrap;\" ><div class=\"fusion-builder-row fusion-row fusion-flex-align-items-flex-start fusion-flex-content-wrap\" style=\"max-width:1424.8px;margin-left: calc(-4% \/ 2 );margin-right: calc(-4% \/ 2 );\"><div class=\"fusion-layout-column fusion_builder_column fusion-builder-column-4 fusion_builder_column_1_1 1_1 fusion-flex-column\" style=\"--awb-bg-size:cover;--awb-width-large:100%;--awb-margin-top-large:0px;--awb-spacing-right-large:1.92%;--awb-margin-bottom-large:20px;--awb-spacing-left-large:1.92%;--awb-width-medium:100%;--awb-order-medium:0;--awb-spacing-right-medium:1.92%;--awb-spacing-left-medium:1.92%;--awb-width-small:100%;--awb-order-small:0;--awb-spacing-right-small:1.92%;--awb-spacing-left-small:1.92%;\"><div class=\"fusion-column-wrapper fusion-column-has-shadow fusion-flex-justify-content-flex-start fusion-content-layout-column\"><div class=\"fusion-image-element \" style=\"text-align:center;--awb-caption-title-font-family:var(--h2_typography-font-family);--awb-caption-title-font-weight:var(--h2_typography-font-weight);--awb-caption-title-font-style:var(--h2_typography-font-style);--awb-caption-title-size:var(--h2_typography-font-size);--awb-caption-title-transform:var(--h2_typography-text-transform);--awb-caption-title-line-height:var(--h2_typography-line-height);--awb-caption-title-letter-spacing:var(--h2_typography-letter-spacing);\"><span class=\" fusion-imageframe imageframe-none imageframe-1 hover-type-none\"><img decoding=\"async\" width=\"1134\" height=\"148\" src=\"https:\/\/tinesrail.com\/fr\/wp-content\/uploads\/2022\/09\/34204802340.jpg\" data-orig-src=\"https:\/\/tinesrail.com\/fr\/wp-content\/uploads\/2022\/09\/34204802340.jpg\" alt class=\"lazyload img-responsive wp-image-2641\" srcset=\"data:image\/svg+xml,%3Csvg%20xmlns%3D%27http%3A%2F%2Fwww.w3.org%2F2000%2Fsvg%27%20width%3D%271134%27%20height%3D%27148%27%20viewBox%3D%270%200%201134%20148%27%3E%3Crect%20width%3D%271134%27%20height%3D%27148%27%20fill-opacity%3D%220%22%2F%3E%3C%2Fsvg%3E\" data-srcset=\"https:\/\/tinesrail.com\/fr\/wp-content\/uploads\/2022\/09\/34204802340-200x26.jpg 200w, https:\/\/tinesrail.com\/fr\/wp-content\/uploads\/2022\/09\/34204802340-400x52.jpg 400w, https:\/\/tinesrail.com\/fr\/wp-content\/uploads\/2022\/09\/34204802340-600x78.jpg 600w, https:\/\/tinesrail.com\/fr\/wp-content\/uploads\/2022\/09\/34204802340-800x104.jpg 800w, https:\/\/tinesrail.com\/fr\/wp-content\/uploads\/2022\/09\/34204802340.jpg 1134w\" data-sizes=\"auto\" data-orig-sizes=\"(max-width: 640px) 100vw, 1134px\" \/><\/span><\/div><\/div><\/div><\/div><\/div><\/p>\n","protected":false},"excerpt":{"rendered":"","protected":false},"author":1,"featured_media":0,"parent":1707,"menu_order":0,"comment_status":"closed","ping_status":"closed","template":"100-width.php","meta":{"footnotes":""},"class_list":["post-2124","page","type-page","status-publish","hentry"],"yoast_head":"<!-- This site is optimized with the Yoast SEO plugin v27.3 - https:\/\/yoast.com\/product\/yoast-seo-wordpress\/ -->\n<title>Vibrofloor II - Tines Rail<\/title>\n<meta name=\"robots\" content=\"index, follow, max-snippet:-1, max-image-preview:large, max-video-preview:-1\" \/>\n<link rel=\"canonical\" href=\"https:\/\/tinesrail.com\/fr\/innovations\/vibrofloor-ii\/\" \/>\n<meta property=\"og:locale\" content=\"fr_FR\" \/>\n<meta property=\"og:type\" content=\"article\" \/>\n<meta property=\"og:title\" content=\"Vibrofloor II - Tines Rail\" \/>\n<meta property=\"og:url\" content=\"https:\/\/tinesrail.com\/fr\/innovations\/vibrofloor-ii\/\" \/>\n<meta property=\"og:site_name\" content=\"Tines Rail\" \/>\n<meta property=\"article:modified_time\" content=\"2025-02-19T17:35:53+00:00\" \/>\n<meta name=\"twitter:card\" content=\"summary_large_image\" \/>\n<meta name=\"twitter:label1\" content=\"Dur\u00e9e de lecture estim\u00e9e\" \/>\n\t<meta name=\"twitter:data1\" content=\"3 minutes\" \/>\n<script type=\"application\/ld+json\" class=\"yoast-schema-graph\">{\"@context\":\"https:\\\/\\\/schema.org\",\"@graph\":[{\"@type\":\"WebPage\",\"@id\":\"https:\\\/\\\/tinesrail.com\\\/fr\\\/innovations\\\/vibrofloor-ii\\\/\",\"url\":\"https:\\\/\\\/tinesrail.com\\\/fr\\\/innovations\\\/vibrofloor-ii\\\/\",\"name\":\"Vibrofloor II - Tines Rail\",\"isPartOf\":{\"@id\":\"https:\\\/\\\/tinesrail.com\\\/fr\\\/#website\"},\"datePublished\":\"2021-05-12T07:10:32+00:00\",\"dateModified\":\"2025-02-19T17:35:53+00:00\",\"breadcrumb\":{\"@id\":\"https:\\\/\\\/tinesrail.com\\\/fr\\\/innovations\\\/vibrofloor-ii\\\/#breadcrumb\"},\"inLanguage\":\"fr-FR\",\"potentialAction\":[{\"@type\":\"ReadAction\",\"target\":[\"https:\\\/\\\/tinesrail.com\\\/fr\\\/innovations\\\/vibrofloor-ii\\\/\"]}]},{\"@type\":\"BreadcrumbList\",\"@id\":\"https:\\\/\\\/tinesrail.com\\\/fr\\\/innovations\\\/vibrofloor-ii\\\/#breadcrumb\",\"itemListElement\":[{\"@type\":\"ListItem\",\"position\":1,\"name\":\"Strona g\u0142\u00f3wna\",\"item\":\"https:\\\/\\\/tinesrail.com\\\/fr\\\/\"},{\"@type\":\"ListItem\",\"position\":2,\"name\":\"Innovations\",\"item\":\"https:\\\/\\\/tinesrail.com\\\/fr\\\/innovations\\\/\"},{\"@type\":\"ListItem\",\"position\":3,\"name\":\"Vibrofloor II\"}]},{\"@type\":\"WebSite\",\"@id\":\"https:\\\/\\\/tinesrail.com\\\/fr\\\/#website\",\"url\":\"https:\\\/\\\/tinesrail.com\\\/fr\\\/\",\"name\":\"Tines Rail\",\"description\":\"\",\"publisher\":{\"@id\":\"https:\\\/\\\/tinesrail.com\\\/fr\\\/#organization\"},\"potentialAction\":[{\"@type\":\"SearchAction\",\"target\":{\"@type\":\"EntryPoint\",\"urlTemplate\":\"https:\\\/\\\/tinesrail.com\\\/fr\\\/?s={search_term_string}\"},\"query-input\":{\"@type\":\"PropertyValueSpecification\",\"valueRequired\":true,\"valueName\":\"search_term_string\"}}],\"inLanguage\":\"fr-FR\"},{\"@type\":\"Organization\",\"@id\":\"https:\\\/\\\/tinesrail.com\\\/fr\\\/#organization\",\"name\":\"Tines Rail\",\"url\":\"https:\\\/\\\/tinesrail.com\\\/fr\\\/\",\"logo\":{\"@type\":\"ImageObject\",\"inLanguage\":\"fr-FR\",\"@id\":\"https:\\\/\\\/tinesrail.com\\\/fr\\\/#\\\/schema\\\/logo\\\/image\\\/\",\"url\":\"https:\\\/\\\/tinesrail.com\\\/fr\\\/wp-content\\\/uploads\\\/2021\\\/04\\\/Tines-logo-1.png\",\"contentUrl\":\"https:\\\/\\\/tinesrail.com\\\/fr\\\/wp-content\\\/uploads\\\/2021\\\/04\\\/Tines-logo-1.png\",\"width\":203,\"height\":58,\"caption\":\"Tines Rail\"},\"image\":{\"@id\":\"https:\\\/\\\/tinesrail.com\\\/fr\\\/#\\\/schema\\\/logo\\\/image\\\/\"}}]}<\/script>\n<!-- \/ Yoast SEO plugin. -->","yoast_head_json":{"title":"Vibrofloor II - Tines Rail","robots":{"index":"index","follow":"follow","max-snippet":"max-snippet:-1","max-image-preview":"max-image-preview:large","max-video-preview":"max-video-preview:-1"},"canonical":"https:\/\/tinesrail.com\/fr\/innovations\/vibrofloor-ii\/","og_locale":"fr_FR","og_type":"article","og_title":"Vibrofloor II - Tines Rail","og_url":"https:\/\/tinesrail.com\/fr\/innovations\/vibrofloor-ii\/","og_site_name":"Tines Rail","article_modified_time":"2025-02-19T17:35:53+00:00","twitter_card":"summary_large_image","twitter_misc":{"Dur\u00e9e de lecture estim\u00e9e":"3 minutes"},"schema":{"@context":"https:\/\/schema.org","@graph":[{"@type":"WebPage","@id":"https:\/\/tinesrail.com\/fr\/innovations\/vibrofloor-ii\/","url":"https:\/\/tinesrail.com\/fr\/innovations\/vibrofloor-ii\/","name":"Vibrofloor II - Tines Rail","isPartOf":{"@id":"https:\/\/tinesrail.com\/fr\/#website"},"datePublished":"2021-05-12T07:10:32+00:00","dateModified":"2025-02-19T17:35:53+00:00","breadcrumb":{"@id":"https:\/\/tinesrail.com\/fr\/innovations\/vibrofloor-ii\/#breadcrumb"},"inLanguage":"fr-FR","potentialAction":[{"@type":"ReadAction","target":["https:\/\/tinesrail.com\/fr\/innovations\/vibrofloor-ii\/"]}]},{"@type":"BreadcrumbList","@id":"https:\/\/tinesrail.com\/fr\/innovations\/vibrofloor-ii\/#breadcrumb","itemListElement":[{"@type":"ListItem","position":1,"name":"Strona g\u0142\u00f3wna","item":"https:\/\/tinesrail.com\/fr\/"},{"@type":"ListItem","position":2,"name":"Innovations","item":"https:\/\/tinesrail.com\/fr\/innovations\/"},{"@type":"ListItem","position":3,"name":"Vibrofloor II"}]},{"@type":"WebSite","@id":"https:\/\/tinesrail.com\/fr\/#website","url":"https:\/\/tinesrail.com\/fr\/","name":"Tines Rail","description":"","publisher":{"@id":"https:\/\/tinesrail.com\/fr\/#organization"},"potentialAction":[{"@type":"SearchAction","target":{"@type":"EntryPoint","urlTemplate":"https:\/\/tinesrail.com\/fr\/?s={search_term_string}"},"query-input":{"@type":"PropertyValueSpecification","valueRequired":true,"valueName":"search_term_string"}}],"inLanguage":"fr-FR"},{"@type":"Organization","@id":"https:\/\/tinesrail.com\/fr\/#organization","name":"Tines Rail","url":"https:\/\/tinesrail.com\/fr\/","logo":{"@type":"ImageObject","inLanguage":"fr-FR","@id":"https:\/\/tinesrail.com\/fr\/#\/schema\/logo\/image\/","url":"https:\/\/tinesrail.com\/fr\/wp-content\/uploads\/2021\/04\/Tines-logo-1.png","contentUrl":"https:\/\/tinesrail.com\/fr\/wp-content\/uploads\/2021\/04\/Tines-logo-1.png","width":203,"height":58,"caption":"Tines Rail"},"image":{"@id":"https:\/\/tinesrail.com\/fr\/#\/schema\/logo\/image\/"}}]}},"_links":{"self":[{"href":"https:\/\/tinesrail.com\/fr\/wp-json\/wp\/v2\/pages\/2124","targetHints":{"allow":["GET"]}}],"collection":[{"href":"https:\/\/tinesrail.com\/fr\/wp-json\/wp\/v2\/pages"}],"about":[{"href":"https:\/\/tinesrail.com\/fr\/wp-json\/wp\/v2\/types\/page"}],"author":[{"embeddable":true,"href":"https:\/\/tinesrail.com\/fr\/wp-json\/wp\/v2\/users\/1"}],"replies":[{"embeddable":true,"href":"https:\/\/tinesrail.com\/fr\/wp-json\/wp\/v2\/comments?post=2124"}],"version-history":[{"count":12,"href":"https:\/\/tinesrail.com\/fr\/wp-json\/wp\/v2\/pages\/2124\/revisions"}],"predecessor-version":[{"id":6717,"href":"https:\/\/tinesrail.com\/fr\/wp-json\/wp\/v2\/pages\/2124\/revisions\/6717"}],"up":[{"embeddable":true,"href":"https:\/\/tinesrail.com\/fr\/wp-json\/wp\/v2\/pages\/1707"}],"wp:attachment":[{"href":"https:\/\/tinesrail.com\/fr\/wp-json\/wp\/v2\/media?parent=2124"}],"curies":[{"name":"wp","href":"https:\/\/api.w.org\/{rel}","templated":true}]}}