{"id":1968,"date":"2021-05-10T19:54:06","date_gmt":"2021-05-10T19:54:06","guid":{"rendered":"https:\/\/tinesrail.com\/fr\/?page_id=1968"},"modified":"2025-03-17T12:28:20","modified_gmt":"2025-03-17T14:28:20","slug":"tapis-antivibratoires-tines","status":"publish","type":"page","link":"https:\/\/tinesrail.com\/fr\/offre\/tramway\/tapis-antivibratoires-tines\/","title":{"rendered":"Tapis antivibratoires TINES\u00ae"},"content":{"rendered":"<p><div class=\"fusion-fullwidth fullwidth-box fusion-builder-row-1 fusion-flex-container fusion-parallax-none nonhundred-percent-fullwidth non-hundred-percent-height-scrolling lazyload\" style=\"--awb-border-sizes-left:20px;--awb-border-sizes-right:20px;--awb-border-color:var(--awb-color1);--awb-border-radius-top-left:0px;--awb-border-radius-top-right:0px;--awb-border-radius-bottom-right:0px;--awb-border-radius-bottom-left:0px;--awb-padding-top:100px;--awb-padding-right:130px;--awb-padding-bottom:50px;--awb-padding-left:130px;--awb-padding-top-medium:90px;--awb-padding-left-medium:4%;--awb-padding-top-small:100px;--awb-padding-right-small:35px;--awb-padding-bottom-small:35px;--awb-padding-left-small:35px;--awb-margin-top:30px;--awb-margin-bottom:0px;--awb-margin-top-medium:50px;--awb-margin-top-small:50px;--awb-margin-bottom-small:0px;--awb-min-height:calc( 70vh - 90px );--awb-background-size:cover;--awb-flex-wrap:wrap;\" data-bg=\"https:\/\/tinesrail.com\/fr\/wp-content\/uploads\/2021\/05\/Maty-wibroizolacyjne-Tramwaj.jpg\" ><div class=\"fusion-builder-row fusion-row fusion-flex-align-items-center fusion-flex-content-wrap\" style=\"max-width:1424.8px;margin-left: calc(-4% \/ 2 );margin-right: calc(-4% \/ 2 );\"><div class=\"fusion-layout-column fusion_builder_column fusion-builder-column-0 fusion-flex-column\" style=\"--awb-padding-top:49.25px;--awb-padding-right:43.25px;--awb-padding-bottom:6vw;--awb-padding-left:38.25px;--awb-padding-top-small:20px;--awb-padding-right-small:14px;--awb-padding-bottom-small:16px;--awb-padding-left-small:22px;--awb-bg-color:rgba(0,0,0,0.62);--awb-bg-color-hover:rgba(0,0,0,0.62);--awb-bg-size:cover;--awb-width-large:60%;--awb-margin-top-large:0px;--awb-spacing-right-large:3.2%;--awb-margin-bottom-large:0px;--awb-spacing-left-large:3.2%;--awb-width-medium:85%;--awb-order-medium:0;--awb-spacing-right-medium:0px;--awb-margin-bottom-medium:60px;--awb-spacing-left-medium:2.2588235294118%;--awb-width-small:100%;--awb-order-small:0;--awb-spacing-right-small:1.92%;--awb-margin-bottom-small:0px;--awb-spacing-left-small:1.92%;\"><div class=\"fusion-column-wrapper fusion-column-has-shadow fusion-flex-justify-content-flex-start fusion-content-layout-column\"><div class=\"fusion-title title fusion-title-1 fusion-sep-none fusion-title-text fusion-title-size-four\" style=\"--awb-text-color:#ffffff;--awb-margin-top:0px;--awb-margin-bottom:0px;--awb-margin-top-small:10px;--awb-margin-right-small:0px;--awb-margin-bottom-small:10px;--awb-margin-left-small:0px;--awb-font-size:58px;\"><h4 class=\"fusion-title-heading title-heading-left fusion-responsive-typography-calculated\" style=\"margin:0;font-size:1em;--fontSize:58;line-height:1.42;\">Tapis antivibratoires TINES\u00ae<\/h4><\/div><div class=\"fusion-separator\" style=\"align-self: flex-start;margin-right:auto;margin-top:40px;margin-bottom:40px;width:100%;max-width:75px;\"><div class=\"fusion-separator-border sep-single sep-solid\" style=\"--awb-height:20px;--awb-amount:20px;--awb-sep-color:rgba(255,255,255,0.25);border-color:rgba(255,255,255,0.25);border-top-width:4px;\"><\/div><\/div><div class=\"fusion-text fusion-text-1\"><p><span style=\"color: #ffffff;\">Conform\u00e9ment aux exigences actuelles en mati\u00e8re de protection de l&rsquo;environnement dans les zones urbanis\u00e9es, une solution efficace pour prot\u00e9ger l&rsquo;environnement contre les effets n\u00e9fastes des moyens de transport ferroviaire consiste \u00e0 int\u00e9grer dans la structure des r\u00e9seaux de tramway des tapis antivibratoires.<\/span><\/p>\n<\/div><\/div><\/div><\/div><\/div><div class=\"fusion-fullwidth fullwidth-box fusion-builder-row-2 fusion-flex-container nonhundred-percent-fullwidth non-hundred-percent-height-scrolling\" style=\"--awb-border-radius-top-left:0px;--awb-border-radius-top-right:0px;--awb-border-radius-bottom-right:0px;--awb-border-radius-bottom-left:0px;--awb-padding-top:110px;--awb-padding-right:150px;--awb-padding-bottom:150px;--awb-padding-left:150px;--awb-padding-top-medium:80px;--awb-padding-right-medium:60px;--awb-padding-bottom-medium:80px;--awb-padding-left-medium:60px;--awb-padding-right-small:35px;--awb-padding-left-small:35px;--awb-background-color:#ffffff;--awb-flex-wrap:wrap;\" ><div class=\"fusion-builder-row fusion-row fusion-flex-align-items-stretch fusion-flex-content-wrap\" style=\"max-width:calc( 1370px + 60px );margin-left: calc(-60px \/ 2 );margin-right: calc(-60px \/ 2 );\"><div class=\"fusion-layout-column fusion_builder_column fusion-builder-column-1 fusion_builder_column_1_1 1_1 fusion-flex-column fusion-animated\" style=\"--awb-bg-size:cover;--awb-width-large:100%;--awb-margin-top-large:0px;--awb-spacing-right-large:30px;--awb-margin-bottom-large:135px;--awb-spacing-left-large:30px;--awb-width-medium:100%;--awb-order-medium:0;--awb-spacing-right-medium:30px;--awb-margin-bottom-medium:80px;--awb-spacing-left-medium:30px;--awb-width-small:100%;--awb-order-small:0;--awb-spacing-right-small:30px;--awb-margin-bottom-small:55px;--awb-spacing-left-small:30px;\" data-animationType=\"fadeInUp\" data-animationDuration=\"1.0\" data-animationOffset=\"top-into-view\"><div class=\"fusion-column-wrapper fusion-column-has-shadow fusion-flex-justify-content-flex-start fusion-content-layout-column\"><div class=\"fusion-title title fusion-title-2 fusion-sep-none fusion-title-text fusion-title-size-two\" style=\"--awb-margin-top:0px;--awb-margin-top-small:10px;--awb-margin-right-small:0px;--awb-margin-bottom-small:10px;--awb-margin-left-small:0px;--awb-font-size:28px;\"><h2 class=\"fusion-title-heading title-heading-left fusion-responsive-typography-calculated\" style=\"margin:0;font-size:1em;--fontSize:28;line-height:1.4;\">Description de l&rsquo;application<\/h2><\/div><div class=\"fusion-text fusion-text-2\" style=\"--awb-content-alignment:left;\"><div class=\"wpb_text_column wpb_content_element \">\n<div class=\"wpb_wrapper\">\n<div class=\"wpb_text_column wpb_content_element \">\n<div class=\"wpb_wrapper\">\n<p>Dans la pr\u00e9paration de projets de modernisation et de construction d&rsquo;infrastructures de transport ferroviaire, il est essentiel de s\u00e9lectionner de mani\u00e8re optimale des solutions de conception permettant de minimiser l&rsquo;impact des vibrations et du bruit g\u00e9n\u00e9r\u00e9s par le passage des v\u00e9hicules ferroviaires sur l&rsquo;environnement de la ligne. Les propri\u00e9t\u00e9s caract\u00e9risant les tapis antivibratoires, leurs param\u00e8tres mat\u00e9riels, leurs caract\u00e9ristiques fonctionnelles et op\u00e9rationnelles influencent significativement l&rsquo;isolation vibroacoustique, l&rsquo;isolation \u00e9lectrique ainsi que la protection contre les effets n\u00e9gatifs des courants errants sur les b\u00e2timents et les personnes.<\/p>\n<p>TINES dispose d&rsquo;une large gamme de tapis antivibratoires, qui se distinguent par le mat\u00e9riau utilis\u00e9, leurs param\u00e8tres techniques, leur \u00e9paisseur et leur domaine d&rsquo;application. Cela permet d&rsquo;adapter le choix du mat\u00e9riau antivibratoire aux exigences des sp\u00e9cifications techniques, des projets et des analyses de l&rsquo;impact des vibrations sur les b\u00e2timents et les personnes.<\/p>\n<p>L&rsquo;utilisation des tapis antivibratoires TINES\u00ae augmente le confort des passagers voyageant \u00e0 bord des v\u00e9hicules ferroviaires, r\u00e9duit les secousses et le bruit, am\u00e9liorant ainsi le niveau de vie des habitants vivant \u00e0 proximit\u00e9 des lignes de tramway.<\/p>\n<p>Selon l&rsquo;usage pr\u00e9vu des tapis antivibratoires TINES\u00ae, nous distinguons :<\/p>\n<p><strong>Tapis sous-dalle STM<\/strong> (STM &#8211; <em>Slab-Track Mats<\/em>) destin\u00e9s aux rev\u00eatements sans ballast, \u00e0 poser sous une dalle de voie en b\u00e9ton<\/p>\n<\/div>\n<\/div>\n<\/div>\n<\/div>\n<p style=\"text-align: center;\"><img decoding=\"async\" class=\"lazyload alignnone wp-image-3350 size-full\" src=\"https:\/\/tinesrail.com\/fr\/wp-content\/uploads\/2023\/03\/Maty-wibroizolacyjne-podloze-betonowe.jpg\" data-orig-src=\"https:\/\/tinesrail.com\/fr\/wp-content\/uploads\/2023\/03\/Maty-wibroizolacyjne-podloze-betonowe.jpg\" alt=\"Maty wibroizolacyjne podt\u0142uczniowe\/podpodsypkowe SBM uk\u0142adane na pod\u0142o\u017cu betonowym\" width=\"832\" height=\"499\" srcset=\"data:image\/svg+xml,%3Csvg%20xmlns%3D%27http%3A%2F%2Fwww.w3.org%2F2000%2Fsvg%27%20width%3D%27832%27%20height%3D%27499%27%20viewBox%3D%270%200%20832%20499%27%3E%3Crect%20width%3D%27832%27%20height%3D%27499%27%20fill-opacity%3D%220%22%2F%3E%3C%2Fsvg%3E\" data-srcset=\"https:\/\/tinesrail.com\/fr\/wp-content\/uploads\/2023\/03\/Maty-wibroizolacyjne-podloze-betonowe-200x120.jpg 200w, https:\/\/tinesrail.com\/fr\/wp-content\/uploads\/2023\/03\/Maty-wibroizolacyjne-podloze-betonowe-300x180.jpg 300w, https:\/\/tinesrail.com\/fr\/wp-content\/uploads\/2023\/03\/Maty-wibroizolacyjne-podloze-betonowe-400x240.jpg 400w, https:\/\/tinesrail.com\/fr\/wp-content\/uploads\/2023\/03\/Maty-wibroizolacyjne-podloze-betonowe-600x360.jpg 600w, https:\/\/tinesrail.com\/fr\/wp-content\/uploads\/2023\/03\/Maty-wibroizolacyjne-podloze-betonowe-768x461.jpg 768w, https:\/\/tinesrail.com\/fr\/wp-content\/uploads\/2023\/03\/Maty-wibroizolacyjne-podloze-betonowe-800x480.jpg 800w, https:\/\/tinesrail.com\/fr\/wp-content\/uploads\/2023\/03\/Maty-wibroizolacyjne-podloze-betonowe.jpg 832w\" data-sizes=\"auto\" data-orig-sizes=\"(max-width: 832px) 100vw, 832px\" \/><\/p>\n<p style=\"text-align: center;\">Tapis antivibratoires sous-tarmac\/sous-ballast SBM pos\u00e9s sur une base en b\u00e9ton<\/p>\n<p style=\"text-align: center;\"><span style=\"font-size: 10pt;\">\u00a0<\/span><\/p>\n<div class=\"wpb_text_column wpb_content_element \">\n<div class=\"wpb_wrapper\">\n<ul>\n<li style=\"text-align: left;\"><strong>Tapis sous-tarmac\/sous-ballast SBM<\/strong> (SBM \u2013 Sub-Ballast Mats) destin\u00e9s aux rev\u00eatements de voies \u00e0 ballast, \u00e0 poser sous la couche de ballast concass\u00e9<\/li>\n<\/ul>\n<p><img decoding=\"async\" class=\"lazyload wp-image-3349 size-full aligncenter\" src=\"https:\/\/tinesrail.com\/fr\/wp-content\/uploads\/2023\/03\/Maty-wibroizolacyjne-podtluczniowe-podpodsypkowe-SBM.jpg\" data-orig-src=\"https:\/\/tinesrail.com\/fr\/wp-content\/uploads\/2023\/03\/Maty-wibroizolacyjne-podtluczniowe-podpodsypkowe-SBM.jpg\" alt=\"\" width=\"832\" height=\"499\" srcset=\"data:image\/svg+xml,%3Csvg%20xmlns%3D%27http%3A%2F%2Fwww.w3.org%2F2000%2Fsvg%27%20width%3D%27832%27%20height%3D%27499%27%20viewBox%3D%270%200%20832%20499%27%3E%3Crect%20width%3D%27832%27%20height%3D%27499%27%20fill-opacity%3D%220%22%2F%3E%3C%2Fsvg%3E\" data-srcset=\"https:\/\/tinesrail.com\/fr\/wp-content\/uploads\/2023\/03\/Maty-wibroizolacyjne-podtluczniowe-podpodsypkowe-SBM-200x120.jpg 200w, https:\/\/tinesrail.com\/fr\/wp-content\/uploads\/2023\/03\/Maty-wibroizolacyjne-podtluczniowe-podpodsypkowe-SBM-300x180.jpg 300w, https:\/\/tinesrail.com\/fr\/wp-content\/uploads\/2023\/03\/Maty-wibroizolacyjne-podtluczniowe-podpodsypkowe-SBM-400x240.jpg 400w, https:\/\/tinesrail.com\/fr\/wp-content\/uploads\/2023\/03\/Maty-wibroizolacyjne-podtluczniowe-podpodsypkowe-SBM-600x360.jpg 600w, https:\/\/tinesrail.com\/fr\/wp-content\/uploads\/2023\/03\/Maty-wibroizolacyjne-podtluczniowe-podpodsypkowe-SBM-768x461.jpg 768w, https:\/\/tinesrail.com\/fr\/wp-content\/uploads\/2023\/03\/Maty-wibroizolacyjne-podtluczniowe-podpodsypkowe-SBM-800x480.jpg 800w, https:\/\/tinesrail.com\/fr\/wp-content\/uploads\/2023\/03\/Maty-wibroizolacyjne-podtluczniowe-podpodsypkowe-SBM.jpg 832w\" data-sizes=\"auto\" data-orig-sizes=\"(max-width: 832px) 100vw, 832px\" \/><\/p>\n<p style=\"text-align: center;\">Tapis sous-tarmac\/sous-ballast SBM pos\u00e9s sur un sol naturel<\/p>\n<p style=\"text-align: center;\"><strong>\u00a0<\/strong><\/p>\n<div class=\"wpb_text_column wpb_content_element \">\n<p><img decoding=\"async\" class=\"lazyload wp-image-3385 size-full aligncenter\" src=\"https:\/\/tinesrail.com\/fr\/wp-content\/uploads\/2023\/03\/Maty-wibroizolacyjne-na-podlozu-betonowym-Tines.jpg\" data-orig-src=\"https:\/\/tinesrail.com\/fr\/wp-content\/uploads\/2023\/03\/Maty-wibroizolacyjne-na-podlozu-betonowym-Tines.jpg\" alt=\"Maty wibroizolacyjne na pod\u0142o\u017cu betonowym - Tines\" width=\"832\" height=\"499\" srcset=\"data:image\/svg+xml,%3Csvg%20xmlns%3D%27http%3A%2F%2Fwww.w3.org%2F2000%2Fsvg%27%20width%3D%27832%27%20height%3D%27499%27%20viewBox%3D%270%200%20832%20499%27%3E%3Crect%20width%3D%27832%27%20height%3D%27499%27%20fill-opacity%3D%220%22%2F%3E%3C%2Fsvg%3E\" data-srcset=\"https:\/\/tinesrail.com\/fr\/wp-content\/uploads\/2023\/03\/Maty-wibroizolacyjne-na-podlozu-betonowym-Tines-200x120.jpg 200w, https:\/\/tinesrail.com\/fr\/wp-content\/uploads\/2023\/03\/Maty-wibroizolacyjne-na-podlozu-betonowym-Tines-300x180.jpg 300w, https:\/\/tinesrail.com\/fr\/wp-content\/uploads\/2023\/03\/Maty-wibroizolacyjne-na-podlozu-betonowym-Tines-400x240.jpg 400w, https:\/\/tinesrail.com\/fr\/wp-content\/uploads\/2023\/03\/Maty-wibroizolacyjne-na-podlozu-betonowym-Tines-600x360.jpg 600w, https:\/\/tinesrail.com\/fr\/wp-content\/uploads\/2023\/03\/Maty-wibroizolacyjne-na-podlozu-betonowym-Tines-768x461.jpg 768w, https:\/\/tinesrail.com\/fr\/wp-content\/uploads\/2023\/03\/Maty-wibroizolacyjne-na-podlozu-betonowym-Tines-800x480.jpg 800w, https:\/\/tinesrail.com\/fr\/wp-content\/uploads\/2023\/03\/Maty-wibroizolacyjne-na-podlozu-betonowym-Tines.jpg 832w\" data-sizes=\"auto\" data-orig-sizes=\"(max-width: 832px) 100vw, 832px\" \/><\/p>\n<div class=\"wpb_wrapper\">\n<p style=\"text-align: center;\">Tapis sous-tarmac\/sous-ballast SBM pos\u00e9s sur un support en b\u00e9ton<\/p>\n<\/div>\n<\/div>\n<div class=\"wpb_text_column wpb_content_element \">\n<div class=\"wpb_wrapper\">\n<p>En fonction des mat\u00e9riaux utilis\u00e9s et des technologies de fabrication, TINES\u00ae propose\u202f:<\/p>\n<ul>\n<li><strong>TINES<sup>\u00ae<\/sup> Polymat<\/strong> &#8211; tapis fabriqu\u00e9s en composite polyur\u00e9thane,<\/li>\n<li><strong>TINES<sup>\u00ae<\/sup> Rubbermat<\/strong> &#8211; \u00a0tapis fabriqu\u00e9s \u00e0 partir de granulats de caoutchouc avec un liant polyur\u00e9thane.<\/li>\n<\/ul>\n<p><strong>Avantages des tapis antivibratoires TINES\u00ae :<\/strong><\/p>\n<ul>\n<li>Haute \u00e9lasticit\u00e9 et durabilit\u00e9 du mat\u00e9riau,<\/li>\n<li>Haute r\u00e9sistance \u00e0 la fatigue,<\/li>\n<li>R\u00e9sistance aux charges dynamiques prolong\u00e9es,<\/li>\n<li>Excellentes propri\u00e9t\u00e9s \u00e9lastiques,<\/li>\n<li>Excellentes capacit\u00e9s d&rsquo;att\u00e9nuation du bruit et des vibrations,<\/li>\n<li>Protection des rev\u00eatements de voies contre l&rsquo;usure des traverses, des rails et du ballast,<\/li>\n<li>Installation rapide et simple,<\/li>\n<li>R\u00e9sistance \u00e0 l&rsquo;action de l&rsquo;eau, aux hautes temp\u00e9ratures et aux conditions climatiques variables,<\/li>\n<li>Protection de l&rsquo;environnement des voies contre les courants errants,<\/li>\n<li>Garantie d&rsquo;un support continu et stable,<\/li>\n<li>Possibilit\u00e9 d&rsquo;adaptation aux exigences sp\u00e9cifiques du client.<\/li>\n<\/ul>\n<p><strong>Documents :<\/strong><\/p>\n<ul>\n<li>\u00c9valuation Technique Nationale n\u00b0 IK \u2013 KOT -2021\/0137, \u00e9dition 2, d\u00e9livr\u00e9e par l&rsquo;Institut Ferroviaire<\/li>\n<li>Certificat National de Conformit\u00e9 de Production d&rsquo;Usine n\u00b0 202-UWB-523, d\u00e9livr\u00e9 par le CWB<\/li>\n<li>D\u00e9clarations Nationales des Propri\u00e9t\u00e9s d&rsquo;Usage<\/li>\n<li>Fiches Techniques<\/li>\n<\/ul>\n<p>Pour pr\u00e9parer une offre technique-commerciale, veuillez nous contacter \u00e0 <a href=\"mailto:handlowy@tinesrail.com\"><span style=\"color: #00a3df;\">handlowy@tinesrail.com<\/span><\/a><\/p>\n<\/div>\n<\/div>\n<\/div>\n<\/div>\n<\/div><\/div><\/div><\/div><\/div><\/p>\n","protected":false},"excerpt":{"rendered":"","protected":false},"author":1,"featured_media":1970,"parent":1940,"menu_order":0,"comment_status":"closed","ping_status":"closed","template":"100-width.php","meta":{"footnotes":""},"class_list":["post-1968","page","type-page","status-publish","has-post-thumbnail","hentry"],"yoast_head":"<!-- This site is optimized with the Yoast SEO plugin v27.3 - https:\/\/yoast.com\/product\/yoast-seo-wordpress\/ -->\n<title>Tapis antivibratoires TINES\u00ae - Tines Rail<\/title>\n<meta name=\"robots\" content=\"index, follow, max-snippet:-1, max-image-preview:large, max-video-preview:-1\" \/>\n<link rel=\"canonical\" href=\"https:\/\/tinesrail.com\/fr\/offre\/tramway\/tapis-antivibratoires-tines\/\" \/>\n<meta property=\"og:locale\" content=\"fr_FR\" \/>\n<meta property=\"og:type\" content=\"article\" \/>\n<meta property=\"og:title\" content=\"Tapis antivibratoires TINES\u00ae - Tines Rail\" \/>\n<meta property=\"og:url\" content=\"https:\/\/tinesrail.com\/fr\/offre\/tramway\/tapis-antivibratoires-tines\/\" \/>\n<meta property=\"og:site_name\" content=\"Tines Rail\" \/>\n<meta property=\"article:modified_time\" content=\"2025-03-17T14:28:20+00:00\" \/>\n<meta property=\"og:image\" content=\"https:\/\/tinesrail.com\/fr\/wp-content\/uploads\/2021\/05\/Maty-wibroizolacyjne-Tramwaj.jpg\" \/>\n\t<meta property=\"og:image:width\" content=\"1600\" \/>\n\t<meta property=\"og:image:height\" content=\"1000\" \/>\n\t<meta property=\"og:image:type\" content=\"image\/jpeg\" \/>\n<meta name=\"twitter:card\" content=\"summary_large_image\" \/>\n<meta name=\"twitter:label1\" content=\"Dur\u00e9e de lecture estim\u00e9e\" \/>\n\t<meta name=\"twitter:data1\" content=\"4 minutes\" \/>\n<script type=\"application\/ld+json\" class=\"yoast-schema-graph\">{\"@context\":\"https:\\\/\\\/schema.org\",\"@graph\":[{\"@type\":\"WebPage\",\"@id\":\"https:\\\/\\\/tinesrail.com\\\/fr\\\/offre\\\/tramway\\\/tapis-antivibratoires-tines\\\/\",\"url\":\"https:\\\/\\\/tinesrail.com\\\/fr\\\/offre\\\/tramway\\\/tapis-antivibratoires-tines\\\/\",\"name\":\"Tapis antivibratoires TINES\u00ae - Tines Rail\",\"isPartOf\":{\"@id\":\"https:\\\/\\\/tinesrail.com\\\/fr\\\/#website\"},\"primaryImageOfPage\":{\"@id\":\"https:\\\/\\\/tinesrail.com\\\/fr\\\/offre\\\/tramway\\\/tapis-antivibratoires-tines\\\/#primaryimage\"},\"image\":{\"@id\":\"https:\\\/\\\/tinesrail.com\\\/fr\\\/offre\\\/tramway\\\/tapis-antivibratoires-tines\\\/#primaryimage\"},\"thumbnailUrl\":\"https:\\\/\\\/tinesrail.com\\\/fr\\\/wp-content\\\/uploads\\\/2021\\\/05\\\/Maty-wibroizolacyjne-Tramwaj.jpg\",\"datePublished\":\"2021-05-10T19:54:06+00:00\",\"dateModified\":\"2025-03-17T14:28:20+00:00\",\"breadcrumb\":{\"@id\":\"https:\\\/\\\/tinesrail.com\\\/fr\\\/offre\\\/tramway\\\/tapis-antivibratoires-tines\\\/#breadcrumb\"},\"inLanguage\":\"fr-FR\",\"potentialAction\":[{\"@type\":\"ReadAction\",\"target\":[\"https:\\\/\\\/tinesrail.com\\\/fr\\\/offre\\\/tramway\\\/tapis-antivibratoires-tines\\\/\"]}]},{\"@type\":\"ImageObject\",\"inLanguage\":\"fr-FR\",\"@id\":\"https:\\\/\\\/tinesrail.com\\\/fr\\\/offre\\\/tramway\\\/tapis-antivibratoires-tines\\\/#primaryimage\",\"url\":\"https:\\\/\\\/tinesrail.com\\\/fr\\\/wp-content\\\/uploads\\\/2021\\\/05\\\/Maty-wibroizolacyjne-Tramwaj.jpg\",\"contentUrl\":\"https:\\\/\\\/tinesrail.com\\\/fr\\\/wp-content\\\/uploads\\\/2021\\\/05\\\/Maty-wibroizolacyjne-Tramwaj.jpg\",\"width\":1600,\"height\":1000},{\"@type\":\"BreadcrumbList\",\"@id\":\"https:\\\/\\\/tinesrail.com\\\/fr\\\/offre\\\/tramway\\\/tapis-antivibratoires-tines\\\/#breadcrumb\",\"itemListElement\":[{\"@type\":\"ListItem\",\"position\":1,\"name\":\"Strona g\u0142\u00f3wna\",\"item\":\"https:\\\/\\\/tinesrail.com\\\/fr\\\/\"},{\"@type\":\"ListItem\",\"position\":2,\"name\":\"Offre\",\"item\":\"https:\\\/\\\/tinesrail.com\\\/fr\\\/offre\\\/\"},{\"@type\":\"ListItem\",\"position\":3,\"name\":\"Offre pour les r\u00e9seaux de tramway\",\"item\":\"https:\\\/\\\/tinesrail.com\\\/fr\\\/offre\\\/tramway\\\/\"},{\"@type\":\"ListItem\",\"position\":4,\"name\":\"Tapis antivibratoires TINES\u00ae\"}]},{\"@type\":\"WebSite\",\"@id\":\"https:\\\/\\\/tinesrail.com\\\/fr\\\/#website\",\"url\":\"https:\\\/\\\/tinesrail.com\\\/fr\\\/\",\"name\":\"Tines Rail\",\"description\":\"\",\"publisher\":{\"@id\":\"https:\\\/\\\/tinesrail.com\\\/fr\\\/#organization\"},\"potentialAction\":[{\"@type\":\"SearchAction\",\"target\":{\"@type\":\"EntryPoint\",\"urlTemplate\":\"https:\\\/\\\/tinesrail.com\\\/fr\\\/?s={search_term_string}\"},\"query-input\":{\"@type\":\"PropertyValueSpecification\",\"valueRequired\":true,\"valueName\":\"search_term_string\"}}],\"inLanguage\":\"fr-FR\"},{\"@type\":\"Organization\",\"@id\":\"https:\\\/\\\/tinesrail.com\\\/fr\\\/#organization\",\"name\":\"Tines Rail\",\"url\":\"https:\\\/\\\/tinesrail.com\\\/fr\\\/\",\"logo\":{\"@type\":\"ImageObject\",\"inLanguage\":\"fr-FR\",\"@id\":\"https:\\\/\\\/tinesrail.com\\\/fr\\\/#\\\/schema\\\/logo\\\/image\\\/\",\"url\":\"https:\\\/\\\/tinesrail.com\\\/fr\\\/wp-content\\\/uploads\\\/2021\\\/04\\\/Tines-logo-1.png\",\"contentUrl\":\"https:\\\/\\\/tinesrail.com\\\/fr\\\/wp-content\\\/uploads\\\/2021\\\/04\\\/Tines-logo-1.png\",\"width\":203,\"height\":58,\"caption\":\"Tines Rail\"},\"image\":{\"@id\":\"https:\\\/\\\/tinesrail.com\\\/fr\\\/#\\\/schema\\\/logo\\\/image\\\/\"}}]}<\/script>\n<!-- \/ Yoast SEO plugin. -->","yoast_head_json":{"title":"Tapis antivibratoires TINES\u00ae - Tines Rail","robots":{"index":"index","follow":"follow","max-snippet":"max-snippet:-1","max-image-preview":"max-image-preview:large","max-video-preview":"max-video-preview:-1"},"canonical":"https:\/\/tinesrail.com\/fr\/offre\/tramway\/tapis-antivibratoires-tines\/","og_locale":"fr_FR","og_type":"article","og_title":"Tapis antivibratoires TINES\u00ae - Tines Rail","og_url":"https:\/\/tinesrail.com\/fr\/offre\/tramway\/tapis-antivibratoires-tines\/","og_site_name":"Tines Rail","article_modified_time":"2025-03-17T14:28:20+00:00","og_image":[{"width":1600,"height":1000,"url":"https:\/\/tinesrail.com\/fr\/wp-content\/uploads\/2021\/05\/Maty-wibroizolacyjne-Tramwaj.jpg","type":"image\/jpeg"}],"twitter_card":"summary_large_image","twitter_misc":{"Dur\u00e9e de lecture estim\u00e9e":"4 minutes"},"schema":{"@context":"https:\/\/schema.org","@graph":[{"@type":"WebPage","@id":"https:\/\/tinesrail.com\/fr\/offre\/tramway\/tapis-antivibratoires-tines\/","url":"https:\/\/tinesrail.com\/fr\/offre\/tramway\/tapis-antivibratoires-tines\/","name":"Tapis antivibratoires TINES\u00ae - Tines Rail","isPartOf":{"@id":"https:\/\/tinesrail.com\/fr\/#website"},"primaryImageOfPage":{"@id":"https:\/\/tinesrail.com\/fr\/offre\/tramway\/tapis-antivibratoires-tines\/#primaryimage"},"image":{"@id":"https:\/\/tinesrail.com\/fr\/offre\/tramway\/tapis-antivibratoires-tines\/#primaryimage"},"thumbnailUrl":"https:\/\/tinesrail.com\/fr\/wp-content\/uploads\/2021\/05\/Maty-wibroizolacyjne-Tramwaj.jpg","datePublished":"2021-05-10T19:54:06+00:00","dateModified":"2025-03-17T14:28:20+00:00","breadcrumb":{"@id":"https:\/\/tinesrail.com\/fr\/offre\/tramway\/tapis-antivibratoires-tines\/#breadcrumb"},"inLanguage":"fr-FR","potentialAction":[{"@type":"ReadAction","target":["https:\/\/tinesrail.com\/fr\/offre\/tramway\/tapis-antivibratoires-tines\/"]}]},{"@type":"ImageObject","inLanguage":"fr-FR","@id":"https:\/\/tinesrail.com\/fr\/offre\/tramway\/tapis-antivibratoires-tines\/#primaryimage","url":"https:\/\/tinesrail.com\/fr\/wp-content\/uploads\/2021\/05\/Maty-wibroizolacyjne-Tramwaj.jpg","contentUrl":"https:\/\/tinesrail.com\/fr\/wp-content\/uploads\/2021\/05\/Maty-wibroizolacyjne-Tramwaj.jpg","width":1600,"height":1000},{"@type":"BreadcrumbList","@id":"https:\/\/tinesrail.com\/fr\/offre\/tramway\/tapis-antivibratoires-tines\/#breadcrumb","itemListElement":[{"@type":"ListItem","position":1,"name":"Strona g\u0142\u00f3wna","item":"https:\/\/tinesrail.com\/fr\/"},{"@type":"ListItem","position":2,"name":"Offre","item":"https:\/\/tinesrail.com\/fr\/offre\/"},{"@type":"ListItem","position":3,"name":"Offre pour les r\u00e9seaux de tramway","item":"https:\/\/tinesrail.com\/fr\/offre\/tramway\/"},{"@type":"ListItem","position":4,"name":"Tapis antivibratoires TINES\u00ae"}]},{"@type":"WebSite","@id":"https:\/\/tinesrail.com\/fr\/#website","url":"https:\/\/tinesrail.com\/fr\/","name":"Tines Rail","description":"","publisher":{"@id":"https:\/\/tinesrail.com\/fr\/#organization"},"potentialAction":[{"@type":"SearchAction","target":{"@type":"EntryPoint","urlTemplate":"https:\/\/tinesrail.com\/fr\/?s={search_term_string}"},"query-input":{"@type":"PropertyValueSpecification","valueRequired":true,"valueName":"search_term_string"}}],"inLanguage":"fr-FR"},{"@type":"Organization","@id":"https:\/\/tinesrail.com\/fr\/#organization","name":"Tines Rail","url":"https:\/\/tinesrail.com\/fr\/","logo":{"@type":"ImageObject","inLanguage":"fr-FR","@id":"https:\/\/tinesrail.com\/fr\/#\/schema\/logo\/image\/","url":"https:\/\/tinesrail.com\/fr\/wp-content\/uploads\/2021\/04\/Tines-logo-1.png","contentUrl":"https:\/\/tinesrail.com\/fr\/wp-content\/uploads\/2021\/04\/Tines-logo-1.png","width":203,"height":58,"caption":"Tines Rail"},"image":{"@id":"https:\/\/tinesrail.com\/fr\/#\/schema\/logo\/image\/"}}]}},"_links":{"self":[{"href":"https:\/\/tinesrail.com\/fr\/wp-json\/wp\/v2\/pages\/1968","targetHints":{"allow":["GET"]}}],"collection":[{"href":"https:\/\/tinesrail.com\/fr\/wp-json\/wp\/v2\/pages"}],"about":[{"href":"https:\/\/tinesrail.com\/fr\/wp-json\/wp\/v2\/types\/page"}],"author":[{"embeddable":true,"href":"https:\/\/tinesrail.com\/fr\/wp-json\/wp\/v2\/users\/1"}],"replies":[{"embeddable":true,"href":"https:\/\/tinesrail.com\/fr\/wp-json\/wp\/v2\/comments?post=1968"}],"version-history":[{"count":31,"href":"https:\/\/tinesrail.com\/fr\/wp-json\/wp\/v2\/pages\/1968\/revisions"}],"predecessor-version":[{"id":6914,"href":"https:\/\/tinesrail.com\/fr\/wp-json\/wp\/v2\/pages\/1968\/revisions\/6914"}],"up":[{"embeddable":true,"href":"https:\/\/tinesrail.com\/fr\/wp-json\/wp\/v2\/pages\/1940"}],"wp:featuredmedia":[{"embeddable":true,"href":"https:\/\/tinesrail.com\/fr\/wp-json\/wp\/v2\/media\/1970"}],"wp:attachment":[{"href":"https:\/\/tinesrail.com\/fr\/wp-json\/wp\/v2\/media?parent=1968"}],"curies":[{"name":"wp","href":"https:\/\/api.w.org\/{rel}","templated":true}]}}